{"id":41742,"date":"2025-11-25T13:22:53","date_gmt":"2025-11-25T10:22:53","guid":{"rendered":"https:\/\/candanmezili.com\/?page_id=41742"},"modified":"2025-11-25T13:29:47","modified_gmt":"2025-11-25T10:29:47","slug":"gesichtstypen","status":"publish","type":"page","link":"https:\/\/candanmezili.com\/de\/gesichtstypen\/","title":{"rendered":"Gesichtstypen"},"content":{"rendered":"<p><img decoding=\"async\" src=\"https:\/\/candanmezili.com\/wp-content\/uploads\/2025\/11\/Yuz-Tipleri.jpg\" alt=\"\" width=\"1600\" height=\"900\" title=\"\"><\/p>\n<p>Gesichtstypen sind morphologische Strukturen, die nach Form und Proportionsmerkmalen des Gesichts klassifiziert werden; diese Klassifizierung ist f\u00fcr die \u00e4sthetische Analyse und die klinische Bewertung von Bedeutung. Jeder Typ bietet anhand der Gewebeverteilung und der strukturellen Proportionen unterschiedliche diagnostische Hinweise.<\/p>\n<p>Die Merkmale des ovalen Gesichtstyps werden durch ausgewogene Proportionen und weiche Konturen definiert und gelten in \u00e4sthetischen Anwendungen als die harmonischste Gesichtsform. Bei diesem Typ besteht eine nat\u00fcrliche Symmetrie zwischen Stirn, Wangenknochen und Kieferlinie.<\/p>\n<p>Die Kriterien der quadratischen Gesichtsform sind durch eine breite Kieferlinie und einen ausgepr\u00e4gten mandibul\u00e4ren Winkel gekennzeichnet. Diese Struktur erfordert eine sorgf\u00e4ltige Analyse der Muskel- und Knochenverh\u00e4ltnisse bei der Planung von Volumen- oder Weichzeichnungsbehandlungen.<\/p>\n<p>Die Parameter des runden Gesichtstyps werden durch ein volles Wangenbereich und eine geringe Gesichtsh\u00f6he definiert. Behandlungen zur Betonung der Kontur basieren bei diesem Typ auf einer genauen Analyse der Volumensteuerung und Gewebeverteilung.<\/p>\n<div id=\"ez-toc-container\" class=\"ez-toc-v2_0_82_2 counter-hierarchy ez-toc-counter ez-toc-custom ez-toc-container-direction\">\n<div class=\"ez-toc-title-container\">\n<p class=\"ez-toc-title\" style=\"cursor:inherit\">Inhaltsverzeichnis<\/p>\n<span class=\"ez-toc-title-toggle\"><a href=\"#\" class=\"ez-toc-pull-right ez-toc-btn ez-toc-btn-xs ez-toc-btn-default ez-toc-toggle\" aria-label=\"Toggle Table of Content\"><span class=\"ez-toc-js-icon-con\"><span class=\"\"><span class=\"eztoc-hide\" style=\"display:none;\">Toggle<\/span><span class=\"ez-toc-icon-toggle-span\"><svg style=\"fill: #ffffff;color:#ffffff\" xmlns=\"http:\/\/www.w3.org\/2000\/svg\" class=\"list-377408\" width=\"20px\" height=\"20px\" viewBox=\"0 0 24 24\" fill=\"none\"><path d=\"M6 6H4v2h2V6zm14 0H8v2h12V6zM4 11h2v2H4v-2zm16 0H8v2h12v-2zM4 16h2v2H4v-2zm16 0H8v2h12v-2z\" fill=\"currentColor\"><\/path><\/svg><svg style=\"fill: #ffffff;color:#ffffff\" class=\"arrow-unsorted-368013\" xmlns=\"http:\/\/www.w3.org\/2000\/svg\" width=\"10px\" height=\"10px\" viewBox=\"0 0 24 24\" version=\"1.2\" baseProfile=\"tiny\"><path d=\"M18.2 9.3l-6.2-6.3-6.2 6.3c-.2.2-.3.4-.3.7s.1.5.3.7c.2.2.4.3.7.3h11c.3 0 .5-.1.7-.3.2-.2.3-.5.3-.7s-.1-.5-.3-.7zM5.8 14.7l6.2 6.3 6.2-6.3c.2-.2.3-.5.3-.7s-.1-.5-.3-.7c-.2-.2-.4-.3-.7-.3h-11c-.3 0-.5.1-.7.3-.2.2-.3.5-.3.7s.1.5.3.7z\"\/><\/svg><\/span><\/span><\/span><\/a><\/span><\/div>\n<nav><ul class='ez-toc-list ez-toc-list-level-1 ' ><li class='ez-toc-page-1 ez-toc-heading-level-2'><a class=\"ez-toc-link ez-toc-heading-1\" href=\"https:\/\/candanmezili.com\/de\/gesichtstypen\/#Ovales_Gesicht\" >Ovales Gesicht<\/a><\/li><li class='ez-toc-page-1 ez-toc-heading-level-2'><a class=\"ez-toc-link ez-toc-heading-2\" href=\"https:\/\/candanmezili.com\/de\/gesichtstypen\/#Rundes_Gesicht\" >Rundes Gesicht<\/a><\/li><li class='ez-toc-page-1 ez-toc-heading-level-2'><a class=\"ez-toc-link ez-toc-heading-3\" href=\"https:\/\/candanmezili.com\/de\/gesichtstypen\/#Quadratisches_Gesicht\" >Quadratisches Gesicht<\/a><\/li><li class='ez-toc-page-1 ez-toc-heading-level-2'><a class=\"ez-toc-link ez-toc-heading-4\" href=\"https:\/\/candanmezili.com\/de\/gesichtstypen\/#Rechteckiges_Langes_Gesicht\" >Rechteckiges (Langes) Gesicht<\/a><\/li><li class='ez-toc-page-1 ez-toc-heading-level-2'><a class=\"ez-toc-link ez-toc-heading-5\" href=\"https:\/\/candanmezili.com\/de\/gesichtstypen\/#Herzfoermiges_Gesicht\" >Herzf\u00f6rmiges Gesicht<\/a><\/li><li class='ez-toc-page-1 ez-toc-heading-level-2'><a class=\"ez-toc-link ez-toc-heading-6\" href=\"https:\/\/candanmezili.com\/de\/gesichtstypen\/#Dreieckiges_Gesicht\" >Dreieckiges Gesicht<\/a><\/li><li class='ez-toc-page-1 ez-toc-heading-level-2'><a class=\"ez-toc-link ez-toc-heading-7\" href=\"https:\/\/candanmezili.com\/de\/gesichtstypen\/#Diamantfoermiges_Gesicht\" >Diamantf\u00f6rmiges Gesicht<\/a><\/li><\/ul><\/nav><\/div>\n<h2><span class=\"ez-toc-section\" id=\"Ovales_Gesicht\"><\/span>Ovales Gesicht<span class=\"ez-toc-section-end\"><\/span><\/h2>\n<p>Das ovale Gesicht ist eine Gesichtsform mit ausgewogenen Proportionen und wird klassisch als ideal angesehen. Zwischen Stirn, Wangenknochen und Kieferlinie gibt es weiche \u00dcberg\u00e4nge; die Gesichtsl\u00e4nge ist etwas gr\u00f6\u00dfer als die Breite. Menschen mit diesem Gesichtstyp harmonieren in der Regel mit den meisten Frisuren und Make-up-Stilen. Das ovale Gesicht repr\u00e4sentiert Symmetrie und Ausgewogenheit in der \u00c4sthetik.<\/p>\n<h2><span class=\"ez-toc-section\" id=\"Rundes_Gesicht\"><\/span>Rundes Gesicht<span class=\"ez-toc-section-end\"><\/span><\/h2>\n<p>Das runde Gesicht ist eine Gesichtsform, bei der Breite und L\u00e4nge \u00e4hnlich sind und die Konturen weich verlaufen. Es ist durch ausgepr\u00e4gte Wangenknochen und volle Wangen gekennzeichnet; die Kieferlinie ist nicht scharf, sondern eher abgerundet. Es vermittelt oft ein jugendliches und weiches Erscheinungsbild. Bei diesem Gesichtstyp sind die Gesichtsz\u00fcge eher geschwungen als kantig.<\/p>\n<h2><span class=\"ez-toc-section\" id=\"Quadratisches_Gesicht\"><\/span>Quadratisches Gesicht<span class=\"ez-toc-section-end\"><\/span><\/h2>\n<p>Das quadratische Gesicht ist eine Gesichtsform, die durch eine breite Stirn, eine ausgepr\u00e4gte Kieferlinie und breiten Wangenknochen definiert ist. Die L\u00e4nge und Breite des Gesichts sind oft \u00e4hnlich. Die Kieferstruktur ist stark und kantig, was dem Gesicht einen markanten und scharfen Ausdruck verleihen kann. Das quadratische Gesicht weist oft charakteristische und auff\u00e4llige Merkmale auf.<\/p>\n<h2><span class=\"ez-toc-section\" id=\"Rechteckiges_Langes_Gesicht\"><\/span>Rechteckiges (Langes) Gesicht<span class=\"ez-toc-section-end\"><\/span><\/h2>\n<p>Das rechteckige oder lange Gesicht ist eine Form, bei der die Gesichtsl\u00e4nge deutlich gr\u00f6\u00dfer als die Breite ist, wobei eine lange und ausgewogene Struktur entsteht. Stirn, Wangenknochen und Kieferlinie haben meist \u00e4hnliche Breite. Bei diesem Typ ist der Abstand zwischen Stirn und Kinn lang, und die Gesichtsz\u00fcge sind schmal und definiert. Es vermittelt meist ein elegantes Aussehen, doch in einigen F\u00e4llen k\u00f6nnen volumin\u00f6se Frisuren zur Harmonisierung bevorzugt werden.<\/p>\n<h2><span class=\"ez-toc-section\" id=\"Herzfoermiges_Gesicht\"><\/span>Herzf\u00f6rmiges Gesicht<span class=\"ez-toc-section-end\"><\/span><\/h2>\n<p>Das herzf\u00f6rmige Gesicht wird durch eine breite Stirn, ausgepr\u00e4gte Wangenknochen und ein schmales, spitz zulaufendes Kinn definiert. Das Gesicht verj\u00fcngt sich von oben nach unten und bildet eine weiche und feminine Silhouette. Aufmerksamkeit ziehen h\u00e4ufig die Augen und der Stirnbereich auf sich. Bei diesem Gesichtstyp kann durch Frisuren und Make-up, die den Stirnbereich weicher erscheinen lassen, ein harmonisches Gesamtbild erzielt werden.<\/p>\n<h2><span class=\"ez-toc-section\" id=\"Dreieckiges_Gesicht\"><\/span>Dreieckiges Gesicht<span class=\"ez-toc-section-end\"><\/span><\/h2>\n<p>Das dreieckige Gesicht ist eine Form, die durch eine schmale Stirn und eine breite Kieferlinie gekennzeichnet ist. Diese Struktur erweitert sich von der Stirn zum Kinn und bietet \u2014 anders als die umgekehrte Herzform \u2014 ein st\u00e4rker betontes unteres Gesichtsdrittel. Der Kieferknochen ist ausgepr\u00e4gt, w\u00e4hrend die Stirn schmaler ist. Dieser Typ kann gut mit Frisuren harmonieren, die dem oberen Bereich mehr Volumen verleihen.<\/p>\n<h2><span class=\"ez-toc-section\" id=\"Diamantfoermiges_Gesicht\"><\/span>Diamantf\u00f6rmiges Gesicht<span class=\"ez-toc-section-end\"><\/span><\/h2>\n<p>Das diamantf\u00f6rmige Gesicht ist ein Typ, bei dem Stirn und Kieferlinie schmal sind, w\u00e4hrend die Wangenknochen breit und markant hervortreten. Die Gesichtsz\u00fcge sind kantig und scharf, was ein auff\u00e4lliges und definiertes Erscheinungsbild schafft. Die Wangenknochen sind meist der breiteste Punkt des Gesichts. Dieser Typ kann von Frisuren und Make-up-Stilen profitieren, die Stirn und Kinn weicher wirken lassen, um Balance zu schaffen.<\/p>\n","protected":false},"excerpt":{"rendered":"<p>Gesichtstypen sind morphologische Strukturen, die nach Form und Proportionsmerkmalen des Gesichts klassifiziert werden; diese Klassifizierung ist f\u00fcr die \u00e4sthetische Analyse und die klinische Bewertung von Bedeutung. Jeder Typ bietet anhand der Gewebeverteilung und der strukturellen Proportionen unterschiedliche diagnostische Hinweise. Die Merkmale des ovalen Gesichtstyps werden durch ausgewogene Proportionen und weiche Konturen definiert und gelten in [&#8230;]\n","protected":false},"author":2,"featured_media":41714,"parent":0,"menu_order":0,"comment_status":"closed","ping_status":"closed","template":"page-blank-title-center.php","meta":{"inline_featured_image":false,"footnotes":""},"class_list":["post-41742","page","type-page","status-publish","has-post-thumbnail","hentry"],"_links":{"self":[{"href":"https:\/\/candanmezili.com\/de\/wp-json\/wp\/v2\/pages\/41742","targetHints":{"allow":["GET"]}}],"collection":[{"href":"https:\/\/candanmezili.com\/de\/wp-json\/wp\/v2\/pages"}],"about":[{"href":"https:\/\/candanmezili.com\/de\/wp-json\/wp\/v2\/types\/page"}],"author":[{"embeddable":true,"href":"https:\/\/candanmezili.com\/de\/wp-json\/wp\/v2\/users\/2"}],"replies":[{"embeddable":true,"href":"https:\/\/candanmezili.com\/de\/wp-json\/wp\/v2\/comments?post=41742"}],"version-history":[{"count":2,"href":"https:\/\/candanmezili.com\/de\/wp-json\/wp\/v2\/pages\/41742\/revisions"}],"predecessor-version":[{"id":41744,"href":"https:\/\/candanmezili.com\/de\/wp-json\/wp\/v2\/pages\/41742\/revisions\/41744"}],"wp:featuredmedia":[{"embeddable":true,"href":"https:\/\/candanmezili.com\/de\/wp-json\/wp\/v2\/media\/41714"}],"wp:attachment":[{"href":"https:\/\/candanmezili.com\/de\/wp-json\/wp\/v2\/media?parent=41742"}],"curies":[{"name":"wp","href":"https:\/\/api.w.org\/{rel}","templated":true}]}}