{"id":5134,"date":"2019-10-16T07:36:05","date_gmt":"2019-10-16T04:36:05","guid":{"rendered":"https:\/\/candanmezili.com\/?page_id=4510"},"modified":"2024-10-25T14:15:25","modified_gmt":"2024-10-25T11:15:25","slug":"eingebetteter-penis","status":"publish","type":"page","link":"https:\/\/candanmezili.com\/de\/sonstige-operationen\/eingebetteter-penis\/","title":{"rendered":"Eingebetteter Penis Kosten &#038; Bewertungen in der Izmir, T\u00fcrkei"},"content":{"rendered":"<div class=\"row\"  id=\"row-1063939539\">\n\t<div id=\"col-1546116161\" class=\"col medium-12 small-12 large-12\"  >\n\t\t\t\t<div class=\"col-inner\"  >\n\t\t\t\n\t\t\t\t<div class=\"img has-hover x md-x lg-x y md-y lg-y\" id=\"image_1391994549\">\n\t\t\t\t\t\t\t\t<div class=\"img-inner dark\" >\n\t\t\t<img decoding=\"async\" width=\"720\" height=\"350\" src=\"https:\/\/candanmezili.com\/wp-content\/uploads\/2020\/03\/gomulu-penis-gizli-penis-2-1.jpg\" class=\"attachment-full size-full\" alt=\"\" srcset=\"https:\/\/candanmezili.com\/wp-content\/uploads\/2020\/03\/gomulu-penis-gizli-penis-2-1.jpg 720w, https:\/\/candanmezili.com\/wp-content\/uploads\/2020\/03\/gomulu-penis-gizli-penis-2-1-300x146.png 300w\" sizes=\"(max-width: 720px) 100vw, 720px\" title=\"\">\t\t\t\t\t\t\n\t\t\t\t\t<\/div>\n\t\t\t\t\t\t\t\t\n<style>\n#image_1391994549 {\n  width: 100%;\n}\n<\/style>\n\t<\/div>\n\t\t\t<\/div>\n\t\t\t\t\t<\/div>\n\n\t\n\t<div id=\"col-1304742648\" class=\"col medium-12 small-12 large-12\"  >\n\t\t\t\t<div class=\"col-inner\"  >\n\t\t\t\n\t\t\tDer eingebettete Penis, auch bekannt als der versteckte Penis, ist ein h\u00e4ufiges Problem unter M\u00e4nnern.<\/p>\n<p>Obwohl es in der Regel h\u00e4ufiger bei Menschen mit \u00dcbergewicht, Es kann bei schwachen Menschen gefunden werden.<\/p>\n<p>Abnehmen korrigiert das Problem der eingebetteten Penisse leider nicht. Um dieses Problem zu l\u00f6sen, ist es erforderlich, eingebettete Peniskorrektur Chirurgie haben. Im Falle des eingebetteten Penis erscheint das Penisgewebe sehr wenig oder introvertiert im Ruhezustand. Ihre Penisgr\u00f6\u00dfe ist normal in Erektionen oder Penisse erscheinen mit Erektionen.<\/p>\n\t\t<\/div>\n\t\t\t\t\t<\/div>\n\n\t<\/div><div class=\"row\"  id=\"row-578785925\">\n\t<div id=\"col-1251936246\" class=\"col medium-12 small-12 large-12\"  >\n\t\t\t\t<div class=\"col-inner\"  >\n\t\t\t\n\t\t\t\n<p>Eingebettete Penis-Patienten gelten meist f\u00fcr Penisvergr\u00f6\u00dferung Chirurgie. Allerdings m\u00fcssen diese Patienten eingebettete Peniskorrektur Chirurgie haben.<\/p>\n<p>Eingebettete Peniskorrektur Operationen sind umfassendere Operationen als Penisvergr\u00f6\u00dferung. Daher k\u00f6nnen die Erholungs- und R\u00fcckgabezeiten etwas l\u00e4nger sein.<\/p>\n<p>F\u00fcr weitere Informationen \u00fcber eingebettete Peniskorrektur, <a href=\"http:\/\/www.penisbuyutme.net\" target=\"_blank\" rel=\"noopener\">www.penisbuyutme.net<\/a> oder kontaktieren Sie uns.<\/p>\n<h2 style=\"text-align: center;\">Unsere Zertifikate<\/h2>\n\t\t<\/div>\n\t\t\t\t\t<\/div>\n\n\t\n\n\t<div id=\"col-2146458254\" class=\"col medium-3 small-6 large-3\"  >\n\t\t\t\t<div class=\"col-inner\"  >\n\t\t\t\n\t\t\t\n\t<div class=\"img has-hover x md-x lg-x y md-y lg-y\" id=\"image_1373428787\">\n\t\t\t\t\t\t\t\t<div class=\"img-inner dark\" >\n\t\t\t<img decoding=\"async\" width=\"500\" height=\"200\" src=\"https:\/\/candanmezili.com\/wp-content\/uploads\/2022\/08\/bakanlik-1.png\" class=\"attachment-large size-large\" alt=\"\" srcset=\"https:\/\/candanmezili.com\/wp-content\/uploads\/2022\/08\/bakanlik-1.png 500w, https:\/\/candanmezili.com\/wp-content\/uploads\/2022\/08\/bakanlik-1-300x120.png 300w\" sizes=\"(max-width: 500px) 100vw, 500px\" title=\"\">\t\t\t\t\t\t\n\t\t\t\t\t<\/div>\n\t\t\t\t\t\t\t\t\n<style>\n#image_1373428787 {\n  width: 100%;\n}\n<\/style>\n\t<\/div>\n\t\n\t\t<\/div>\n\t\t\t\t\t<\/div>\n\n\t\n\n\t<div id=\"col-1813855797\" class=\"col medium-3 small-6 large-3\"  >\n\t\t\t\t<div class=\"col-inner\"  >\n\t\t\t\n\t\t\t\n\t<div class=\"img has-hover x md-x lg-x y md-y lg-y\" id=\"image_661268495\">\n\t\t\t\t\t\t\t\t<div class=\"img-inner dark\" >\n\t\t\t<img decoding=\"async\" width=\"500\" height=\"200\" src=\"https:\/\/candanmezili.com\/wp-content\/uploads\/2022\/08\/isaps-1.png\" class=\"attachment-large size-large\" alt=\"\" srcset=\"https:\/\/candanmezili.com\/wp-content\/uploads\/2022\/08\/isaps-1.png 500w, https:\/\/candanmezili.com\/wp-content\/uploads\/2022\/08\/isaps-1-300x120.png 300w\" sizes=\"(max-width: 500px) 100vw, 500px\" title=\"\">\t\t\t\t\t\t\n\t\t\t\t\t<\/div>\n\t\t\t\t\t\t\t\t\n<style>\n#image_661268495 {\n  width: 100%;\n}\n<\/style>\n\t<\/div>\n\t\n\t\t<\/div>\n\t\t\t\t\t<\/div>\n\n\t\n\n\t<div id=\"col-81717439\" class=\"col medium-3 small-6 large-3\"  >\n\t\t\t\t<div class=\"col-inner\"  >\n\t\t\t\n\t\t\t\n\t<div class=\"img has-hover x md-x lg-x y md-y lg-y\" id=\"image_447883563\">\n\t\t\t\t\t\t\t\t<div class=\"img-inner dark\" >\n\t\t\t<img decoding=\"async\" width=\"500\" height=\"200\" src=\"https:\/\/candanmezili.com\/wp-content\/uploads\/2022\/08\/jci-1.png\" class=\"attachment-large size-large\" alt=\"\" srcset=\"https:\/\/candanmezili.com\/wp-content\/uploads\/2022\/08\/jci-1.png 500w, https:\/\/candanmezili.com\/wp-content\/uploads\/2022\/08\/jci-1-300x120.png 300w\" sizes=\"(max-width: 500px) 100vw, 500px\" title=\"\">\t\t\t\t\t\t\n\t\t\t\t\t<\/div>\n\t\t\t\t\t\t\t\t\n<style>\n#image_447883563 {\n  width: 100%;\n}\n<\/style>\n\t<\/div>\n\t\n\t\t<\/div>\n\t\t\t\t\t<\/div>\n\n\t\n\n\t<div id=\"col-551351380\" class=\"col medium-3 small-6 large-3\"  >\n\t\t\t\t<div class=\"col-inner\"  >\n\t\t\t\n\t\t\t\n\t<div class=\"img has-hover x md-x lg-x y md-y lg-y\" id=\"image_452771599\">\n\t\t\t\t\t\t\t\t<div class=\"img-inner dark\" >\n\t\t\t<img decoding=\"async\" width=\"500\" height=\"200\" src=\"https:\/\/candanmezili.com\/wp-content\/uploads\/2022\/08\/dernek-1.png\" class=\"attachment-large size-large\" alt=\"\" srcset=\"https:\/\/candanmezili.com\/wp-content\/uploads\/2022\/08\/dernek-1.png 500w, https:\/\/candanmezili.com\/wp-content\/uploads\/2022\/08\/dernek-1-300x120.png 300w\" sizes=\"(max-width: 500px) 100vw, 500px\" title=\"\">\t\t\t\t\t\t\n\t\t\t\t\t<\/div>\n\t\t\t\t\t\t\t\t\n<style>\n#image_452771599 {\n  width: 100%;\n}\n<\/style>\n\t<\/div>\n\t\n\t\t<\/div>\n\t\t\t\t\t<\/div>\n\n\t\n<\/div>\n","protected":false},"excerpt":{"rendered":"","protected":false},"author":2,"featured_media":38413,"parent":5131,"menu_order":0,"comment_status":"closed","ping_status":"closed","template":"","meta":{"inline_featured_image":false,"footnotes":""},"class_list":["post-5134","page","type-page","status-publish","has-post-thumbnail","hentry"],"_links":{"self":[{"href":"https:\/\/candanmezili.com\/de\/wp-json\/wp\/v2\/pages\/5134","targetHints":{"allow":["GET"]}}],"collection":[{"href":"https:\/\/candanmezili.com\/de\/wp-json\/wp\/v2\/pages"}],"about":[{"href":"https:\/\/candanmezili.com\/de\/wp-json\/wp\/v2\/types\/page"}],"author":[{"embeddable":true,"href":"https:\/\/candanmezili.com\/de\/wp-json\/wp\/v2\/users\/2"}],"replies":[{"embeddable":true,"href":"https:\/\/candanmezili.com\/de\/wp-json\/wp\/v2\/comments?post=5134"}],"version-history":[{"count":4,"href":"https:\/\/candanmezili.com\/de\/wp-json\/wp\/v2\/pages\/5134\/revisions"}],"predecessor-version":[{"id":39091,"href":"https:\/\/candanmezili.com\/de\/wp-json\/wp\/v2\/pages\/5134\/revisions\/39091"}],"up":[{"embeddable":true,"href":"https:\/\/candanmezili.com\/de\/wp-json\/wp\/v2\/pages\/5131"}],"wp:featuredmedia":[{"embeddable":true,"href":"https:\/\/candanmezili.com\/de\/wp-json\/wp\/v2\/media\/38413"}],"wp:attachment":[{"href":"https:\/\/candanmezili.com\/de\/wp-json\/wp\/v2\/media?parent=5134"}],"curies":[{"name":"wp","href":"https:\/\/api.w.org\/{rel}","templated":true}]}}