{"id":5135,"date":"2017-07-14T09:28:29","date_gmt":"2017-07-14T06:28:29","guid":{"rendered":"https:\/\/candanmezili.com\/?page_id=2483"},"modified":"2025-03-25T12:49:44","modified_gmt":"2025-03-25T09:49:44","slug":"sekundaere-revisions-nasenkorrektur","status":"publish","type":"page","link":"https:\/\/candanmezili.com\/de\/nasenkorrektur\/sekundaere-revisions-nasenkorrektur\/","title":{"rendered":"Revision Nasen-OP in der T\u00fcrkei"},"content":{"rendered":"<div class=\"row\"  id=\"row-741753253\">\n\n\t<div id=\"col-1150288698\" class=\"col small-12 large-12\"  >\n\t\t\t\t<div class=\"col-inner\"  >\n\t\t\t\n\t\t\t\n\t<div class=\"img has-hover x md-x lg-x y md-y lg-y\" id=\"image_762135847\">\n\t\t\t\t\t\t\t\t<div class=\"img-inner dark\" >\n\t\t\t<img decoding=\"async\" width=\"1200\" height=\"675\" src=\"https:\/\/candanmezili.com\/wp-content\/uploads\/2022\/06\/a2-2.jpg\" class=\"attachment-full size-full\" alt=\"\" srcset=\"https:\/\/candanmezili.com\/wp-content\/uploads\/2022\/06\/a2-2.jpg 1200w, https:\/\/candanmezili.com\/wp-content\/uploads\/2022\/06\/a2-2-300x169.jpg 300w, https:\/\/candanmezili.com\/wp-content\/uploads\/2022\/06\/a2-2-1024x576.jpg 1024w, https:\/\/candanmezili.com\/wp-content\/uploads\/2022\/06\/a2-2-768x432.jpg 768w\" sizes=\"(max-width: 1200px) 100vw, 1200px\" title=\"\">\t\t\t\t\t\t\n\t\t\t\t\t<\/div>\n\t\t\t\t\t\t\t\t\n<style>\n#image_762135847 {\n  width: 100%;\n}\n<\/style>\n\t<\/div>\n\t\n\t\t<\/div>\n\t\t\t\t\t<\/div>\n\n\t\n\n\t<div id=\"col-1406023026\" class=\"col small-12 large-12\"  >\n\t\t\t\t<div class=\"col-inner\"  >\n\t\t\t\n\t\t\t\n<p><span style=\"font-weight: 400;\">Izmir geh\u00f6rt zu den g\u00fcnstigsten und idealen St\u00e4dten f\u00fcr Touristen, die f\u00fcr eine <strong>Revisions-Nasenkorrektur in die T\u00fcrkei<\/strong> reisen.<\/span><\/p>\n<p><span style=\"font-weight: 400;\">Eine der bekanntesten Einrichtungen in izmir f\u00fcr Revisions-Nasenkorrekturen ist die Candan Mezili-Klinik. <\/span><span style=\"font-weight: 400;\">Hier finden Sie alle Informationen, die Sie \u00fcber die Revisions-Nasenkorrektur in Izmir ben\u00f6tigen, einschlie\u00dflich Bewertungen fr\u00fcherer Kunden, Preisinformationen und Vorher-Nachher-Bilder. <\/span><\/p>\n<p><span style=\"font-weight: 400;\">F\u00fcr <strong>Revisions-Rhinoplastik Pakete in der T\u00fcrkei<\/strong> kontaktieren Sie uns \u00fcber die unten aufgef\u00fchrten Methoden oder \u00fcber WhatsApp.<\/span><\/p>\n\t\t<\/div>\n\t\t\t\t\t<\/div>\n\n\t\n<\/div>\n<div class=\"row\"  id=\"row-119895656\">\n\n\t<div id=\"col-1752943815\" class=\"col small-12 large-12\"  >\n\t\t\t\t<div class=\"col-inner\"  >\n\t\t\t\n\t\t\t\n<p><span data-sheets-root=\"1\">\n\t<section class=\"section\" id=\"section_199861295\">\n\t\t<div class=\"section-bg fill\" >\n\t\t\t\t\t\t\t\t\t\n\t\t\t\n\n\t\t<\/div>\n\n\t\t\n\n\t\t<div class=\"section-content relative\">\n\t\t\t\r\n\r\n<div class=\"row\"  id=\"row-398199909\">\r\n\r\n\n\t<div id=\"col-1896173169\" class=\"col small-12 large-12\"  >\n\t\t\t\t<div class=\"col-inner dark\" style=\"background-color:#004e7b;\" >\n\t\t\t\n\t\t\t\r\n\r\n<div class=\"row\"  id=\"row-1829463666\">\r\n\r\n\n\t<div id=\"col-1102896227\" class=\"col medium-5 small-12 large-5\"  >\n\t\t\t\t<div class=\"col-inner\"  >\n\t\t\t\n\t\t\t\r\n\r\n\t<div class=\"img has-hover border-gorsel x md-x lg-x y md-y lg-y\" id=\"image_777276073\">\n\t\t\t\t\t\t\t\t<div class=\"img-inner dark\" >\n\t\t\t<img decoding=\"async\" width=\"1500\" height=\"1531\" src=\"https:\/\/candanmezili.com\/wp-content\/uploads\/2022\/07\/candanweb.jpg\" class=\"attachment-2048x2048 size-2048x2048\" alt=\"\" srcset=\"https:\/\/candanmezili.com\/wp-content\/uploads\/2022\/07\/candanweb.jpg 1500w, https:\/\/candanmezili.com\/wp-content\/uploads\/2022\/07\/candanweb-294x300.jpg 294w, https:\/\/candanmezili.com\/wp-content\/uploads\/2022\/07\/candanweb-1003x1024.jpg 1003w, https:\/\/candanmezili.com\/wp-content\/uploads\/2022\/07\/candanweb-768x784.jpg 768w\" sizes=\"(max-width: 1500px) 100vw, 1500px\" title=\"\">\t\t\t\t\t\t\n\t\t\t\t\t<\/div>\n\t\t\t\t\t\t\t\t\n<style>\n#image_777276073 {\n  width: 100%;\n}\n<\/style>\n\t<\/div>\n\t\r\n\r\n\r\n\t\t<\/div>\n\t\t\t\t\t<\/div>\n\n\t\r\n\n\t<div id=\"col-97745619\" class=\"col medium-7 small-12 large-7\"  >\n\t\t\t\t<div class=\"col-inner\"  >\n\t\t\t\n\t\t\t\r\n\r\n\t<div id=\"text-3958251554\" class=\"text\">\n\t\t\r\n\r\n<p><span style=\"font-size: 75%;\">Izmir Plastische und \u00c4sthetische Chirurgie<\/span><br \/><span style=\"font-size: 150%;\"><strong>Op. Dr. Candan Mezili<\/strong><\/span><\/p>\r\n\t\t\n<style>\n#text-3958251554 {\n  font-size: 1rem;\n}\n@media (min-width:550px) {\n  #text-3958251554 {\n    font-size: 1.5rem;\n  }\n}\n<\/style>\n\t<\/div>\n\t\r\n\t<div id=\"text-94233593\" class=\"text\">\n\t\t\r\n\r\n<p>Ich habe 2005 die Medizinische Fakult\u00e4t der Universit\u00e4t Ankara abgeschlossen und im selben Jahr meine Facharztausbildung f\u00fcr Plastische, \u00c4sthetische und Rekonstruktive Chirurgie an der Medizinischen Fakult\u00e4t der Universit\u00e4t Ege begonnen. Die M\u00f6glichkeit, Formen zu ver\u00e4ndern und Kreativit\u00e4t einzusetzen, war der wichtigste Grund, warum ich mich f\u00fcr dieses Fach entschieden habe. W\u00e4hrend meiner Facharztausbildung hatte ich die Gelegenheit, zahlreiche Operationen mit vielen gesch\u00e4tzten Professoren durchzuf\u00fchren. Derzeit arbeite ich in meiner eigenen Klinik in Izmir.<\/p>\r\n\t\t\n<style>\n#text-94233593 {\n  text-align: left;\n}\n<\/style>\n\t<\/div>\n\t\r\n<a href=\"https:\/\/candanmezili.com\/de\/uber-mich\/\" class=\"button white is-small lowercase\" style=\"border-radius:10px;\">\n\t\t<span>\u00dcber mich<\/span>\n\t<i class=\"icon-angle-right\" aria-hidden=\"true\"><\/i><\/a>\n\r\n\r\n<a href=\"https:\/\/api.whatsapp.com\/send\/?phone=905334008240\" class=\"button white is-small lowercase\" style=\"border-radius:10px;\" target=\"_blank\" rel=\"noopener\">\n\t\t<span>WhatsApp<\/span>\n\t<i class=\"icon-whatsapp\" aria-hidden=\"true\"><\/i><\/a>\n\r\n\r\n<div class=\"social-icons follow-icons homepage-icon\" ><a href=\"https:\/\/www.facebook.com\/opdrcandanmezili\/\" target=\"_blank\" data-label=\"Facebook\" class=\"icon button circle is-outline tooltip facebook\" title=\"Auf Facebook folgen\" aria-label=\"Auf Facebook folgen\" rel=\"noopener nofollow\"><i class=\"icon-facebook\" aria-hidden=\"true\"><\/i><\/a><a href=\"https:\/\/www.instagram.com\/drcandanmezili\/\" target=\"_blank\" data-label=\"Instagram\" class=\"icon button circle is-outline tooltip instagram\" title=\"Auf Instagram folgen\" aria-label=\"Auf Instagram folgen\" rel=\"noopener nofollow\"><i class=\"icon-instagram\" aria-hidden=\"true\"><\/i><\/a><a href=\"mailto:info@candanmezili.com\" data-label=\"E-mail\" target=\"_blank\" class=\"icon button circle is-outline tooltip email\" title=\"Sende uns eine E-Mail\" aria-label=\"Sende uns eine E-Mail\" rel=\"nofollow noopener\"><i class=\"icon-envelop\" aria-hidden=\"true\"><\/i><\/a><a href=\"tel:+90 533 400 82 40\" data-label=\"Phone\" target=\"_blank\" class=\"icon button circle is-outline tooltip phone\" title=\"Rufe uns an\" aria-label=\"Rufe uns an\" rel=\"nofollow noopener\"><i class=\"icon-phone\" aria-hidden=\"true\"><\/i><\/a><a href=\"https:\/\/www.youtube.com\/@CandanMezili\/\" data-label=\"YouTube\" target=\"_blank\" class=\"icon button circle is-outline tooltip youtube\" title=\"Auf YouTube folgen\" aria-label=\"Auf YouTube folgen\" rel=\"noopener nofollow\"><i class=\"icon-youtube\" aria-hidden=\"true\"><\/i><\/a><\/div>\r\n\r\n\r\n\t\t<\/div>\n\t\t\t\t\t<\/div>\n\n\t\r\n\r\n<\/div>\r\n\r\n\t\t<\/div>\n\t\t\t\t\n<style>\n#col-1896173169 > .col-inner {\n  padding: 30px 15px 1px 15px;\n  margin: 0px 0px -20px 0px;\n  border-radius: 20px;\n}\n@media (min-width:550px) {\n  #col-1896173169 > .col-inner {\n    padding: 30px 30px 1px 30px;\n  }\n}\n<\/style>\n\t<\/div>\n\n\t\r\n\r\n<\/div>\r\n\r\n\t\t<\/div>\n\n\t\t\n<style>\n#section_199861295 {\n  padding-top: 30px;\n  padding-bottom: 30px;\n}\n<\/style>\n\t<\/section>\n\t\r\n<\/span><\/p>\n<div id=\"ez-toc-container\" class=\"ez-toc-v2_0_82_2 counter-hierarchy ez-toc-counter ez-toc-custom ez-toc-container-direction\">\n<div class=\"ez-toc-title-container\">\n<p class=\"ez-toc-title\" style=\"cursor:inherit\">Inhaltsverzeichnis<\/p>\n<span class=\"ez-toc-title-toggle\"><a href=\"#\" class=\"ez-toc-pull-right ez-toc-btn ez-toc-btn-xs ez-toc-btn-default ez-toc-toggle\" aria-label=\"Toggle Table of Content\"><span class=\"ez-toc-js-icon-con\"><span class=\"\"><span class=\"eztoc-hide\" style=\"display:none;\">Toggle<\/span><span class=\"ez-toc-icon-toggle-span\"><svg style=\"fill: #ffffff;color:#ffffff\" xmlns=\"http:\/\/www.w3.org\/2000\/svg\" class=\"list-377408\" width=\"20px\" height=\"20px\" viewBox=\"0 0 24 24\" fill=\"none\"><path d=\"M6 6H4v2h2V6zm14 0H8v2h12V6zM4 11h2v2H4v-2zm16 0H8v2h12v-2zM4 16h2v2H4v-2zm16 0H8v2h12v-2z\" fill=\"currentColor\"><\/path><\/svg><svg style=\"fill: #ffffff;color:#ffffff\" class=\"arrow-unsorted-368013\" xmlns=\"http:\/\/www.w3.org\/2000\/svg\" width=\"10px\" height=\"10px\" viewBox=\"0 0 24 24\" version=\"1.2\" baseProfile=\"tiny\"><path d=\"M18.2 9.3l-6.2-6.3-6.2 6.3c-.2.2-.3.4-.3.7s.1.5.3.7c.2.2.4.3.7.3h11c.3 0 .5-.1.7-.3.2-.2.3-.5.3-.7s-.1-.5-.3-.7zM5.8 14.7l6.2 6.3 6.2-6.3c.2-.2.3-.5.3-.7s-.1-.5-.3-.7c-.2-.2-.4-.3-.7-.3h-11c-.3 0-.5.1-.7.3-.2.2-.3.5-.3.7s.1.5.3.7z\"\/><\/svg><\/span><\/span><\/span><\/a><\/span><\/div>\n<nav><ul class='ez-toc-list ez-toc-list-level-1 ' ><li class='ez-toc-page-1 ez-toc-heading-level-2'><a class=\"ez-toc-link ez-toc-heading-1\" href=\"https:\/\/candanmezili.com\/de\/nasenkorrektur\/sekundaere-revisions-nasenkorrektur\/#Von_wem_sollten_Sie_die_sekundaere_Nasenkorrektur_durchfuehren_lassen\" >Von wem sollten Sie die sekund\u00e4re Nasenkorrektur durchf\u00fchren lassen?<\/a><\/li><li class='ez-toc-page-1 ez-toc-heading-level-2'><a class=\"ez-toc-link ez-toc-heading-2\" href=\"https:\/\/candanmezili.com\/de\/nasenkorrektur\/sekundaere-revisions-nasenkorrektur\/#Warum_Revisionsnasenkorrektur_OP_in_Tuerkei\" >Warum Revisionsnasenkorrektur OP in T\u00fcrkei?<\/a><\/li><li class='ez-toc-page-1 ez-toc-heading-level-2'><a class=\"ez-toc-link ez-toc-heading-3\" href=\"https:\/\/candanmezili.com\/de\/nasenkorrektur\/sekundaere-revisions-nasenkorrektur\/#Wie_teuer_ist_eine_Revisionsnasenaesthetik_in_der_Izmir_Tuerkei\" >Wie teuer ist eine Revisionsnasen\u00e4sthetik in der Izmir, T\u00fcrkei?<\/a><\/li><li class='ez-toc-page-1 ez-toc-heading-level-2'><a class=\"ez-toc-link ez-toc-heading-4\" href=\"https:\/\/candanmezili.com\/de\/nasenkorrektur\/sekundaere-revisions-nasenkorrektur\/#Ist_die_Revision_Nasen-OP_in_der_Tuerkei_sicher\" >Ist die Revision Nasen-OP in der T\u00fcrkei sicher?<\/a><\/li><li class='ez-toc-page-1 ez-toc-heading-level-2'><a class=\"ez-toc-link ez-toc-heading-5\" href=\"https:\/\/candanmezili.com\/de\/nasenkorrektur\/sekundaere-revisions-nasenkorrektur\/#Warum_ist_die_Tuerkei_fuer_Revision_Nasen-OP_so_guenstig\" >Warum ist die T\u00fcrkei f\u00fcr Revision Nasen-OP so g\u00fcnstig?<\/a><\/li><li class='ez-toc-page-1 ez-toc-heading-level-2'><a class=\"ez-toc-link ez-toc-heading-6\" href=\"https:\/\/candanmezili.com\/de\/nasenkorrektur\/sekundaere-revisions-nasenkorrektur\/#Verfahren_der_Revision_Nasen-OP\" >Verfahren der Revision Nasen-OP<\/a><\/li><li class='ez-toc-page-1 ez-toc-heading-level-2'><a class=\"ez-toc-link ez-toc-heading-7\" href=\"https:\/\/candanmezili.com\/de\/nasenkorrektur\/sekundaere-revisions-nasenkorrektur\/#Erfahrungen\" >Erfahrungen<\/a><\/li><li class='ez-toc-page-1 ez-toc-heading-level-2'><a class=\"ez-toc-link ez-toc-heading-8\" href=\"https:\/\/candanmezili.com\/de\/nasenkorrektur\/sekundaere-revisions-nasenkorrektur\/#Unsere_Zertifikate\" >Unsere Zertifikate<\/a><\/li><\/ul><\/nav><\/div>\n<h2><span class=\"ez-toc-section\" id=\"Von_wem_sollten_Sie_die_sekundaere_Nasenkorrektur_durchfuehren_lassen\"><\/span><strong>Von wem sollten Sie die sekund\u00e4re Nasenkorrektur durchf\u00fchren lassen?<\/strong><span class=\"ez-toc-section-end\"><\/span><\/h2>\n<table dir=\"ltr\" style=\"width: 99.616%; height: 270px;\" border=\"1\" cellspacing=\"0\" cellpadding=\"0\">\n<colgroup>\n<col width=\"525\" \/>\n<col width=\"525\" \/><\/colgroup>\n<tbody>\n<tr>\n<td style=\"text-align: center;\" colspan=\"2\" rowspan=\"1\" data-sheets-value=\"{\"><strong>Behandlungsdetails<\/strong><\/td>\n<\/tr>\n<tr>\n<td data-sheets-value=\"{\"><strong>Betrieb<\/strong><\/td>\n<td data-sheets-value=\"{\">Revision Nasen\u00e4sthetik Izmir<\/td>\n<\/tr>\n<tr>\n<td data-sheets-value=\"{\"><strong>Verfahren<\/strong><\/td>\n<td data-sheets-value=\"{\">\n<div>\n<div>Es handelt sich um eine Korrekturoperation, die an Personen durchgef\u00fchrt wird, die zuvor eine Nasenoperation hatten.<\/div>\n<\/div>\n<\/td>\n<\/tr>\n<tr>\n<td data-sheets-value=\"{\"><strong>Betriebszeit<\/strong><\/td>\n<td data-sheets-value=\"{\">2-4 Stunden<\/td>\n<\/tr>\n<tr>\n<td data-sheets-value=\"{\"><strong>Dauer des Krankenhausaufenthalts<\/strong><\/td>\n<td data-sheets-value=\"{\">1 Nacht<\/td>\n<\/tr>\n<tr>\n<td data-sheets-value=\"{\"><strong>An\u00e4sthesie<\/strong><\/td>\n<td data-sheets-value=\"{\">Vollnarkose<\/td>\n<\/tr>\n<tr>\n<td data-sheets-value=\"{\"><strong>Fr\u00fche Erholungsphase<\/strong><\/td>\n<td data-sheets-value=\"{\">7 Tage<\/td>\n<\/tr>\n<tr>\n<td data-sheets-value=\"{\"><strong>Zur\u00fcck an die Arbeit<\/strong><\/td>\n<td data-sheets-value=\"{\">7 Tage<\/td>\n<\/tr>\n<tr>\n<td data-sheets-value=\"{\"><strong>Narben<\/strong><\/td>\n<td data-sheets-value=\"{\">Sehr klein<\/td>\n<\/tr>\n<tr>\n<td data-sheets-value=\"{\"><strong>Menge an Schmerz<\/strong><\/td>\n<td data-sheets-value=\"{\">Licht<\/td>\n<\/tr>\n<\/tbody>\n<\/table>\n<p>Wenn Sie mit dem Ergebnis von Nasenkorrektur zufrieden sind und nur sehr kleine Korrekturen ben\u00f6tigen, ist dies ein einfacher Revisionsprozess.<\/p>\n<p>Es ist von Vorteil, Ihre Revision von dem Arzt durchf\u00fchren zu lassen, die Sie zuvor operiert hat. Weil dieser Arzt, Sie zuvor schon erfolgreich operiert hat und mit Ihrem Gewebe vertraut ist.<\/p>\n<p>Wenn Sie jedoch zuvor an einer Nasenkorrektur operiert wurden und seri\u00f6se <em>Deformationen und Probleme<\/em> haben oder Ihre Nase zu k\u00fcnstlich aussieht, ist es nicht ratsam, sich denselben Arzt, der Sie operiert hat, zu entscheiden.<\/p>\n<p><strong>Sekund\u00e4re nasale \u00c4sthetik Operationen (Revision Rhinoplastik)<\/strong> sind eine technische Herausforderung. Wenn Sie sich also f\u00fcr diese Operation entscheiden, ist die Wahl des Chirurgen sehr wichtig.<\/p>\n<h2><span class=\"ez-toc-section\" id=\"Warum_Revisionsnasenkorrektur_OP_in_Tuerkei\"><\/span>Warum Revisionsnasenkorrektur OP in T\u00fcrkei?<span class=\"ez-toc-section-end\"><\/span><\/h2>\n<p><span style=\"font-weight: 400;\">Bei Patienten, die mit den Ergebnissen eines fr\u00fcheren Verfahrens unzufrieden sind, kann eine Revisions -Nasenkorrektur erforderlich sein<\/span><\/p>\n<p><span style=\"font-weight: 400;\">Die Erholung von der <strong>Revisionsnasenoperation<\/strong> ist der einer anf\u00e4nglichen Operation sehr \u00e4hnlich. Sie sollten Bluterg\u00fcsse und Schwellungen erwarten. Ihr Arzt verschreibt Medikamente, um Schmerzen und Schwellungen zu reduzieren. <\/span><\/p>\n<p><span style=\"font-weight: 400;\">Sie sollten planen, in den ersten Tagen nach der Operation eine Woche Arbeit zu verpassen, und Sie sollten anstrengende Aktivit\u00e4ten bis zu einem vollen Monat nach Ihrer Operation vermeiden. <\/span><\/p>\n<p><span style=\"font-weight: 400;\">Sobald sich der Bluterguss entschlossen hat, k\u00f6nnen Sie wieder arbeiten. Sobald sich Bluterg\u00fcsse und Schwellungen niedergelassen haben, wird Ihr Aussehen stark verbessert.<\/span><\/p>\n<p><span style=\"font-weight: 400;\"><strong>Revisions-Nasenkorrektur<\/strong> Ihr Vertrauen in Ihr Aussehen wiederherstellen und Ihr Selbstbild verbessern<\/span><\/p>\n<h2><span class=\"ez-toc-section\" id=\"Wie_teuer_ist_eine_Revisionsnasenaesthetik_in_der_Izmir_Tuerkei\"><\/span>Wie teuer ist eine Revisionsnasen\u00e4sthetik in der Izmir, T\u00fcrkei?<span class=\"ez-toc-section-end\"><\/span><\/h2>\n<p><span style=\"font-weight: 400;\">Revisions-Nasenkorrekturverfahren werden durchgef\u00fchrt, wenn nach der ersten Operation eine zweite Korrektur erforderlich ist, und die Kosten f\u00fcr diese Verfahren variieren je nach Patienten in Izmir. <\/span><\/p>\n<p><span style=\"font-weight: 400;\">Jetzt, da Beschwerden \u00fcber ihre Bilder schnell an die richtigen Parteien weitergeleitet werden k\u00f6nnen, k\u00f6nnen die Menschen den Heilungsprozess beginnen. Die medizinische Gemeinschaft konzentriert sich wie in vielen anderen bedeutenden St\u00e4dten auf Izmir. <\/span><\/p>\n<p><span style=\"font-weight: 400;\">Wenn Sie die beste Pflege und Behandlung erhalten m\u00f6chten, steht Izmir ganz oben auf dieser Liste. Je nach Verfahren kann es zu Preisschwankungen kommen. <\/span><\/p>\n<p><span style=\"font-weight: 400;\">Wenn Sie mehr \u00fcber die Kosten einer <strong>Revisions-Nasenkorrektur in Izmir<\/strong> erfahren m\u00f6chten, k\u00f6nnen Sie mit unseren \u00c4rzten sprechen, die Experten auf ihrem Gebiet sind.<\/span><\/p>\n<figure style=\"width: 1000px\" class=\"wp-caption alignnone\"><img decoding=\"async\" class=\"size-full wp-image-6885\" src=\"https:\/\/candanmezili.com\/wp-content\/uploads\/2022\/06\/candan1-min-1.png\" alt=\"Sch\u00f6nheitschirurg Dr. Candan Mezili\" width=\"1000\" height=\"667\" title=\"\" srcset=\"https:\/\/candanmezili.com\/wp-content\/uploads\/2022\/06\/candan1-min-1.png 1000w, https:\/\/candanmezili.com\/wp-content\/uploads\/2022\/06\/candan1-min-1-300x200.png 300w, https:\/\/candanmezili.com\/wp-content\/uploads\/2022\/06\/candan1-min-1-768x512.png 768w\" sizes=\"(max-width: 1000px) 100vw, 1000px\" \/><figcaption class=\"wp-caption-text\">Sch\u00f6nheitschirurg Dr. Candan Mezili<\/figcaption><\/figure>\n<h2><span class=\"ez-toc-section\" id=\"Ist_die_Revision_Nasen-OP_in_der_Tuerkei_sicher\"><\/span><strong>Ist die Revision Nasen-OP in der T\u00fcrkei sicher?<\/strong><span class=\"ez-toc-section-end\"><\/span><\/h2>\n<p><span style=\"font-weight: 400;\">Wenn sie von einem zugelassenen und erfahrenen plastischen Chirurgen durchgef\u00fchrt wird, gilt die sekund\u00e4re Nasenkorrektur, auch als Revisionsnasenoperation bezeichnet, im Allgemeinen als sicher. Wie bei jedem chirurgischen Eingriff gibt es jedoch potenzielle Risiken und Komplikationen. Es ist wichtig, umfangreiche Nachforschungen anzustellen, einen seri\u00f6sen Chirurgen auszuw\u00e4hlen und vern\u00fcnftige Erwartungen an den Ausgang des Verfahrens zu haben. Die T\u00fcrkei ist aufgrund der erschwinglichen Preise und des hohen Pflegestandards ein beliebter Standort f\u00fcr den Medizintourismus im Bereich der plastischen Chirurgie.<\/span><\/p>\n<h2><span class=\"ez-toc-section\" id=\"Warum_ist_die_Tuerkei_fuer_Revision_Nasen-OP_so_guenstig\"><\/span><strong>Warum ist die T\u00fcrkei f\u00fcr Revision Nasen-OP so g\u00fcnstig?<\/strong><span class=\"ez-toc-section-end\"><\/span><\/h2>\n<p><span style=\"font-weight: 400;\">Aufgrund ihrer erschwinglichen, qualitativ hochwertigen Gesundheitsversorgung im Vergleich zu anderen Industrienationen ist die T\u00fcrkei eine beliebte Wahl f\u00fcr Revisions-Nasenoperationen. Aufgrund des \u00dcberflusses an hochqualifizierten und erfahrenen Chirurgen, der hochmodernen Infrastruktur und der niedrigeren Lebenshaltungskosten im Land k\u00f6nnen Kliniken wettbewerbsf\u00e4hige Preise verlangen. Dar\u00fcber hinaus f\u00f6rdert die t\u00fcrkische Regierung den Medizintourismus, indem sie Anreize f\u00fcr ausl\u00e4ndische Patienten bietet und so die Kosten weiter senkt.<\/span><\/p>\n<h2><span class=\"ez-toc-section\" id=\"Verfahren_der_Revision_Nasen-OP\"><\/span><strong>Verfahren der Revision Nasen-OP<\/strong><span class=\"ez-toc-section-end\"><\/span><\/h2>\n<p><span style=\"font-weight: 400;\">Typischerweise umfasst das Verfahren die Umformung der Nasenknochen und des Knorpels, die Verkleinerung oder Vergr\u00f6\u00dferung der Nase und die Behandlung funktioneller Probleme. Um auf die darunter liegende Struktur zuzugreifen und die notwendigen Anpassungen vorzunehmen, nimmt der Chirurg Schnitte in der Nase oder im Columella vor. Im Allgemeinen wird der Eingriff unter Vollnarkose durchgef\u00fchrt, und die Dauer der Erholungszeit h\u00e4ngt vom Ausma\u00df der Operation ab.<\/span><\/p>\n<h2><span class=\"ez-toc-section\" id=\"Erfahrungen\"><\/span> Erfahrungen<span class=\"ez-toc-section-end\"><\/span><\/h2>\r\n<script defer async src='https:\/\/cdn.trustindex.io\/loader.js?1bd0c3c436f256436016492ccc2'><\/script>\n<div id=\"gtx-trans\" style=\"position: absolute; left: 209px; top: 386.828px;\">\n<div class=\"gtx-trans-icon\"><\/div>\n<\/div>\n<h2 style=\"text-align: center;\"><span class=\"ez-toc-section\" id=\"Unsere_Zertifikate\"><\/span>Unsere Zertifikate<span class=\"ez-toc-section-end\"><\/span><\/h2>\n\t\t<\/div>\n\t\t\t\t\t<\/div>\n\n\t\n\n\t<div id=\"col-793876555\" class=\"col medium-3 small-6 large-3\"  >\n\t\t\t\t<div class=\"col-inner\"  >\n\t\t\t\n\t\t\t\n\t<div class=\"img has-hover x md-x lg-x y md-y lg-y\" id=\"image_1760785729\">\n\t\t\t\t\t\t\t\t<div class=\"img-inner dark\" >\n\t\t\t<img decoding=\"async\" width=\"500\" height=\"200\" src=\"https:\/\/candanmezili.com\/wp-content\/uploads\/2022\/08\/bakanlik-1.png\" class=\"attachment-large size-large\" alt=\"\" srcset=\"https:\/\/candanmezili.com\/wp-content\/uploads\/2022\/08\/bakanlik-1.png 500w, https:\/\/candanmezili.com\/wp-content\/uploads\/2022\/08\/bakanlik-1-300x120.png 300w\" sizes=\"(max-width: 500px) 100vw, 500px\" title=\"\">\t\t\t\t\t\t\n\t\t\t\t\t<\/div>\n\t\t\t\t\t\t\t\t\n<style>\n#image_1760785729 {\n  width: 100%;\n}\n<\/style>\n\t<\/div>\n\t\n\t\t<\/div>\n\t\t\t\t\t<\/div>\n\n\t\n\n\t<div id=\"col-2077426317\" class=\"col medium-3 small-6 large-3\"  >\n\t\t\t\t<div class=\"col-inner\"  >\n\t\t\t\n\t\t\t\n\t<div class=\"img has-hover x md-x lg-x y md-y lg-y\" id=\"image_1503033283\">\n\t\t\t\t\t\t\t\t<div class=\"img-inner dark\" >\n\t\t\t<img decoding=\"async\" width=\"500\" height=\"200\" src=\"https:\/\/candanmezili.com\/wp-content\/uploads\/2022\/08\/isaps-1.png\" class=\"attachment-large size-large\" alt=\"\" srcset=\"https:\/\/candanmezili.com\/wp-content\/uploads\/2022\/08\/isaps-1.png 500w, https:\/\/candanmezili.com\/wp-content\/uploads\/2022\/08\/isaps-1-300x120.png 300w\" sizes=\"(max-width: 500px) 100vw, 500px\" title=\"\">\t\t\t\t\t\t\n\t\t\t\t\t<\/div>\n\t\t\t\t\t\t\t\t\n<style>\n#image_1503033283 {\n  width: 100%;\n}\n<\/style>\n\t<\/div>\n\t\n\t\t<\/div>\n\t\t\t\t\t<\/div>\n\n\t\n\n\t<div id=\"col-264004839\" class=\"col medium-3 small-6 large-3\"  >\n\t\t\t\t<div class=\"col-inner\"  >\n\t\t\t\n\t\t\t\n\t<div class=\"img has-hover x md-x lg-x y md-y lg-y\" id=\"image_1795629219\">\n\t\t\t\t\t\t\t\t<div class=\"img-inner dark\" >\n\t\t\t<img decoding=\"async\" width=\"500\" height=\"200\" src=\"https:\/\/candanmezili.com\/wp-content\/uploads\/2022\/08\/jci-1.png\" class=\"attachment-large size-large\" alt=\"\" srcset=\"https:\/\/candanmezili.com\/wp-content\/uploads\/2022\/08\/jci-1.png 500w, https:\/\/candanmezili.com\/wp-content\/uploads\/2022\/08\/jci-1-300x120.png 300w\" sizes=\"(max-width: 500px) 100vw, 500px\" title=\"\">\t\t\t\t\t\t\n\t\t\t\t\t<\/div>\n\t\t\t\t\t\t\t\t\n<style>\n#image_1795629219 {\n  width: 100%;\n}\n<\/style>\n\t<\/div>\n\t\n\t\t<\/div>\n\t\t\t\t\t<\/div>\n\n\t\n\n\t<div id=\"col-1693724536\" class=\"col medium-3 small-6 large-3\"  >\n\t\t\t\t<div class=\"col-inner\"  >\n\t\t\t\n\t\t\t\n\t<div class=\"img has-hover x md-x lg-x y md-y lg-y\" id=\"image_856517889\">\n\t\t\t\t\t\t\t\t<div class=\"img-inner dark\" >\n\t\t\t<img decoding=\"async\" width=\"500\" height=\"200\" src=\"https:\/\/candanmezili.com\/wp-content\/uploads\/2022\/08\/dernek-1.png\" class=\"attachment-large size-large\" alt=\"\" srcset=\"https:\/\/candanmezili.com\/wp-content\/uploads\/2022\/08\/dernek-1.png 500w, https:\/\/candanmezili.com\/wp-content\/uploads\/2022\/08\/dernek-1-300x120.png 300w\" sizes=\"(max-width: 500px) 100vw, 500px\" title=\"\">\t\t\t\t\t\t\n\t\t\t\t\t<\/div>\n\t\t\t\t\t\t\t\t\n<style>\n#image_856517889 {\n  width: 100%;\n}\n<\/style>\n\t<\/div>\n\t\n\t\t<\/div>\n\t\t\t\t\t<\/div>\n\n\t\n<\/div>\n","protected":false},"excerpt":{"rendered":"","protected":false},"author":2,"featured_media":38370,"parent":5126,"menu_order":0,"comment_status":"open","ping_status":"closed","template":"","meta":{"inline_featured_image":false,"footnotes":""},"class_list":["post-5135","page","type-page","status-publish","has-post-thumbnail","hentry"],"_links":{"self":[{"href":"https:\/\/candanmezili.com\/de\/wp-json\/wp\/v2\/pages\/5135","targetHints":{"allow":["GET"]}}],"collection":[{"href":"https:\/\/candanmezili.com\/de\/wp-json\/wp\/v2\/pages"}],"about":[{"href":"https:\/\/candanmezili.com\/de\/wp-json\/wp\/v2\/types\/page"}],"author":[{"embeddable":true,"href":"https:\/\/candanmezili.com\/de\/wp-json\/wp\/v2\/users\/2"}],"replies":[{"embeddable":true,"href":"https:\/\/candanmezili.com\/de\/wp-json\/wp\/v2\/comments?post=5135"}],"version-history":[{"count":5,"href":"https:\/\/candanmezili.com\/de\/wp-json\/wp\/v2\/pages\/5135\/revisions"}],"predecessor-version":[{"id":40479,"href":"https:\/\/candanmezili.com\/de\/wp-json\/wp\/v2\/pages\/5135\/revisions\/40479"}],"up":[{"embeddable":true,"href":"https:\/\/candanmezili.com\/de\/wp-json\/wp\/v2\/pages\/5126"}],"wp:featuredmedia":[{"embeddable":true,"href":"https:\/\/candanmezili.com\/de\/wp-json\/wp\/v2\/media\/38370"}],"wp:attachment":[{"href":"https:\/\/candanmezili.com\/de\/wp-json\/wp\/v2\/media?parent=5135"}],"curies":[{"name":"wp","href":"https:\/\/api.w.org\/{rel}","templated":true}]}}