{"id":5137,"date":"2017-09-12T21:02:47","date_gmt":"2017-09-12T18:02:47","guid":{"rendered":"https:\/\/candanmezili.com\/?page_id=3062"},"modified":"2024-10-25T14:13:55","modified_gmt":"2024-10-25T11:13:55","slug":"patienten-bewertungen","status":"publish","type":"page","link":"https:\/\/candanmezili.com\/de\/patienten-bewertungen\/","title":{"rendered":"Patientenbewertungen"},"content":{"rendered":"<div class=\"row\"  id=\"row-32018829\">\n\n\t<div id=\"col-2131266154\" class=\"col medium-6 small-12 large-6\"  >\n\t\t\t\t<div class=\"col-inner\"  >\n\t\t\t\n\t\t\t\n<p>Cengiz Temel: Ich hatte meine<br \/>\nOperation mit Ruhe nach dem Treffen mit TEVF-k CANDAN MEZ, die Operation, die<br \/>\nich jedes Mal abgesagt, weil ich nicht das Gef\u00fchl hatte, Dutzende von \u00c4rzten zu<br \/>\nsehen&#8230;<br \/> Sie f\u00fchlt sich sehr sicher mit ihrer Aufmerksamkeit f\u00fcr ihre<br \/>\nPatientin, die Energie und den Mut, die sie gibt&#8230;<br \/> Es gibt so viel zu<br \/>\nsagen \u00fcber TEVF-k CANDAN MEZ, aber zuallererst, vielen Dank.<br \/> Vielen Dank,<br \/>\ndass Sie in der Lage, Sie zu erreichen, ohne \u00fcber die Zeit in der geringsten<br \/>\nSache, die in meinem Kopf stecken, f\u00fcr Ihr extremes Verst\u00e4ndnis, f\u00fcr Ihr<br \/>\nSmiley-Gesicht, f\u00fcr Ihre Aufrichtigkeit, f\u00fcr die Lage, Sie blind in jeder<br \/>\nTransaktion, die ich von nun an will, zu vertrauen, und f\u00fcr die Frage nach dem<br \/>\nBild meines Traums. <\/p>\n\t\t<\/div>\n\t\t\t\t\t<\/div>\n\n\t\n\n\t<div id=\"col-818681562\" class=\"col medium-6 small-12 large-6\"  >\n\t\t\t\t<div class=\"col-inner\"  >\n\t\t\t\n\t\t\t\n<p>Ayfer Temel:<br \/>\nIch bin froh, dass du hier bist, und ich bin froh, dass ich dich erkannt habe,<br \/>\nich bin 53 Jahre alt. Es ver\u00e4nderte meine Augen und mein Gesicht, was mich<br \/>\njahrelang gr\u00f6\u00dfer aussehen lie\u00df als mein Alter, mit kleinen Ber\u00fchrungen, so sehr,<br \/>\ndass ich, wenn ich in den Spiegel schaue, wie ein anderes und junges Ich<br \/>\naussehe. Ich m\u00f6chte dem Arzt f\u00fcr sein Interesse, seine Bem\u00fchungen und daf\u00fcr<br \/>\ndanken, dass er bis zum Ende seiner Operation hinter ihm<br \/>\nstan<\/p>\n\t\t<\/div>\n\t\t\t\t\t<\/div>\n\n\t\n<\/div>\n<div class=\"row\"  id=\"row-2049202197\">\n\n\t<div id=\"col-1870991148\" class=\"col medium-6 small-12 large-6\"  >\n\t\t\t\t<div class=\"col-inner\"  >\n\t\t\t\n\t\t\t\n<p>F\u00fcsun<br \/>\nS\u00f6nmez: d. Hallo, ich hatte Atemwegs- und \u00e4sthetische Probleme. Und gerade als<br \/>\nich meine Forschung mit Angst vermischt aufgab, besuchte ich den Chirurgen<br \/>\nTevfik Candan Mezili. Er h\u00e4tte meine Bedenken nicht mit Marketingtaktiken<br \/>\ndurchgemacht, sondern mit seinen Fakten, und ich wurde mit dem Vertrauen<br \/>\noperiert, das ich in ihn hatte. Und dann, nach Ihrem Rat, ging ich in ein paar<br \/>\nTagen zur\u00fcck in mein normales Leben. Jetzt habe ich keine Atemwegs- oder<br \/>\n\u00e4sthetischen Probleme. Lassen Sie seine H\u00e4nde nicht in Schwierigkeiten geraten.<br \/>\nIch w\u00fcrde es auf jeden Fall empfeh<\/p>\n\t\t<\/div>\n\t\t\t\t\t<\/div>\n\n\t\n\n\t<div id=\"col-1182416614\" class=\"col medium-6 small-12 large-6\"  >\n\t\t\t\t<div class=\"col-inner\"  >\n\t\t\t\n\t\t\t\n<p>Neslihan Eyido\u011fan: len. Wunderbarer Chirurg :-) Ich hatte<br \/>\ngesundheitliche Probleme mit meiner Nase. Ich kann nicht dankbar genug sein,<br \/>\neinen der plastischen Chirurgen des \u00f6ffentlichen Krankenhauses von Farabi zu<br \/>\nhaben, der aber seine Perfektion durch Dutzende von Operationen bewiesen hat&#8230;<br \/>\nWir glaubten an Magie, als wir klein waren, und als wir aufwuchsen, war es nur<br \/>\nMagie. Wir glaubten, es sei eine Illusion. Aber TEVF-k CANDAN MEZ gab ihr einen<br \/>\nperfekten Look mit ihren magischen H\u00e4nden. Danke Miraculous Surgeon&#8230; Absolut<br \/>\nwunders<\/p>\n\t\t<\/div>\n\t\t\t\t\t<\/div>\n\n\t\n<\/div>\n<div class=\"row\"  id=\"row-858981947\">\n\n\t<div id=\"col-1133436847\" class=\"col medium-6 small-12 large-6\"  >\n\t\t\t\t<div class=\"col-inner\"  >\n\t\t\t\n\t\t\t\n<p>Nur<br \/>\nSenergin: amer Chirurg&#8230; Mein Brustgewebe wurde akribisch von Prof. Prof.<br \/>\nMehmet Uur NE-AR entfernt und Brustverkleinerung BrustErektion Prothesen<br \/>\nPlatzierung wurde durchgef\u00fchrt, indem die Brustwarze mit den magischen H\u00e4nden<br \/>\nvon Herrn Op.dr Candan MEZ&#8230; Ich wachte von meiner langen Operation dank<br \/>\neryaman Krankenhaus erstaunliche An\u00e4sthesie-Team&#8230; Ich wiederholte immer<br \/>\nwieder, dass ich eine sehr, sehr gute Entscheidung getroffen habe, indem ich<br \/>\nmeinen Lehrern w\u00e4hrend der Genesung vertraute. Insbesondere sind wir als Familie<br \/>\ndankbar f\u00fcr den akribisch beruhigend aufrichtigen Ansatz meines candanischen<br \/>\nLehrers&#8230; Ich bin froh, dass du hier bist, meine lieben Lehrer&#8230; Gesundheit in<br \/>\ndeinen H\u00e4nden hast du mich geheilt&#8230; Eryaman Krankenhaus und Patienten haben<br \/>\ngro\u00dfes Gl\u00fcck&#8230; Immer wieder danke, mein Candan-Lehrer&#8230;<br \/>\nMein<\/p>\n\t\t<\/div>\n\t\t\t\t\t<\/div>\n\n\t\n\n\t<div id=\"col-609425906\" class=\"col medium-6 small-12 large-6\"  >\n\t\t\t\t<div class=\"col-inner\"  >\n\t\t\t\n\t\t\t\n<p>kumsal_06_71: Lehrer&#8230; Ich<br \/>\nentdeckte es auf Anraten eines Freundes. Eigentlich war ich besorgt, ob ich<br \/>\noperiert werden sollte oder nicht. Als ich in sein B\u00fcro ging und dachte, ich<br \/>\nw\u00fcrde noch nerv\u00f6ser werden, nahm er mir alle Fragezeichen aus dem Kopf und<br \/>\nerz\u00e4hlte mir, wie schmerzlos die Nasenoperation eigentlich sein w\u00fcrde. Wie auch<br \/>\nimmer, die Operation passierte, ich f\u00fchlte keine wirklichen Schmerzen. Und nach<br \/>\nder Operation, dank ihm w\u00e4hrend der Check-ups, war er sehr interessiert. Ich<br \/>\ndenke, Sie verdienen jeden Cent des Geldes, das ich Ihnen gebe. Lassen Sie seine<br \/>\nH\u00e4nde nicht in <\/p>\n\t\t<\/div>\n\t\t\t\t\t<\/div>\n\n\t\n<\/div>\n<div class=\"row\"  id=\"row-526031375\">\n\n\t<div id=\"col-1857624917\" class=\"col small-12 large-12\"  >\n\t\t\t\t<div class=\"col-inner\"  >\n\t\t\t\n\t\t\t\n<p>Remzi Takes: Schwierigkeiten geraten. Hallo, hallo<br \/> Als<br \/>\njemand, der mein ganzes Leben lang unter Gewichtsproblemen gelitten hat, hatte<br \/>\nich im M\u00e4rz 2014 eine Sleeve-Gastrektomie (Tube Stomach) operiert. Ich kam auf<br \/>\nmein ideales Gewicht, unter Ber\u00fccksichtigung meiner regelm\u00e4\u00dfigen Sport und<br \/>\nEssgewohnheiten, aber es war immer ein \u00dcbergewicht in meinem Nabel. \u00dcbrigens bin<br \/>\nich ein Mann, der gro\u00dfe Angst vor einer Operation hat. W\u00e4hrend ich dachte, es<br \/>\nwar wegen der Angst des Bildes auf den ersten, wie die Zeit ging, begann<br \/>\nhautabsacken eine ausgepr\u00e4gte Form in meinem Bauch mit Sport zu nehmen, und ich<br \/>\nbegann, in medizinischen Problemen zu leben (R\u00f6tung im Bauch durch Hitze und<br \/>\nHautfaltung verursacht, etc.)<br \/> Ich hatte immer noch Angst vor einer<br \/>\nOperation, als ich dies durchmachte, und es war meine letzte Wahl, \u00fcber die<br \/>\nAbdominoplastik nachzudenken. Als ich diese Situationen w\u00e4hrend des Chats mit<br \/>\nmeinem Kollegen teilte, gab er mir viel Unterst\u00fctzung f\u00fcr die Operation, und das<br \/>\nwar, als wir Wege mit Dr. Candan kreuzten.<br \/> Als wir uns zum ersten Mal mit<br \/>\nihm trafen, hatte ich Hunderte von verr\u00fcckten Fragen im Kopf, aber das Gr\u00f6\u00dfte<br \/>\nist, muss ich mir um diese Operation sorgen&#8230; Wir sprachen ausgiebig, er fragte<br \/>\nmich nach den medizinischen Bedingungen, meine Gedanken und was ich wollte. Er<br \/>\nh\u00f6rte geduldig auf mich zu und gab mir sehr sorgf\u00e4ltige und realistische<br \/>\nAntworten auf meine Sorgen, meine \u00c4ngste.<br \/> Ich ging in den Prozess des<br \/>\nDenkens, und nachdem ich das Gewicht losgeworden war, das mein ganzes Leben lang<br \/>\npassiert war, beschloss ich mit der Unterst\u00fctzung meiner Familie, dass mein<br \/>\nBauch nicht so sein sollte.<br \/> Bei unserem zweiten Treffen ging es um pr\u00e4-<br \/>\nund postoperative Prozesse f\u00fcr das Ziel. Und jetzt wird alles klar in meinem<br \/>\nKopf. Wir haben eine gemeinsame Entscheidung \u00fcber den Zeitpunkt der Operation<br \/>\ngetroffen. Mein Datum war der 16. Dezember 2016.<br \/> Vor der Operation habe<br \/>\nich alles gemacht, was Dr. Candan als Gehirn bezeichnete. Aus Angst vor dieser<br \/>\nOperation ging ich am Morgen des 16. Dezember ins O.R., als ob ich sehr<br \/>\nenergisch im Krankenhaus w\u00e4re und eine Fahrt machen w\u00fcrde. Jeder in meiner<br \/>\nFamilie war \u00fcberrascht. Das liegt daran, dass ich meinem Arzt geglaubt und ihm<br \/>\nvertraut habe.<br \/> Ich \u00f6ffnete meine Augen und wachte auf, es h\u00e4tte vorbei<br \/>\nsein sollen. Ich hatte Angst, auf meinen Magen zu schauen, aber als ich es<br \/>\nansah, hatte ich einen flachen Bauch, obwohl ich ein postoperatives \u00d6dem hatte.<br \/>\nMein ganzer Taillenbereich, d.h. meine Taille, wurde von meiner Bauchhaut<br \/>\ngerettet, aber auch die Muskeln, die sie Pikation nannten, wurden gen\u00e4ht, weil<br \/>\nmeine Bauchmuskeln nach links und rechts gestreckt wurden.<br \/> W\u00e4hrend meines<br \/>\nAufenthalts im Dienst ist jeder, von Krankenschwestern bis zu Hilfskr\u00e4ften, auf<br \/>\ndie Arbeit aufmerksam und ich hatte einen sehr komfortablen Prozess mit den<br \/>\nrichtigen Interventionen.<br \/> Ich habe an Hunderten von Orten gelesen und<br \/>\nbilder vor und nach vielleicht Tausenden von Bauchn\u00fcmern betrachtet. Ich war<br \/>\nimmer in einer Art und Weise. Einige der Bilder hatten geschwungene<br \/>\nBepflanzungen, einige sah ich schlechte Grundnahrungsmittel-Stil Bepflanzungen.<br \/>\nAber die Anwendung f\u00fcr mich stand flach und makellos, obwohl ich alle Taille<br \/>\nNere-Kreise hatte. Ich hatte ein Ergebnis, das weit \u00fcber das hinausgeht, was ich<br \/>\nvorhergesagt hatte. Und das, obwohl es erst 3 Monate her ist&#8230; Meine Dressings<br \/>\nund Kontrollen gehen sehr regelm\u00e4\u00dfig, reibungslos weiter.<br \/> Zum ersten Mal<br \/>\nin meinem Leben schreibe ich einen Kommentar \u00fcber einen Arzt, und ich dachte, es<br \/>\nw\u00e4re unfair, wenn ich diesen Kommentar nicht schreiben w\u00fcrde. Dank dr. Candan<br \/>\nMEZILI&#8216; humanem Ansatz, der Wissen und Geschicklichkeit beruhigt, habe ich ein<br \/>\nviel besseres Aussehen, als ich es mir jetzt w\u00fcnschen w\u00fcrde. Ich<\/p>\n\t\t<\/div>\n\t\t\t\t\t<\/div>\n\n\t\n<\/div>\n<div class=\"row\"  id=\"row-1817804110\">\n\n\t<div id=\"col-1190000470\" class=\"col medium-6 small-12 large-6\"  >\n\t\t\t\t<div class=\"col-inner\"  >\n\t\t\t\n\t\t\t\n<p>A.T.: kam<br \/>\naus Deutschland nach Izmir, um mich operieren zu lassen, weil ich h\u00f6rte, dass<br \/>\nder Arzt sehr erfolgreich war. Sie haben sich so gut um mich gek\u00fcmmert, wie sie<br \/>\nkonnten, die Operation verlief sehr gut, alles lief genau so, wie ich es wollte.<br \/>\nIch empfehle es jedem, der ein solches Verfahren durchf\u00fchren m\u00f6chte, sowohl weil<br \/>\nsie die Aufmerksamkeit und Aufmerksamkeit so gut sie k\u00f6nnen, als auch weil er<br \/>\nein sehr sympathischer Ar<\/p>\n\t\t<\/div>\n\t\t\t\t\t<\/div>\n\n\t\n\n\t<div id=\"col-511203066\" class=\"col medium-6 small-12 large-6\"  >\n\t\t\t\t<div class=\"col-inner\"  >\n\t\t\t\n\t\t\t\n<p>Meltem<br \/>\n\u00d6zko\u00e7: zt ist. Er erkl\u00e4rt klar, was wir durch gehen k\u00f6nnen, indem wir alle Arten<br \/>\nvon positiven und negativen Informationen durchgehen. Er ist ein erfolgreicher<br \/>\nArzt, der seine Arbeit akribisch macht und seine Strenge in den Kontrollen nach<br \/>\nder Operation nicht vernachl\u00e4ssigt. Vielen Dank f\u00fcr<br \/>\nalles<\/p>\n\t\t<\/div>\n\t\t\t\t\t<\/div>\n\n\t\n<\/div>\n<div class=\"row\"  id=\"row-675103144\">\n\n\t<div id=\"col-1613512214\" class=\"col medium-6 small-12 large-6\"  >\n\t\t\t\t<div class=\"col-inner\"  >\n\t\t\t\n\t\t\t\n<p>Candan<br \/>\nCapg\u0131n: Ich war sehr beeindruckt von seiner Glaubw\u00fcrdigkeit vor dem Gehirn. Wir<br \/>\nsprachen \u00fcber alles positive und negative und traf unsere Entscheidung.Ich<br \/>\nsprach leicht \u00fcber alles in meinem Kopf.Ich hatte prothetische Brust Erektion<br \/>\nChirurgie.Ich bin sehr zufrieden mit dem pr\u00e4- und postoperativen Prozess.Ich<br \/>\nempfehle es auf jeden Fall jede<\/p>\n\t\t<\/div>\n\t\t\t\t\t<\/div>\n\n\t\n\n\t<div id=\"col-2093476145\" class=\"col medium-6 small-12 large-6\"  >\n\t\t\t\t<div class=\"col-inner\"  >\n\t\t\t\n\t\t\t\n<p>Sedef T\u00fcrkgenci: m. Ich hatte Bauchbinden Chirurgie&#8230; Ich bin<br \/>\nsehr zufrieden&#8230; Das ganze Team war super. Nat\u00fcrlich in erster Linie, mein<br \/>\nArzt, Herr Candan&#8230; Ich empfehle es jedem.<br \/>\n.<\/p>\n\t\t<\/div>\n\t\t\t\t\t<\/div>\n\n\t\n<\/div>\n<div class=\"row\"  id=\"row-604973835\">\n\n\t<div id=\"col-1456525246\" class=\"col small-12 large-12\"  >\n\t\t\t\t<div class=\"col-inner\"  >\n\t\t\t\n\t\t\t\n<p>H\u00fclya<br \/>\nTosun: Herr Candan behandelte die Atembeschwerden, die durch das Problem, das<br \/>\nich in meiner Nase hatte, mit seiner erfolgreichen Operation verursacht und lie\u00df<br \/>\nmeine Nase nat\u00fcrlich und \u00e4sthetisch aussehen. Ich \u00fcberlebte diesen Prozess ohne<br \/>\nProbleme, indem ich eine angenehme Zeit mit dem Rat und Interesse nach der<br \/>\nOperation hatte. Ich m\u00f6chte ihm sehr f\u00fcr seine f\u00fcrsorgliche und sorgf\u00e4ltige<br \/>\nHaltung danken. Ich beschwe<\/p>\n\t\t<\/div>\n\t\t\t\t\t<\/div>\n\n\t\n<\/div>\n<div class=\"row\"  id=\"row-223727017\">\n\n\t<div id=\"col-370262731\" class=\"col small-12 large-12\"  >\n\t\t\t\t<div class=\"col-inner\"  >\n\t\t\t\n\t\t\t\n<p>Muhammed Abdullah KONDAKCI: rte mich weiterhin \u00fcber<br \/>\nSchlafabsacken in meinem R\u00fccken, Taille und Leistengegend, obwohl ich zuvor<br \/>\nBauchbinden Chirurgie f\u00fcr die Absackung, die in meinem Vucum nach dem Verlust 70<br \/>\nKilo aufgetreten hatte. Nach Empfehlungen ging ich von Kars nach Izmir, um<br \/>\nmeinen Candan-Lehrer f\u00fcr diese Operation zu untersuchen. Sobald ich durch die<br \/>\nT\u00fcr ging, traf ich ein Team, das mich mit einem L\u00e4cheln und Aufrichtigkeit<br \/>\nbegr\u00fc\u00dfte. Eigentlich war ich besorgt, ob ich operiert werden sollte oder nicht.<br \/>\nWeil meine Bauchoperation war ein sehr langer Prozess und schmerzhaft. Als ich<br \/>\ndachte, dass ich nach einem Treffen mit meinem Candan-Lehrer nerv\u00f6s werden<br \/>\nw\u00fcrde, war ich erleichtert, dass mein Lehrer mich mit v\u00f6lliger Empathie<br \/>\nansprach, also musste ich nicht einmal sagen: &#8222;Lasst das so sein, Lehrer, ich<br \/>\nsagte, tue, was \u00e4sthetisch und ges\u00fcndeste ist, und ich habe mich in eure<br \/>\nmagischen H\u00e4nde gelegt, und im Gegensatz zu meiner vorherigen Operation stand<br \/>\nich in 2 Tagen auf, und obwohl es nur 15 Tage dauerte, bis die Schmerzen<br \/>\nSchmerzen f\u00fchlten, w\u00fcnschte ich, ich h\u00e4tte meinen Lehrer Candan vorher<br \/>\ngetroffen, wenn er alle meine Operationen vorher durchgef\u00fchrt h\u00e4tte, aber zum<br \/>\nGl\u00fcck habe ich meinen Magen vorher entdeckt. Und meine Br\u00fcste begannen in meinen<br \/>\nAugen zu sinken, und wenn ich es nicht mit Sport zusammenbringen konnte, werde<br \/>\nich wieder an die T\u00fcr meines Candan-Lehrers klopfen ???? ich h\u00e4tte nichts<br \/>\ndagegen, ein paar Worte \u00fcber ihn zu sagen, besonders mein Candan Hodja und seine<br \/>\nKrankenschwester Ozlem Hanim, f\u00fcr sein zuverl\u00e4ssiges<br \/>\na<\/p>\n\t\t<\/div>\n\t\t\t\t\t<\/div>\n\n\t\n<\/div>\n<div class=\"row\"  id=\"row-1040909076\">\n\n\t<div id=\"col-612017223\" class=\"col small-12 large-12\"  >\n\t\t\t\t<div class=\"col-inner\"  >\n\t\t\t\n\t\t\t\n<p>Ali<br \/>\nDEM\u0130RTA\u015e: ufrichtiges Verhalten sowohl vor als auch nach der Operation.<\/p>\n<p>Ich habe schon lange Probleme mit der Taille und dem Bauch. Selbst wenn ich<br \/>\n  trainierte und starb, konnte ich meinen weichen, saggy Bauch nicht anziehen.<br \/>\n  Nachdem ich die Idee hatte, dass ich sie nicht mehr straffen konnte, begann<br \/>\n  ich, die Liposuktionsmethode zu \u00fcberdenken und zu erforschen, die mir ein paar<br \/>\n  Mal eingefallen war, die ich aber aufgegeben hatte und in meinem Kopf<br \/>\n  beendete, w\u00e4hrend ich noch im Prozess der Neugier war.<\/p>\n<p>Ich traf mich zum ersten Mal mit einem Freund, der zuvor Fettabsaugung hatte.<br \/>\n  Er sagte, er sei mit dem Eingriff und seinem Arzt zufrieden. Ich machte einen<br \/>\n  Termin mit dem Arzt, den mein Freund empfahl und ging zu ihm. In unserem<br \/>\n  Interview mit dem Arzt, sagte er mir, dass die Operation, die besser f\u00fcr mich<br \/>\n  geeignet war, w\u00e4re Bauch binden Chirurgie, und dass, wenn wir Fettabsaugung<br \/>\n  durchf\u00fchren, w\u00fcrde ich intensive Haut absacken begegnen.<\/p>\n<p>Ich wollte mich nicht an die Meinungen eines einzigen Arztes binden, also<br \/>\n  habe ich danach f\u00fcnf oder sechs andere \u00c4rzte interviewt. Jeder Arzt, den ich<br \/>\n  sah, sagte mir mehr oder weniger das Gleiche.<\/p>\n<p>Aber was gesagt wurde, der Inhalt der Operation, was ich h\u00f6rte, was ich las,<br \/>\n  was ich sah und meine Eindr\u00fccke haben mich offensichtlich erschreckt.<br \/>\n  &#8218;Brauchst du so etwas?&#8216;, &#8222;Ist es das wert?&#8220;, fingen die Fragen in meinem Kopf<br \/>\n  an.<\/p>\n<p>Zu diesem Zeitpunkt traf ich Herrn Candan&#8230;<\/p>\n<p>Ich fand Mr. Candan online wie jeder andere Arzt, mit Ausnahme des ersten<br \/>\n  Arztes, den ich sah, und ich machte einen Termin.<\/p>\n<p>Ich wurde von ihrer Krankenschwester Ozlem am Termin ambulant begr\u00fc\u00dft; Was<br \/>\n  ich ihm sp\u00e4ter \u00f6ffnen werde. Ozlem brachte mich in das Zimmer meines Lehrers<br \/>\n  Candan. Beide haben mich sehr herzlich aufgenommen. Mein Candan-Lehrer sagte<br \/>\n  mir, dass ich eine Bauchoperation brauche und erkl\u00e4rte alle Details der<br \/>\n  Operation wie jeder andere Arzt. Ich habe den Inhalt der Operation bereits<br \/>\n  gemeistert, weil ich \u00c4rzte gesehen habe. Aber es gab einen Punkt, wo Candan<br \/>\n  Gehirn sah die Chirurgie anders. W\u00e4hrend alle anderen \u00c4rzte sagten, sie w\u00fcrden<br \/>\n  mich f\u00fcr 1 Nacht nach der Operation ins Krankenhaus bringen, sagte Herr<br \/>\n  Candan, dass er mich f\u00fcr 3 N\u00e4chte ins Bett legen w\u00fcrde und dass es nicht<br \/>\n  richtig w\u00e4re, dass ich vor 3 N\u00e4chten entlassen werde. Ich sah, wie wahr dieser<br \/>\n  Punkt nach der Operation war. In der Tat, nach diesen 3 N\u00e4chten, ich blieb<br \/>\n  eine Nacht auf meine eigene Anfrage. Das Gef\u00fchl des Vertrauens, das das Gehirn<br \/>\n  mir in meinem Kopf gibt, ist: &#8218;Gibt es einen Bedarf f\u00fcr so etwas?&#8216; &#8222;Ist es es<br \/>\n  wert?&#8220; Nachdem wir mir alles \u00fcber die Operation erz\u00e4hlt hatten, bevor wir nach<br \/>\n  der Operation, kurz gesagt, in jeder Phase in die Lobby der Ambulanz mit ihrer<br \/>\n  Krankenschwester Ozlem gingen, um die Details zu besprechen. An dieser Stelle<br \/>\n  m\u00f6chte ich auch die Ozlem-Dame erw\u00e4hnen, die ich gerade gesagt habe: &#8222;Ich<br \/>\n  werde sp\u00e4ter ein Parante f\u00fcr sich \u00f6ffnen.&#8220; Alle Worte, die ich f\u00fcr meine liebe<br \/>\n  Lehrerin gesagt habe und sagen kann, gelten auch f\u00fcr ihre gesch\u00e4tzte<br \/>\n  Krankenschwester Ozlem.<\/p>\n<p>W\u00e4hrend unseres Gespr\u00e4chs mit Ozlem f\u00fchlte ich, dass ich am richtigen Ort und<br \/>\n  mit den richtigen Leuten war, dass mein Candan-Lehrer nicht nur ein guter Arzt<br \/>\n  war, sondern auch ein sehr gutes Team hatte. Und ich habe mich f\u00fcr eine<br \/>\n  Operation entschieden.<\/p>\n<p>Vor und nach meiner Operation war es mit allem angenehm. An dieser Stelle<br \/>\n  m\u00f6chte ich die Wahl meines Candan-Lehrers erw\u00e4hnen, weil ich mich verschuldet<br \/>\n  f\u00fchle, wenn ich es nicht tue. Mein Candan-Lehrer f\u00fchrte meine Operation im<br \/>\n  Private Water Hospital durch. Ich bin es allen Mitarbeitern dort, ihnen<br \/>\n  gesondert zu danken. Ich hatte keinen Begleiter, ich war allein, und sie<br \/>\n  k\u00fcmmerten sich um mich wie ihre eigenen Verwandten. Danke an sie.<\/p>\n<p>Es ist neun Tage seit meiner Operation. Mir geht es im Moment gut. Vor zwei<br \/>\n  Tagen ging ich zu meinem Lehrer Candan f\u00fcr eine Pr\u00fcfung. Schon nach einer<br \/>\n  Woche konnte ich meinen Alltag alleine erledigen.<\/p>\n<p>Herr Candan hat mir seit dem ersten Tag, an dem wir uns getroffen haben, bei<br \/>\n  allem geholfen. Wenn ich eine Person bin, die ich nie gekannt habe, ist er<br \/>\n  eine Person, die ich heute sehr respektiere und liebe. Ich f\u00fchlte mich, als ob<br \/>\n  er die ganze Zeit vor und nach meiner Operation f\u00fcr mich da war. Die Tatsache,<br \/>\n  dass er nicht das tat, was er als Mission tat, dass er aufrichtig war, wie<br \/>\n  sein Name, machte ihn f\u00fcr mich besonders.<\/p>\n<p>Ich m\u00f6chte meinem Lehrer und seinem gesamten Team danken. Ich bin so froh,<br \/>\n  dass ich deine Katzen kennengelernt<br \/>\n  habe.<\/p>\n\t\t<\/div>\n\t\t\t\t\t<\/div>\n\n\t\n<\/div>\n<div class=\"row\"  id=\"row-1930155433\">\n\n\t<div id=\"col-2136464265\" class=\"col small-12 large-12\"  >\n\t\t\t\t<div class=\"col-inner\"  >\n\t\t\t\n\t\t\t\n\t\t<\/div>\n\t\t\t\t\t<\/div>\n\n\t\n<\/div>\n<div class=\"row\"  id=\"row-859765377\">\n\n\t<div id=\"col-1480660551\" class=\"col small-12 large-12\"  >\n\t\t\t\t<div class=\"col-inner\"  >\n\t\t\t\n\t\t\t\n<p>Sinem Y\u00fcksel:\u00a0<\/p>\n<div class=\"jxjCjc\">\n<div>\n<div class=\"Jtu6Td\">Auf Anraten eines Freundes entdeckte ich Dr. Candan<br \/>\n      Mezili. Eigentlich war ich besorgt, ob ich operiert werden sollte oder<br \/>\n      nicht. Als ich in sein B\u00fcro ging und dachte, ich w\u00fcrde noch nerv\u00f6ser<br \/>\n      werden, zerst\u00f6rte er alle Fragezeichen in meinem Kopf und erz\u00e4hlte mir,<br \/>\n      wie schmerzlos die Nasenoperation eigentlich sein w\u00fcrde. Dann hatte ich<br \/>\n      eine Operation und ich f\u00fchlte keine wirklichen Schmerzen. Dar\u00fcber hinaus<br \/>\n      war er bei den Pr\u00fcfungen nach der Operation dank ihm sehr besorgt. Ich<br \/>\n      denke, er verdient jeden Cent f\u00fcr seine harte Arbeit und Aufmerksamkeit.<br \/>\n      Lassen Sie Ihre H\u00e4nde nicht in Schwierigkeiten geraten. Danke.<\/div>\n<\/p>\n<\/div>\n<\/div>\n\t\t<\/div>\n\t\t\t\t\t<\/div>\n\n\t\n<\/div>\n<div class=\"row\"  id=\"row-1675506118\">\n\n\t<div id=\"col-475595087\" class=\"col small-12 large-12\"  >\n\t\t\t\t<div class=\"col-inner\"  >\n\t\t\t\n\t\t\t\n<p>Aidualc<br \/>\n  Lehcsuk: Lassen Sie es vor einer Woche auf Ihrem Magen bleiben. Ich ging zu<br \/>\n  ihm, um weitere Ratschl\u00e4ge aus Deutschland zu erhalten. Das Ergebnis ist<br \/>\n  gro\u00dfartig!<br \/> Er ist ein sehr freundlicher, ruhiger und angenehmer Mensch,<br \/>\n  der ein wenig mehr l\u00e4cheln kann.<br \/> Er erkl\u00e4rte genau, was er tun konnte.<br \/>\n  Ich denke, es funktioniert sehr sensibel.<br \/> Das Team ist super nett und<br \/>\n  hilfsbereit. Die App ist sehr intelligent und sauber.<\/p>\n<p>(Original)<br \/> Habe bei Dr. Candan Mezili vor ca einer Woche eine<br \/>\n  Fettabsaugung am Bauch und H\u00fcfte sowie eine Bauchdeckenstraffung vornehmen<br \/>\n  lassen. Bin auf Empfehlung extra aus Deutschland zu sein gegangen. Das<br \/>\n  Ergebnis ist super!<br \/> Private selbst ist ein h\u00f6flich sehrer, ruhiger und<br \/>\n  angenehmer Mensch, der aber etwas mehr L\u00e4cheln k\u00f6nnte????<br \/> Private Hat<br \/>\n  genau erkl\u00e4rt, war Mann wie machen kann. Arbeitet meine Meinung nach sehr<br \/>\n  pr\u00e4zise.<br \/> Sein Team ist super nett und zuvorkommend. Die Praxis ist sehr<br \/>\n  schick eingerichtet und sauber. (<\/p>\n\t\t<\/div>\n\t\t\t\t\t<\/div>\n\n\t\n<\/div>\n<div class=\"row\"  id=\"row-1053590100\">\n\n\t<div id=\"col-625115283\" class=\"col small-12 large-12\"  >\n\t\t\t\t<div class=\"col-inner\"  >\n\t\t\t\n\t\t\t\n<p>Ashley Bronson: Von Google umgedreht) Nachdem ich viel<br \/>\n  \u00fcber Dr. Candan Mezili geh\u00f6rt hatte, ging ich von Deutschland in die T\u00fcrkei<br \/>\n  und machte einen Brustlift. Ich bin nicht begeistert. W\u00e4hrend der Rede<br \/>\n  eliminierte er die Angst vor Interventionen in der Welt die ganze Zeit und<br \/>\n  schlie\u00dflich. Beruhigend und beruhigend von der Natur. Das Ergebnis ist einfach<br \/>\n  toll! Tolle Arbeit !!!!! Seine Freunde waren auch sehr zuvorkommend und<br \/>\n  ansprechbar, ????????????????????????<\/p>\n<p>(Original)<br \/> Nachdem ich so viel von Dr.Candan Mezili geh\u00f6rt habe, bin<br \/>\n  ich aus Deutschland in der T\u00fcrkei gereist und habe eine Bruststraffung<br \/>\n  vornehmen lassen. Ich bin mehr als begeistert. Private hat sich bei dem<br \/>\n  Gespr\u00e4ch zur Zeit der Welt und mir die Angst vor dem Eingriff genommen. Durch<br \/>\n  seine Art wirkt er beruhigend und vertrauensvoll. Das Ergebnis ist einfach<br \/>\n  top! Super Arbeit!!!!! Auch seine Mitarbeiterinnen waren sehr zuvorkommend und<br \/>\n  einf\u00fchlsam ????????????????????????Ich<\/p>\n\t\t<\/div>\n\t\t\t\t\t<\/div>\n\n\t\n<\/div>\n<div class=\"row\"  id=\"row-2126181978\">\n\n\t<div id=\"col-1692267795\" class=\"col small-12 large-12\"  >\n\t\t\t\t<div class=\"col-inner\"  >\n\t\t\t\n\t\t\t\n<p>Meltem<br \/>\n  \u00d6zko\u00e7: kann Ihnen klar sagen, was wir durch detaillierte alle Arten von<br \/>\n  wichtigen und negativen Informationen gehen k\u00f6nnen. Er ist ein erfolgreicher<br \/>\n  Arzt, der seine Arbeit akribisch macht und seinen Flei\u00df in den Kontrollen nach<br \/>\n  der Operation nicht vernachl\u00e4ssigt. Vielen Dank f\u00fcr<br \/>\n  alles.<\/p>\n\t\t<\/div>\n\t\t\t\t\t<\/div>\n\n\t\n<\/div>\n","protected":false},"excerpt":{"rendered":"","protected":false},"author":2,"featured_media":0,"parent":0,"menu_order":0,"comment_status":"closed","ping_status":"closed","template":"","meta":{"inline_featured_image":false,"footnotes":""},"class_list":["post-5137","page","type-page","status-publish","hentry"],"_links":{"self":[{"href":"https:\/\/candanmezili.com\/de\/wp-json\/wp\/v2\/pages\/5137","targetHints":{"allow":["GET"]}}],"collection":[{"href":"https:\/\/candanmezili.com\/de\/wp-json\/wp\/v2\/pages"}],"about":[{"href":"https:\/\/candanmezili.com\/de\/wp-json\/wp\/v2\/types\/page"}],"author":[{"embeddable":true,"href":"https:\/\/candanmezili.com\/de\/wp-json\/wp\/v2\/users\/2"}],"replies":[{"embeddable":true,"href":"https:\/\/candanmezili.com\/de\/wp-json\/wp\/v2\/comments?post=5137"}],"version-history":[{"count":3,"href":"https:\/\/candanmezili.com\/de\/wp-json\/wp\/v2\/pages\/5137\/revisions"}],"predecessor-version":[{"id":39085,"href":"https:\/\/candanmezili.com\/de\/wp-json\/wp\/v2\/pages\/5137\/revisions\/39085"}],"wp:attachment":[{"href":"https:\/\/candanmezili.com\/de\/wp-json\/wp\/v2\/media?parent=5137"}],"curies":[{"name":"wp","href":"https:\/\/api.w.org\/{rel}","templated":true}]}}