{"id":5142,"date":"2019-03-28T08:14:50","date_gmt":"2019-03-28T05:14:50","guid":{"rendered":"https:\/\/candanmezili.com\/?page_id=4066"},"modified":"2024-10-25T13:42:30","modified_gmt":"2024-10-25T10:42:30","slug":"personal-daten-verarbeitung-beleuchtung-und-riza-text","status":"publish","type":"page","link":"https:\/\/candanmezili.com\/de\/personal-daten-verarbeitung-beleuchtung-und-riza-text\/","title":{"rendered":"BELEUCHTUNG UND RIZA TEXT AUF DEM PROZESS DER PERS\u00d6NLICHEN DATEN"},"content":{"rendered":"<div class=\"row\"  id=\"row-157687631\">\n\t<div id=\"col-525533541\" class=\"col medium-12 small-12 large-12\"  >\n\t\t\t\t<div class=\"col-inner\"  >\n\t\t\t\n\t\t\t\t\t<\/div>\n\t\t\t\t\t<\/div>\n\n\t\n\t<div id=\"col-2008535249\" class=\"col medium-12 small-12 large-12\"  >\n\t\t\t\t<div class=\"col-inner\"  >\n\t\t\t\n\t\t\t\n<p>Wir m\u00f6chten Sie \u00fcber das Datenschutzgesetz Nr. 6698 (KVKK) informieren, das zum Schutz der Grundrechte und -freiheiten von Einzelpersonen, insbesondere der Privatsph\u00e4re, erlassen wurde und die Pflichten nat\u00fcrlicher und juristischer Personen, die personenbezogene Daten verarbeiten, festlegt.<\/p>\n<p>Personenbezogene Daten nach dem Gesetz als \\&#8220;jede Information, die \u00fcber die identifizierte oder identifizierbare reale Person relaminiert wird\\&#8220;; die Verarbeitung ist definiert als \\&#8220;jede Transaktion, die an den Daten durchgef\u00fchrt wird, wie z. B. das Abrufen, Speichern, Speichern, Verwalten, Ersetzen, Reorganisieren, Offenlegen, \u00dcbertragen, Erben, Erbstellen, Zurerziehen, Einteilen oder Verhindern der Verwendung personenbezogener Daten durch Mittel, die vollst\u00e4ndig oder teilweise automatisiert sind oder nicht automatisiert sind, sofern sie Teil eines Datenerfassungssystems sind.\\&#8220;<\/p>\n<p>1. Runde Zweck der Beleuchtung Text und Position unseres Unternehmens Data Controller:<\/p>\n<p>Um der Verpflichtung zur Aufkl\u00e4rung der Verpflichtung nach Art. 10 des Datenschutzgesetzes Nr. 6698 (KVK) in Bezug auf personenbezogene Daten im Zusammenhang mit Kunden nachzukommen, bringt unser Unternehmen unseren Kunden und Dritten, die unsere Website und\/oder mobile Anwendungen nutzen, folgende Erl\u00e4uterungen zur Verf\u00fcgung.<\/p>\n<p>Candan Mezili beh\u00e4lt sich das Recht vor, den Text dieser Datenschutzerkl\u00e4rung jederzeit im Rahmen der \u00c4nderungen, die an den geltenden Rechtsvorschriften vorgenommen werden k\u00f6nnen, zu aktualisieren.<\/p>\n<p>2. Runde Zweck und \u00dcbermittlung personenbezogener Daten von Kunden:<\/p>\n<p>Ihre personenbezogenen Daten werden verwendet, um:<\/p>\n<p>\u2022 Um die Anmeldeinformationen des K\u00e4ufers\/Herstellers \u00fcber die Website\/mobile Anwendungen zu best\u00e4tigen,<\/p>\n<p>\u2022 Um die Adresse und andere f\u00fcr die Kommunikation erforderliche Informationen aufzuzeichnen,<\/p>\n<p>\u2022 unsere Kunden \u00fcber die Bedingungen, den aktuellen Stand und die Aktualisierungen der Vertr\u00e4ge zu kontaktieren, die wir gem\u00e4\u00df den einschl\u00e4gigen Artikeln des Fernabsatzgesetzes und des Verbraucherschutzes abgeschlossen haben, um die notwendigen Informationen zur Verf\u00fcgung stellen zu k\u00f6nnen,<\/p>\n<p>\u2022 Organisation aller Aufzeichnungen und Dokumente, die die Grundlage f\u00fcr die Verarbeitung in elektronischen (Internet\/Mobil usw.) oder Papiermedien sein werden,<\/p>\n<p>\u2022 die \u00d6ffentlichen Bediensteten auf Anfrage und im Einklang mit den Rechtsvorschriften \u00fcber Fragen der \u00f6ffentlichen Sicherheit informieren zu k\u00f6nnen,<\/p>\n<p>\u2022 unseren Kunden ein besseres Einkaufserlebnis zu bieten, unsere Kunden \u00fcber unsere Produkte zu informieren, dass unsere Kunden daran interessiert sein k\u00f6nnten, \\&#8220;die Interessen unserer Kunden zu ber\u00fccksichtigen\\&#8220;, Kampagnen zu \u00fcbertragen,<\/p>\n<p>\u2022 Steigerung der Kundenzufriedenheit, Anerkennung unserer Kunden, die auf Websites und\/oder mobilen Anwendungen einkaufen, und deren Nutzung in der Kundenumgebungsanalyse, Nutzung in verschiedenen Marketing- und Werbeaktivit\u00e4ten und Durchf\u00fchrung von Umfragen elektronisch und\/oder physisch \u00fcber vertraglich beauftragte Organisationen in diesem Zusammenhang,<\/p>\n<p>\u2022 Um unseren Kunden von unseren beauftragten Institutionen und L\u00f6sungspartnern Vorschl\u00e4ge machen zu k\u00f6nnen, um unsere Kunden \u00fcber unsere Dienstleistungen zu informieren,<\/p>\n<p>\u2022 Um Kundenbeschwerden und Anregungen zu unseren Dienstleistungen bewerten zu k\u00f6nnen,<\/p>\n<p>\u2022 Um unseren gesetzlichen Verpflichtungen nachkommen und unsere Rechte aus den geltenden Rechtsvorschriften nutzen zu k\u00f6nnen,<\/p>\n<p>\u2022 Um Betrug und andere illegale Aktivit\u00e4ten zu verhindern.<\/p>\n<p>Die Weitergabe personenbezogener Daten unserer Kunden an Dritte erfolgt im Rahmen der Zustimmung der Kunden und wird in der Regel nicht ohne Zustimmung unseres Kunden an Dritte weitergegeben.<\/p>\n<p>Aufgrund unserer gesetzlichen Verpflichtungen werden personenbezogene Daten jedoch an Gerichte und andere \u00f6ffentliche Einrichtungen weitergegeben.<\/p>\n<p>Es werden notwendige technische und rechtliche Ma\u00dfnahmen getroffen, um Rechtsverletzungen bei der Weitergabe von Daten an Dritte zu verhindern.<\/p>\n<p>Ihre personenbezogenen Daten werden direkt\/indirekt an unsere inl\u00e4ndischen\/internationalen Tochtergesellschaften, das Programm, mit dem wir zusammenarbeiten, kann mit Partnerinstitutionen, Organisationen, inl\u00e4ndischen\/internationalen Personen und Institutionen geteilt werden, bei denen wir Dienstleistungen zur Speicherung von Daten in der Cloud erhalten, Organisationen im In- und Ausland, wo wir uns verpflichten, kommerzielle elektronische Nachrichten an unsere Kunden zu senden, das Interbank Card Center, die Banken, die wir mit verschiedenen Agenturen, Werbeunternehmen und Umfrageunternehmen im In- und Ausland im Rahmen verschiedener Marketingaktivit\u00e4ten beauftragt haben, um Ihnen einen besseren Service und eine bessere Kundenzufriedenheit zu bieten, sowie andere Dritte und verbundene Gesch\u00e4ftspartner im In- und Ausland.<\/p>\n<p>3. Methode der Erhebung personenbezogener Daten und rechtlicher Grund:<\/p>\n<p>Personenbezogene Daten werden von Candan Mezili in \u00dcbereinstimmung mit den Daten unserer Kunden, die von Kunden handeln, www.candanmezili.com Websites, speichert mobile Anwendungen, die Zustimmung unserer Kunden und die Bestimmungen der Gesetzgebung. Personenbezogene Daten, die aus den oben genannten rechtlichen Gr\u00fcnden erhoben werden, k\u00f6nnen f\u00fcr die in den Artikeln 5 und 6 des Gesetzes und in diesem Text der Offenlegung und Zustimmung genannten Zwecke verarbeitet und \u00fcbertragen werden.<\/p>\n<p>4. Kundenrechte als Inhaber personenbezogener Daten:<\/p>\n<p>Dateneigent\u00fcmer gem\u00e4\u00df Artikel 11 des Gesetzes;<\/p>\n<p>Eine. Um herauszufinden, ob personenbezogene Daten \u00fcber sich selbst verarbeitet wurden,<\/p>\n<p>B. Auskunft \u00fcber personenbezogene Daten anfordern, wenn diese verarbeitet wurden,<\/p>\n<p>C. Um den Zweck der Verarbeitung personenbezogener Daten zu erfahren und zu erfahren, ob sie in \u00dcbereinstimmung mit ihrem Zweck verwendet werden,<\/p>\n<p>D. Um die Dritten zu kennen, an die personenbezogene Daten im In- und Ausland \u00fcbermittelt werden,<\/p>\n<p>E. Die Berichtigung personenbezogener Daten bei unvollst\u00e4ndiger oder fehlerhafter Verarbeitung und die Benachrichtigung der Transaktion in diesem Bereich an Dritte, an die die personenbezogenen Daten \u00fcbermittelt werden, zu verlangen,<\/p>\n<p>F. die L\u00f6schung oder Vernichtung personenbezogener Daten im Falle der Beseitigung der Gr\u00fcnde, die ihre Verarbeitung erfordern, und die Benachrichtigung der in diesem Umfang get\u00e4tigten Transaktion an Dritte zu verlangen, an die die personenbezogenen Daten \u00fcbermittelt werden, obwohl sie gem\u00e4\u00df den Bestimmungen des Gesetzes und anderer einschl\u00e4giger Gesetze verarbeitet wurden,<\/p>\n<p>G. Sie haben das Recht, der Entstehung eines Ergebnisses gegen die Person selbst durch die Analyse der verarbeiteten Daten ausschlie\u00dflich durch automatisierte Systeme zu widersprechen und (viii) Schadensersatz im Schadensfall durch rechtswidrige Verarbeitung personenbezogener Daten zu verlangen.<\/p>\n<p>Antr\u00e4ge auf Nutzung dieser Rechte k\u00f6nnen von den Inhabern personenbezogener Daten von Candan Mezili zu https:\/\/candanmezili.com mit den in der Richtlinie \u00fcber die Verarbeitung und den Schutz personenbezogener Daten gem\u00e4\u00df dem Gesetz Nr. 6698 festgelegten Methoden mitgeteilt werden.<\/p>\n<p>Candan mezili wird diese Anfragen auswerten und innerhalb von 30 Tagen abschlie\u00dfen. Candan mezili beh\u00e4lt sich das Recht vor, eine Geb\u00fchr f\u00fcr die Anfragen auf den von der Datenschutzbeh\u00f6rde festgelegten Geb\u00fchrentarif (falls vorhanden) zu erheben.<\/p>\n<p>Geben Sie uns alle Arten von Fragen und Meinungen \u00fcber Ihre info@candanmezili.com. E-Mail-Adresse jederzeit.<\/p>\n<p>Wenn Sie jedoch die Mitgliedschaft verlassen m\u00f6chten, k\u00f6nnen Sie die Option &#8222;Ich m\u00f6chte meine Mitgliedschaft k\u00fcndigen\\&#8220; im Abschnitt &#8222;Mein Konto&#8220; verwenden.<\/p>\n\t\t<\/div>\n\t\t\t\t\t<\/div>\n\n\t\n\t<div id=\"col-906277856\" class=\"col medium-12 small-12 large-12\"  >\n\t\t\t\t<div class=\"col-inner\"  >\n\t\t\t\n\t\t\t\t\t<\/div>\n\t\t\t\t\t<\/div>\n\n\t<\/div>\n","protected":false},"excerpt":{"rendered":"","protected":false},"author":2,"featured_media":0,"parent":0,"menu_order":0,"comment_status":"closed","ping_status":"closed","template":"","meta":{"inline_featured_image":false,"footnotes":""},"class_list":["post-5142","page","type-page","status-publish","hentry"],"_links":{"self":[{"href":"https:\/\/candanmezili.com\/de\/wp-json\/wp\/v2\/pages\/5142","targetHints":{"allow":["GET"]}}],"collection":[{"href":"https:\/\/candanmezili.com\/de\/wp-json\/wp\/v2\/pages"}],"about":[{"href":"https:\/\/candanmezili.com\/de\/wp-json\/wp\/v2\/types\/page"}],"author":[{"embeddable":true,"href":"https:\/\/candanmezili.com\/de\/wp-json\/wp\/v2\/users\/2"}],"replies":[{"embeddable":true,"href":"https:\/\/candanmezili.com\/de\/wp-json\/wp\/v2\/comments?post=5142"}],"version-history":[{"count":2,"href":"https:\/\/candanmezili.com\/de\/wp-json\/wp\/v2\/pages\/5142\/revisions"}],"predecessor-version":[{"id":39011,"href":"https:\/\/candanmezili.com\/de\/wp-json\/wp\/v2\/pages\/5142\/revisions\/39011"}],"wp:attachment":[{"href":"https:\/\/candanmezili.com\/de\/wp-json\/wp\/v2\/media?parent=5142"}],"curies":[{"name":"wp","href":"https:\/\/api.w.org\/{rel}","templated":true}]}}