{"id":5148,"date":"2018-10-23T12:50:12","date_gmt":"2018-10-23T09:50:12","guid":{"rendered":"https:\/\/candanmezili.com\/?page_id=3829"},"modified":"2025-03-07T16:43:11","modified_gmt":"2025-03-07T13:43:11","slug":"brustvergroesserung-und-straffung","status":"publish","type":"page","link":"https:\/\/candanmezili.com\/de\/brustasthetik\/brustvergroesserung-und-straffung\/","title":{"rendered":"Brustvergr\u00f6\u00dferung und -Straffung  in der T\u00fcrkei"},"content":{"rendered":"<p>\u00dcberlegen Sie, eine <strong><\/strong> durchf\u00fchren zu lassen? Sie treffen eine weise Entscheidung. Die T\u00fcrkei hat sich schnell zu einem Top-Ziel f\u00fcr kosmetische und rekonstruktive Chirurgien entwickelt, bekannt f\u00fcr ihre hochqualifizierten plastischen Chirurgen, modernste medizinische Einrichtungen und wettbewerbsf\u00e4hige Preise. Unsere Klinik spezialisiert sich auf  und bietet personalisierte Behandlungspl\u00e4ne, die darauf ausgelegt sind, Ihre individuellen \u00e4sthetischen Ziele und medizinischen Bed\u00fcrfnisse zu erf\u00fcllen. Besuchen Sie unsere Seite f\u00fcr die Kosten von  in 2026, Erfahrungen und Vorher-Nachher-Fotos.<\/p>\n\n\t<section class=\"section\" id=\"section_1923768398\">\n\t\t<div class=\"section-bg fill\" >\n\t\t\t\t\t\t\t\t\t\n\t\t\t\n\n\t\t<\/div>\n\n\t\t\n\n\t\t<div class=\"section-content relative\">\n\t\t\t\r\n\r\n<div class=\"row\"  id=\"row-966661789\">\r\n\r\n\n\t<div id=\"col-1584978033\" class=\"col small-12 large-12\"  >\n\t\t\t\t<div class=\"col-inner dark\" style=\"background-color:#004e7b;\" >\n\t\t\t\n\t\t\t\r\n\r\n<div class=\"row\"  id=\"row-1802111993\">\r\n\r\n\n\t<div id=\"col-1267902300\" class=\"col medium-5 small-12 large-5\"  >\n\t\t\t\t<div class=\"col-inner\"  >\n\t\t\t\n\t\t\t\r\n\r\n\t<div class=\"img has-hover border-gorsel x md-x lg-x y md-y lg-y\" id=\"image_1073100387\">\n\t\t\t\t\t\t\t\t<div class=\"img-inner dark\" >\n\t\t\t<img decoding=\"async\" width=\"1500\" height=\"1531\" src=\"https:\/\/candanmezili.com\/wp-content\/uploads\/2022\/07\/candanweb.jpg\" class=\"attachment-2048x2048 size-2048x2048\" alt=\"\" srcset=\"https:\/\/candanmezili.com\/wp-content\/uploads\/2022\/07\/candanweb.jpg 1500w, https:\/\/candanmezili.com\/wp-content\/uploads\/2022\/07\/candanweb-294x300.jpg 294w, https:\/\/candanmezili.com\/wp-content\/uploads\/2022\/07\/candanweb-1003x1024.jpg 1003w, https:\/\/candanmezili.com\/wp-content\/uploads\/2022\/07\/candanweb-768x784.jpg 768w\" sizes=\"(max-width: 1500px) 100vw, 1500px\" title=\"\">\t\t\t\t\t\t\n\t\t\t\t\t<\/div>\n\t\t\t\t\t\t\t\t\n<style>\n#image_1073100387 {\n  width: 100%;\n}\n<\/style>\n\t<\/div>\n\t\r\n\r\n\r\n\t\t<\/div>\n\t\t\t\t\t<\/div>\n\n\t\r\n\n\t<div id=\"col-867665430\" class=\"col medium-7 small-12 large-7\"  >\n\t\t\t\t<div class=\"col-inner\"  >\n\t\t\t\n\t\t\t\r\n\r\n\t<div id=\"text-2188179188\" class=\"text\">\n\t\t\r\n\r\n<p><span style=\"font-size: 75%;\">Izmir Plastische und \u00c4sthetische Chirurgie<\/span><br \/><span style=\"font-size: 150%;\"><strong>Op. Dr. Candan Mezili<\/strong><\/span><\/p>\r\n\t\t\n<style>\n#text-2188179188 {\n  font-size: 1rem;\n}\n@media (min-width:550px) {\n  #text-2188179188 {\n    font-size: 1.5rem;\n  }\n}\n<\/style>\n\t<\/div>\n\t\r\n\t<div id=\"text-2983751213\" class=\"text\">\n\t\t\r\n\r\n<p>Ich habe 2005 die Medizinische Fakult\u00e4t der Universit\u00e4t Ankara abgeschlossen und im selben Jahr meine Facharztausbildung f\u00fcr Plastische, \u00c4sthetische und Rekonstruktive Chirurgie an der Medizinischen Fakult\u00e4t der Universit\u00e4t Ege begonnen. Die M\u00f6glichkeit, Formen zu ver\u00e4ndern und Kreativit\u00e4t einzusetzen, war der wichtigste Grund, warum ich mich f\u00fcr dieses Fach entschieden habe. W\u00e4hrend meiner Facharztausbildung hatte ich die Gelegenheit, zahlreiche Operationen mit vielen gesch\u00e4tzten Professoren durchzuf\u00fchren. Derzeit arbeite ich in meiner eigenen Klinik in Izmir.<\/p>\r\n\t\t\n<style>\n#text-2983751213 {\n  text-align: left;\n}\n<\/style>\n\t<\/div>\n\t\r\n<a href=\"https:\/\/candanmezili.com\/de\/uber-mich\/\" class=\"button white is-small lowercase\" style=\"border-radius:10px;\">\n\t\t<span>\u00dcber mich<\/span>\n\t<i class=\"icon-angle-right\" aria-hidden=\"true\"><\/i><\/a>\n\r\n\r\n<a href=\"https:\/\/api.whatsapp.com\/send\/?phone=905334008240\" class=\"button white is-small lowercase\" style=\"border-radius:10px;\" target=\"_blank\" rel=\"noopener\">\n\t\t<span>WhatsApp<\/span>\n\t<i class=\"icon-whatsapp\" aria-hidden=\"true\"><\/i><\/a>\n\r\n\r\n<div class=\"social-icons follow-icons homepage-icon\" ><a href=\"https:\/\/www.facebook.com\/opdrcandanmezili\/\" target=\"_blank\" data-label=\"Facebook\" class=\"icon button circle is-outline tooltip facebook\" title=\"Auf Facebook folgen\" aria-label=\"Auf Facebook folgen\" rel=\"noopener nofollow\"><i class=\"icon-facebook\" aria-hidden=\"true\"><\/i><\/a><a href=\"https:\/\/www.instagram.com\/drcandanmezili\/\" target=\"_blank\" data-label=\"Instagram\" class=\"icon button circle is-outline tooltip instagram\" title=\"Auf Instagram folgen\" aria-label=\"Auf Instagram folgen\" rel=\"noopener nofollow\"><i class=\"icon-instagram\" aria-hidden=\"true\"><\/i><\/a><a href=\"mailto:info@candanmezili.com\" data-label=\"E-mail\" target=\"_blank\" class=\"icon button circle is-outline tooltip email\" title=\"Sende uns eine E-Mail\" aria-label=\"Sende uns eine E-Mail\" rel=\"nofollow noopener\"><i class=\"icon-envelop\" aria-hidden=\"true\"><\/i><\/a><a href=\"tel:+90 533 400 82 40\" data-label=\"Phone\" target=\"_blank\" class=\"icon button circle is-outline tooltip phone\" title=\"Rufe uns an\" aria-label=\"Rufe uns an\" rel=\"nofollow noopener\"><i class=\"icon-phone\" aria-hidden=\"true\"><\/i><\/a><a href=\"https:\/\/www.youtube.com\/@CandanMezili\/\" data-label=\"YouTube\" target=\"_blank\" class=\"icon button circle is-outline tooltip youtube\" title=\"Auf YouTube folgen\" aria-label=\"Auf YouTube folgen\" rel=\"noopener nofollow\"><i class=\"icon-youtube\" aria-hidden=\"true\"><\/i><\/a><\/div>\r\n\r\n\r\n\t\t<\/div>\n\t\t\t\t\t<\/div>\n\n\t\r\n\r\n<\/div>\r\n\r\n\t\t<\/div>\n\t\t\t\t\n<style>\n#col-1584978033 > .col-inner {\n  padding: 30px 15px 1px 15px;\n  margin: 0px 0px -20px 0px;\n  border-radius: 20px;\n}\n@media (min-width:550px) {\n  #col-1584978033 > .col-inner {\n    padding: 30px 30px 1px 30px;\n  }\n}\n<\/style>\n\t<\/div>\n\n\t\r\n\r\n<\/div>\r\n\r\n\t\t<\/div>\n\n\t\t\n<style>\n#section_1923768398 {\n  padding-top: 30px;\n  padding-bottom: 30px;\n}\n<\/style>\n\t<\/section>\n\t\r\n\n<p>&nbsp;<\/p>\n<div id=\"ez-toc-container\" class=\"ez-toc-v2_0_82_2 counter-hierarchy ez-toc-counter ez-toc-custom ez-toc-container-direction\">\n<div class=\"ez-toc-title-container\">\n<p class=\"ez-toc-title\" style=\"cursor:inherit\">Inhaltsverzeichnis<\/p>\n<span class=\"ez-toc-title-toggle\"><a href=\"#\" class=\"ez-toc-pull-right ez-toc-btn ez-toc-btn-xs ez-toc-btn-default ez-toc-toggle\" aria-label=\"Toggle Table of Content\"><span class=\"ez-toc-js-icon-con\"><span class=\"\"><span class=\"eztoc-hide\" style=\"display:none;\">Toggle<\/span><span class=\"ez-toc-icon-toggle-span\"><svg style=\"fill: #ffffff;color:#ffffff\" xmlns=\"http:\/\/www.w3.org\/2000\/svg\" class=\"list-377408\" width=\"20px\" height=\"20px\" viewBox=\"0 0 24 24\" fill=\"none\"><path d=\"M6 6H4v2h2V6zm14 0H8v2h12V6zM4 11h2v2H4v-2zm16 0H8v2h12v-2zM4 16h2v2H4v-2zm16 0H8v2h12v-2z\" fill=\"currentColor\"><\/path><\/svg><svg style=\"fill: #ffffff;color:#ffffff\" class=\"arrow-unsorted-368013\" xmlns=\"http:\/\/www.w3.org\/2000\/svg\" width=\"10px\" height=\"10px\" viewBox=\"0 0 24 24\" version=\"1.2\" baseProfile=\"tiny\"><path d=\"M18.2 9.3l-6.2-6.3-6.2 6.3c-.2.2-.3.4-.3.7s.1.5.3.7c.2.2.4.3.7.3h11c.3 0 .5-.1.7-.3.2-.2.3-.5.3-.7s-.1-.5-.3-.7zM5.8 14.7l6.2 6.3 6.2-6.3c.2-.2.3-.5.3-.7s-.1-.5-.3-.7c-.2-.2-.4-.3-.7-.3h-11c-.3 0-.5.1-.7.3-.2.2-.3.5-.3.7s.1.5.3.7z\"\/><\/svg><\/span><\/span><\/span><\/a><\/span><\/div>\n<nav><ul class='ez-toc-list ez-toc-list-level-1 ' ><li class='ez-toc-page-1 ez-toc-heading-level-2'><a class=\"ez-toc-link ez-toc-heading-1\" href=\"https:\/\/candanmezili.com\/de\/brustasthetik\/brustvergroesserung-und-straffung\/#Ist_die_Brustvergroesserung_und_-Straffung_in_der_Tuerkei_sicher\" >Ist die Brustvergr\u00f6\u00dferung und -Straffung in der T\u00fcrkei sicher?<\/a><\/li><li class='ez-toc-page-1 ez-toc-heading-level-2'><a class=\"ez-toc-link ez-toc-heading-2\" href=\"https:\/\/candanmezili.com\/de\/brustasthetik\/brustvergroesserung-und-straffung\/#Warum_ist_die_Tuerkei_fuer_Brustvergroesserung_und_-Straffung_so_guenstig\" >Warum ist die T\u00fcrkei f\u00fcr Brustvergr\u00f6\u00dferung und -Straffung so g\u00fcnstig?<\/a><\/li><li class='ez-toc-page-1 ez-toc-heading-level-2'><a class=\"ez-toc-link ez-toc-heading-3\" href=\"https:\/\/candanmezili.com\/de\/brustasthetik\/brustvergroesserung-und-straffung\/#Was_ist_die_Erfolgsrate_der_Brustvergroesserung_und_-Straffung_in_der_Tuerkei\" >Was ist die Erfolgsrate der Brustvergr\u00f6\u00dferung und -Straffung in der T\u00fcrkei?<\/a><\/li><li class='ez-toc-page-1 ez-toc-heading-level-2'><a class=\"ez-toc-link ez-toc-heading-4\" href=\"https:\/\/candanmezili.com\/de\/brustasthetik\/brustvergroesserung-und-straffung\/#Wie_wird_eine_Brustvergroesserung_und_-Straffung_durchgefuehrt\" >Wie wird eine Brustvergr\u00f6\u00dferung und -Straffung durchgef\u00fchrt?<\/a><\/li><li class='ez-toc-page-1 ez-toc-heading-level-2'><a class=\"ez-toc-link ez-toc-heading-5\" href=\"https:\/\/candanmezili.com\/de\/brustasthetik\/brustvergroesserung-und-straffung\/#Verfahren_der_Brustvergroesserung_und_-Straffung\" >Verfahren der Brustvergr\u00f6\u00dferung und -Straffung<\/a><\/li><li class='ez-toc-page-1 ez-toc-heading-level-2'><a class=\"ez-toc-link ez-toc-heading-6\" href=\"https:\/\/candanmezili.com\/de\/brustasthetik\/brustvergroesserung-und-straffung\/#Was_sind_die_Risiken_einer_Brustvergroesserung_und_-Straffung\" >Was sind die Risiken einer Brustvergr\u00f6\u00dferung und -Straffung?<\/a><\/li><li class='ez-toc-page-1 ez-toc-heading-level-2'><a class=\"ez-toc-link ez-toc-heading-7\" href=\"https:\/\/candanmezili.com\/de\/brustasthetik\/brustvergroesserung-und-straffung\/#Erfahrungen_und_Bewertungen\" >Erfahrungen und Bewertungen<\/a><\/li><li class='ez-toc-page-1 ez-toc-heading-level-2'><a class=\"ez-toc-link ez-toc-heading-8\" href=\"https:\/\/candanmezili.com\/de\/brustasthetik\/brustvergroesserung-und-straffung\/#Unsere_Zertifikate\" >Unsere Zertifikate<\/a><\/li><\/ul><\/nav><\/div>\n<h2><span class=\"ez-toc-section\" id=\"Ist_die_Brustvergroesserung_und_-Straffung_in_der_Tuerkei_sicher\"><\/span><strong>Ist die Brustvergr\u00f6\u00dferung und -Straffung in der T\u00fcrkei sicher?<\/strong><span class=\"ez-toc-section-end\"><\/span><\/h2>\n<p><span style=\"font-weight: 400;\">Obwohl Brustvergr\u00f6\u00dferungs- und Straffungsoperationen in der T\u00fcrkei allgemein als sicher gelten, gibt es Risiken und m\u00f6gliche Nebenwirkungen, die Sie beachten sollten. Viele hochqualifizierte und erfahrene plastische Chirurgen sind in der T\u00fcrkei zu finden, wo die Kosten f\u00fcr Brustvergr\u00f6\u00dferungs- und Straffungsverfahren niedriger sind als in vielen westlichen L\u00e4ndern. Es ist jedoch wichtig, dass Sie sich ausf\u00fchrlich \u00fcber den Arzt und die Einrichtung, die Sie in Anspruch nehmen m\u00f6chten, informieren und die Vor- und Nachteile des Verfahrens sorgf\u00e4ltig abw\u00e4gen.<\/span><\/p>\n<h2><span class=\"ez-toc-section\" id=\"Warum_ist_die_Tuerkei_fuer_Brustvergroesserung_und_-Straffung_so_guenstig\"><\/span><strong>Warum ist die T\u00fcrkei f\u00fcr Brustvergr\u00f6\u00dferung und -Straffung so g\u00fcnstig?<\/strong><span class=\"ez-toc-section-end\"><\/span><\/h2>\n<p><span style=\"font-weight: 400;\">Aufgrund ihrer vergleichsweisen g\u00fcnstigen Erschwinglichkeit im Vergleich zu anderen L\u00e4ndern ist die T\u00fcrkei ein beliebter Standort f\u00fcr Brustvergr\u00f6\u00dferungs- und Straffungsoperationen. Dies wird durch eine Reihe von Faktoren bewirkt, darunter niedrigere Arbeits- und Betriebskosten, niedrigere Steuern und Vorschriften sowie ein robuster lokaler Gesundheitssektor. Neben der aktiven F\u00f6rderung bietet die t\u00fcrkische Regierung Anreize, Patienten aus der ganzen Welt anzuziehen.<\/span><\/p>\n<h2><span class=\"ez-toc-section\" id=\"Was_ist_die_Erfolgsrate_der_Brustvergroesserung_und_-Straffung_in_der_Tuerkei\"><\/span>Was ist die Erfolgsrate der Brustvergr\u00f6\u00dferung und -Straffung in der T\u00fcrkei?<span class=\"ez-toc-section-end\"><\/span><\/h2>\n<p>Forschungen der <a href=\"https:\/\/www.plasticsurgery.org\/news\/press-releases\/breast-augmentation-patients-report-high-satisfaction-rates\" target=\"_blank\" rel=\"noopener\">American Society of Plastic Surgeons<\/a> zeigen, dass Brustvergr\u00f6\u00dferungsverfahren im Allgemeinen eine hohe Zufriedenheit erzielen, mit einer Rate von 98% zufriedener Patientinnen nach der Operation. Obwohl die Mehrheit mit der Gr\u00f6\u00dfe zufrieden ist, w\u00fcnscht sich eine Minderheit andere Gr\u00f6\u00dfen. Komplikationsraten wie Kapselkontraktur liegen zwischen 8% und 19%, wie von <a href=\"https:\/\/link.springer.com\/chapter\/10.1007\/978-3-319-53958-4_4\" target=\"_blank\" rel=\"noopener\">Springer berichtet<\/a>. Der Einsatz von azellul\u00e4rer dermaler Matrix wird zur Verringerung von Rezidiven verwendet, bringt jedoch Risiken wie Serom und Infektionen mit sich. Dar\u00fcber hinaus zeigen MRT-Studien, dass Silikonimplantate eine Rupturrate von 13% bis 17,7% haben. Patientinnen, die sich f\u00fcr texturierte Implantate entscheiden, werden \u00fcber diese Risiken aufgekl\u00e4rt, was die Wichtigkeit der Information \u00fcber m\u00f6gliche Komplikationen trotz der allgemein positiven Ergebnisse unterstreicht.<\/p>\n<p>Eine Studie, die auf der Konferenz der <a href=\"https:\/\/www.sciencedaily.com\/releases\/2008\/10\/081008114404.htm\" target=\"_blank\" rel=\"noopener\">American Society of Plastic Surgeons<\/a> pr\u00e4sentiert und von ScienceDaily berichtet wurde, zeigt hohe Zufriedenheitsraten bei verschiedenen Brustoperationen. Dazu geh\u00f6ren Vergr\u00f6\u00dferung, Anhebung, eine Kombination aus Anhebung und Vergr\u00f6\u00dferung sowie Reduktion, die alle erheblich zur Verbesserung des Selbstwertgef\u00fchls und der Lebensqualit\u00e4t beitragen. Bemerkenswert ist, dass 99% der Frauen sich erneut f\u00fcr den Eingriff entscheiden w\u00fcrden. Die Studie betont, dass die Zufriedenheitsraten f\u00fcr Bruststraffungen, egal ob allein oder in Kombination mit einer Vergr\u00f6\u00dferung, denen von Vergr\u00f6\u00dferungen und Reduktionen entsprechen und somit einen universell positiven Effekt auf die Patientinnen haben, die diese Behandlungen durchf\u00fchren lassen.<\/p>\n<h2><span class=\"ez-toc-section\" id=\"Wie_wird_eine_Brustvergroesserung_und_-Straffung_durchgefuehrt\"><\/span><strong>Wie wird eine Brustvergr\u00f6\u00dferung und -Straffung durchgef\u00fchrt?<\/strong><span class=\"ez-toc-section-end\"><\/span><\/h2>\n<p><span style=\"font-weight: 400;\">\u00dcblicherweise werden Bruststraffung und -vergr\u00f6\u00dferung zusammen in einer einzigen Operation durchgef\u00fchrt. Zuerst wird ein Einschnitt im Brustgewebe vorgenommen, entweder in der Falte unter der Brust oder um den Warzenhof herum. Das Brustgewebe und die Brustwarze werden dann vom Chirurgen h\u00f6her auf der Brust angehoben, der auch ein Silikon- oder Kochsalzimplantat in die Brusttasche einf\u00fchrt. N\u00e4hte werden dann verwendet, um den Einschnitt zu schlie\u00dfen.<\/span><\/p>\n<h2><span class=\"ez-toc-section\" id=\"Verfahren_der_Brustvergroesserung_und_-Straffung\"><\/span><strong>Verfahren der Brustvergr\u00f6\u00dferung und -Straffung<\/strong><span class=\"ez-toc-section-end\"><\/span><\/h2>\n<p><span style=\"font-weight: 400;\">Um die Br\u00fcste zu vergr\u00f6\u00dfern, werden bei der Brustvergr\u00f6\u00dferung Silikon- oder Kochsalzimplantate eingesetzt. Im Gegensatz dazu beinhaltet die Bruststraffung die Entfernung \u00fcbersch\u00fcssiger Haut und die Neupositionierung des verbleibenden Gewebes, um die Br\u00fcste anzuheben und zu straffen. Abh\u00e4ngig von den Bed\u00fcrfnissen und gew\u00fcnschten Ergebnissen des Einzelnen kann jedes Verfahren einzeln oder im Tandem durchgef\u00fchrt werden. Plastische Chirurgen f\u00fchren sie durch; Sie bewerten die Bed\u00fcrfnisse des Patienten und schlagen die beste Vorgehensweise vor.<\/span><\/p>\n<h2><span class=\"ez-toc-section\" id=\"Was_sind_die_Risiken_einer_Brustvergroesserung_und_-Straffung\"><\/span><strong>Was sind die Risiken einer Brustvergr\u00f6\u00dferung und -Straffung?<\/strong><span class=\"ez-toc-section-end\"><\/span><\/h2>\n<p><span style=\"font-weight: 400;\">Sowohl die Brustvergr\u00f6\u00dferung als auch die Straffungsoperation sind mit einigen Risiken verbunden. Blutungen, Infektionen und suboptimale Heilung sind einige davon. Die An\u00e4sthesie, die w\u00e4hrend des Eingriffs verwendet wird, birgt auch das Risiko von Komplikationen. Nach dem Eingriff bemerken einige Frauen m\u00f6glicherweise auch Ver\u00e4nderungen im Gef\u00fchl ihrer Br\u00fcste oder Brustwarzen. Au\u00dferdem besteht die M\u00f6glichkeit, dass sich die Implantate verschieben oder rei\u00dfen, was eine weitere Operation erforderlich macht.<\/span><\/p>\n<h2><span class=\"ez-toc-section\" id=\"Erfahrungen_und_Bewertungen\"><\/span>Erfahrungen und Bewertungen<span class=\"ez-toc-section-end\"><\/span><\/h2>\n<p>Dr. Candan Mezili ist einer der besten plastischen Chirurgen in der T\u00fcrkei. Er hat mehr als 50 Bewertungen f\u00fcr kosmetische Operationen auf Foren und Plattformen wie <a href=\"https:\/\/www.trustpilot.com\/review\/candanmezili.com\">Trustpilot<\/a> und <a href=\"https:\/\/maps.app.goo.gl\/aNXgBgsdbEdRAVmP9\" target=\"_blank\" rel=\"noopener\">Google My Business.<\/a> Die durchschnittliche Bewertung von Patienten, die sich in der T\u00fcrkei von Dr. Candan Mezili operieren lie\u00dfen, betr\u00e4gt 4,8\/5.<\/p>\n<p>&nbsp;<\/p>\n<div id=\"gtx-trans\" style=\"position: absolute; left: 156px; top: 421.656px;\">\n<div class=\"gtx-trans-icon\"><\/div>\n<\/div>\n<h2 style=\"text-align: center;\"><span class=\"ez-toc-section\" id=\"Unsere_Zertifikate\"><\/span>Unsere Zertifikate<span class=\"ez-toc-section-end\"><\/span><\/h2>\n[\/col]\n\n\t<div id=\"col-574287992\" class=\"col medium-3 small-6 large-3\"  >\n\t\t\t\t<div class=\"col-inner\"  >\n\t\t\t\n\t\t\t\n\t<div class=\"img has-hover x md-x lg-x y md-y lg-y\" id=\"image_840670230\">\n\t\t\t\t\t\t\t\t<div class=\"img-inner dark\" >\n\t\t\t<img decoding=\"async\" width=\"500\" height=\"200\" src=\"https:\/\/candanmezili.com\/wp-content\/uploads\/2022\/08\/bakanlik-1.png\" class=\"attachment-large size-large\" alt=\"\" srcset=\"https:\/\/candanmezili.com\/wp-content\/uploads\/2022\/08\/bakanlik-1.png 500w, https:\/\/candanmezili.com\/wp-content\/uploads\/2022\/08\/bakanlik-1-300x120.png 300w\" sizes=\"(max-width: 500px) 100vw, 500px\" title=\"\">\t\t\t\t\t\t\n\t\t\t\t\t<\/div>\n\t\t\t\t\t\t\t\t\n<style>\n#image_840670230 {\n  width: 100%;\n}\n<\/style>\n\t<\/div>\n\t\n\t\t<\/div>\n\t\t\t\t\t<\/div>\n\n\t\n\n\t<div id=\"col-47028030\" class=\"col medium-3 small-6 large-3\"  >\n\t\t\t\t<div class=\"col-inner\"  >\n\t\t\t\n\t\t\t\n\t<div class=\"img has-hover x md-x lg-x y md-y lg-y\" id=\"image_1503552126\">\n\t\t\t\t\t\t\t\t<div class=\"img-inner dark\" >\n\t\t\t<img decoding=\"async\" width=\"500\" height=\"200\" src=\"https:\/\/candanmezili.com\/wp-content\/uploads\/2022\/08\/isaps-1.png\" class=\"attachment-large size-large\" alt=\"\" srcset=\"https:\/\/candanmezili.com\/wp-content\/uploads\/2022\/08\/isaps-1.png 500w, https:\/\/candanmezili.com\/wp-content\/uploads\/2022\/08\/isaps-1-300x120.png 300w\" sizes=\"(max-width: 500px) 100vw, 500px\" title=\"\">\t\t\t\t\t\t\n\t\t\t\t\t<\/div>\n\t\t\t\t\t\t\t\t\n<style>\n#image_1503552126 {\n  width: 100%;\n}\n<\/style>\n\t<\/div>\n\t\n\t\t<\/div>\n\t\t\t\t\t<\/div>\n\n\t\n\n\t<div id=\"col-1502684981\" class=\"col medium-3 small-6 large-3\"  >\n\t\t\t\t<div class=\"col-inner\"  >\n\t\t\t\n\t\t\t\n\t<div class=\"img has-hover x md-x lg-x y md-y lg-y\" id=\"image_1641978970\">\n\t\t\t\t\t\t\t\t<div class=\"img-inner dark\" >\n\t\t\t<img decoding=\"async\" width=\"500\" height=\"200\" src=\"https:\/\/candanmezili.com\/wp-content\/uploads\/2022\/08\/jci-1.png\" class=\"attachment-large size-large\" alt=\"\" srcset=\"https:\/\/candanmezili.com\/wp-content\/uploads\/2022\/08\/jci-1.png 500w, https:\/\/candanmezili.com\/wp-content\/uploads\/2022\/08\/jci-1-300x120.png 300w\" sizes=\"(max-width: 500px) 100vw, 500px\" title=\"\">\t\t\t\t\t\t\n\t\t\t\t\t<\/div>\n\t\t\t\t\t\t\t\t\n<style>\n#image_1641978970 {\n  width: 100%;\n}\n<\/style>\n\t<\/div>\n\t\n\t\t<\/div>\n\t\t\t\t\t<\/div>\n\n\t\n\n\t<div id=\"col-919618166\" class=\"col medium-3 small-6 large-3\"  >\n\t\t\t\t<div class=\"col-inner\"  >\n\t\t\t\n\t\t\t\n\t<div class=\"img has-hover x md-x lg-x y md-y lg-y\" id=\"image_2046659756\">\n\t\t\t\t\t\t\t\t<div class=\"img-inner dark\" >\n\t\t\t<img decoding=\"async\" width=\"500\" height=\"200\" src=\"https:\/\/candanmezili.com\/wp-content\/uploads\/2022\/08\/dernek-1.png\" class=\"attachment-large size-large\" alt=\"\" srcset=\"https:\/\/candanmezili.com\/wp-content\/uploads\/2022\/08\/dernek-1.png 500w, https:\/\/candanmezili.com\/wp-content\/uploads\/2022\/08\/dernek-1-300x120.png 300w\" sizes=\"(max-width: 500px) 100vw, 500px\" title=\"\">\t\t\t\t\t\t\n\t\t\t\t\t<\/div>\n\t\t\t\t\t\t\t\t\n<style>\n#image_2046659756 {\n  width: 100%;\n}\n<\/style>\n\t<\/div>\n\t\n\t\t<\/div>\n\t\t\t\t\t<\/div>\n\n\t\n[\/row]\nReferenzen:<\/p>\n<p>Zeplin, P. H. (2021). <a href=\"https:\/\/www.thieme-connect.com\/products\/ejournals\/abstract\/10.1055\/a-1307-3917\" target=\"_blank\" rel=\"noopener\">Narbensparende Brustvergr\u00f6\u00dferung: Erfahrungen mit \u00fcber 500 Implantaten<\/a>.\u00a0<i>Handchirurgie\u00b7 Mikrochirurgie\u00b7 Plastische Chirurgie<\/i>,\u00a0<i>53<\/i>(02), 144-148.[\/col][\/row]\n<div class=\"row\"  id=\"row-1041503824\">\n<\/div>\n","protected":false},"excerpt":{"rendered":"<p>\u00dcberlegen Sie, eine durchf\u00fchren zu lassen? Sie treffen eine weise Entscheidung. Die T\u00fcrkei hat sich schnell zu einem Top-Ziel f\u00fcr kosmetische und rekonstruktive Chirurgien entwickelt, bekannt f\u00fcr ihre hochqualifizierten plastischen Chirurgen, modernste medizinische Einrichtungen und wettbewerbsf\u00e4hige Preise. Unsere Klinik spezialisiert sich auf und bietet personalisierte Behandlungspl\u00e4ne, die darauf ausgelegt sind, Ihre individuellen \u00e4sthetischen Ziele und [&#8230;]\n","protected":false},"author":2,"featured_media":38389,"parent":5143,"menu_order":0,"comment_status":"open","ping_status":"closed","template":"","meta":{"inline_featured_image":false,"footnotes":""},"class_list":["post-5148","page","type-page","status-publish","has-post-thumbnail","hentry"],"_links":{"self":[{"href":"https:\/\/candanmezili.com\/de\/wp-json\/wp\/v2\/pages\/5148","targetHints":{"allow":["GET"]}}],"collection":[{"href":"https:\/\/candanmezili.com\/de\/wp-json\/wp\/v2\/pages"}],"about":[{"href":"https:\/\/candanmezili.com\/de\/wp-json\/wp\/v2\/types\/page"}],"author":[{"embeddable":true,"href":"https:\/\/candanmezili.com\/de\/wp-json\/wp\/v2\/users\/2"}],"replies":[{"embeddable":true,"href":"https:\/\/candanmezili.com\/de\/wp-json\/wp\/v2\/comments?post=5148"}],"version-history":[{"count":4,"href":"https:\/\/candanmezili.com\/de\/wp-json\/wp\/v2\/pages\/5148\/revisions"}],"predecessor-version":[{"id":40276,"href":"https:\/\/candanmezili.com\/de\/wp-json\/wp\/v2\/pages\/5148\/revisions\/40276"}],"up":[{"embeddable":true,"href":"https:\/\/candanmezili.com\/de\/wp-json\/wp\/v2\/pages\/5143"}],"wp:featuredmedia":[{"embeddable":true,"href":"https:\/\/candanmezili.com\/de\/wp-json\/wp\/v2\/media\/38389"}],"wp:attachment":[{"href":"https:\/\/candanmezili.com\/de\/wp-json\/wp\/v2\/media?parent=5148"}],"curies":[{"name":"wp","href":"https:\/\/api.w.org\/{rel}","templated":true}]}}