{"id":5158,"date":"2017-07-25T16:12:18","date_gmt":"2017-07-25T13:12:18","guid":{"rendered":"https:\/\/candanmezili.com\/?page_id=2743"},"modified":"2024-11-26T22:34:35","modified_gmt":"2024-11-26T19:34:35","slug":"korperasthetik","status":"publish","type":"page","link":"https:\/\/candanmezili.com\/de\/korperasthetik\/","title":{"rendered":"K\u00f6rper\u00e4sthetik in der T\u00fcrkei"},"content":{"rendered":"<div class=\"row\"  id=\"row-1932814750\">\n\n\t<div id=\"col-1604550292\" class=\"col medium-4 small-12 large-4\"  >\n\t\t\t\t<div class=\"col-inner\"  >\n\t\t\t\n\t\t\t\n<div class=\"department-info\">\n<div class=\"department-icon\"> <a\n      href=\"https:\/\/candanmezili.com\/de\/korperasthetik\/fettabsaugung-2\/\"><img decoding=\"async\"\n        class=\"alignnone size-full wp-image-16033\"\n        src=\"https:\/\/candanmezili.com\/wp-content\/uploads\/2023\/01\/3-1.jpg\"\n        alt=\"\" width=\"300\" height=\"207\" \/><\/a><\/p>\n<h3 class=\"heady\"><a\n        href=\"https:\/\/candanmezili.com\/de\/korperasthetik\/fettabsaugung-2\/\">Fettabsaugung<\/a><br \/>\n    <\/h3>\n<div class=\"department-desc\">Liposuktion (Liposuktion) Prozess saugt<br \/>\n      \u00fcbersch\u00fcssige Fette im K\u00f6rper &#8230;<\/div>\n<\/p>\n<\/div>\n<\/div>\n<div id=\"gtx-trans\" style=\"position: absolute; left: 91px; top: 405.438px;\">\n<div class=\"gtx-trans-icon\"><\/div>\n<\/div>\n<div class=\"department-info\"> <a\n    href=\"https:\/\/candanmezili.com\/de\/korperasthetik\/brasilianische-po-aesthetik\/\"><img decoding=\"async\"\n      class=\"alignnone size-full wp-image-16024\"\n      src=\"https:\/\/candanmezili.com\/wp-content\/uploads\/2023\/01\/7-1.jpg\"\n      alt=\"\" width=\"300\" height=\"207\" \/><\/a><\/p>\n<h3 class=\"department-title\"><a\n      href=\"https:\/\/candanmezili.com\/de\/korperasthetik\/brasilianische-po-aesthetik\/\">Brasilianische<br \/>\n      Hintern\u00e4sthetik (BBL)<\/a><\/h3>\n<div class=\"department-desc\">BbL steht f\u00fcr Brazilian Butt Lift. Diese<br \/>\n    Operation ist eigentlich fett &#8230;<\/div>\n<\/div>\n<div id=\"gtx-trans\" style=\"position: absolute; left: 70px; top: 534.891px;\">\n<div class=\"gtx-trans-icon\"><\/div>\n<\/div>\n<div id=\"gtx-trans\" style=\"position: absolute; left: 70px; top: 534.891px;\">\n<div class=\"gtx-trans-icon\"><\/div>\n<\/div>\n\t\t<\/div>\n\t\t\t\t\t<\/div>\n\n\t\n\n\t<div id=\"col-1224016361\" class=\"col medium-4 small-12 large-4\"  >\n\t\t\t\t<div class=\"col-inner\"  >\n\t\t\t\n\t\t\t\n<div class=\"department-info\"> <a\n    href=\"https:\/\/candanmezili.com\/de\/korperasthetik\/po-aesthetik\/\"><img decoding=\"async\"\n      class=\"alignnone size-full wp-image-16030\"\n      src=\"https:\/\/candanmezili.com\/wp-content\/uploads\/2023\/01\/2-1.jpg\"\n      alt=\"\" width=\"300\" height=\"207\" \/><\/a><\/p>\n<h3 class=\"department-title\"><a\n      href=\"https:\/\/candanmezili.com\/de\/korperasthetik\/po-aesthetik\/\">Po-\u00c4sthetik<\/a><br \/>\n  <\/h3>\n<div class=\"department-desc\">H\u00fcften sind ein wichtiges Element, das immer die<br \/>\n    Attraktivit\u00e4t des&#8230;<\/div>\n<\/div>\n<div id=\"gtx-trans\" style=\"position: absolute; left: 40px; top: 264.719px;\">\n<div class=\"gtx-trans-icon\"><\/div>\n<\/div>\n<div class=\"department-info\">\n<div class=\"department-icon\"> <a\n      href=\"https:\/\/candanmezili.com\/de\/korperasthetik\/armstraffung\/\"><img decoding=\"async\"\n        class=\"alignnone size-full wp-image-16018\"\n        src=\"https:\/\/candanmezili.com\/wp-content\/uploads\/2023\/01\/4-1.jpg\"\n        alt=\"\" width=\"300\" height=\"207\" \/><\/a><\/p>\n<h3><a\n        href=\"https:\/\/candanmezili.com\/de\/korperasthetik\/armstraffung\/\">Armstraffung<\/a><br \/>\n    <\/h3>\n<div class=\"department-desc\">Mit dem Effekt des Fortschreitens des Alters<br \/>\n      oder des Abnehmens&#8230;<\/div>\n<\/p>\n<\/div>\n<\/div>\n<div id=\"gtx-trans\" style=\"position: absolute; left: -4px; top: 271.719px;\">\n<div class=\"gtx-trans-icon\"><\/div>\n<\/div>\n\t\t<\/div>\n\t\t\t\t\t<\/div>\n\n\t\n\n\t<div id=\"col-376964848\" class=\"col medium-4 small-12 large-4\"  >\n\t\t\t\t<div class=\"col-inner\"  >\n\t\t\t\n\t\t\t\n<div class=\"department-info\"> <a\n    href=\"https:\/\/candanmezili.com\/de\/korperasthetik\/oberschenkelstraffung\/\"><img decoding=\"async\"\n      class=\"alignnone size-full wp-image-16036\"\n      src=\"https:\/\/candanmezili.com\/wp-content\/uploads\/2023\/01\/1-1.jpg\"\n      alt=\"\" width=\"300\" height=\"207\" \/><\/a><\/p>\n<h3 class=\"department-title\"><a\n      href=\"https:\/\/candanmezili.com\/de\/korperasthetik\/oberschenkelstraffung\/\">Oberschenkellift<\/a><br \/>\n  <\/h3>\n<div class=\"department-desc\">Targeting Haut schlaff im Oberschenkel (Kalb)<br \/>\n    stretching&#8230;<\/div>\n<\/div>\n<div id=\"gtx-trans\" style=\"position: absolute; left: 118px; top: 374.438px;\">\n<div class=\"gtx-trans-icon\"><\/div>\n<\/div>\n<div id=\"gtx-trans\" style=\"position: absolute; left: 118px; top: 374.438px;\">\n<div class=\"gtx-trans-icon\"><\/div>\n<\/div>\n<div class=\"department-info\"> <a\n    href=\"https:\/\/candanmezili.com\/de\/korperasthetik\/bauchstraffung\/\"><img decoding=\"async\"\n      class=\"alignnone size-full wp-image-16021\"\n      src=\"https:\/\/candanmezili.com\/wp-content\/uploads\/2023\/01\/5-1.jpg\"\n      alt=\"\" width=\"300\" height=\"207\" \/><\/a><\/p>\n<h3 class=\"department-title\"><a\n      href=\"https:\/\/candanmezili.com\/de\/korperasthetik\/bauchstraffung\/\">Bauchstraffung<\/a><br \/>\n  <\/h3>\n<div class=\"department-desc\">Ihr OP-Team wird w\u00e4hrend Ihrer Beratung f\u00fcr eine<br \/>\n    Bauch&#8230;<\/div>\n<\/div>\n<div id=\"gtx-trans\" style=\"position: absolute; left: 70px; top: 534.891px;\">\n<div class=\"gtx-trans-icon\"><\/div>\n<\/div>\n<div id=\"gtx-trans\" style=\"position: absolute; left: 70px; top: 534.891px;\">\n<div class=\"gtx-trans-icon\"><\/div>\n<\/div>\n\t\t<\/div>\n\t\t\t\t\t<\/div>\n\n\t\n<\/div>\n","protected":false},"excerpt":{"rendered":"","protected":false},"author":2,"featured_media":0,"parent":0,"menu_order":0,"comment_status":"closed","ping_status":"closed","template":"","meta":{"inline_featured_image":false,"footnotes":""},"class_list":["post-5158","page","type-page","status-publish","hentry"],"_links":{"self":[{"href":"https:\/\/candanmezili.com\/de\/wp-json\/wp\/v2\/pages\/5158","targetHints":{"allow":["GET"]}}],"collection":[{"href":"https:\/\/candanmezili.com\/de\/wp-json\/wp\/v2\/pages"}],"about":[{"href":"https:\/\/candanmezili.com\/de\/wp-json\/wp\/v2\/types\/page"}],"author":[{"embeddable":true,"href":"https:\/\/candanmezili.com\/de\/wp-json\/wp\/v2\/users\/2"}],"replies":[{"embeddable":true,"href":"https:\/\/candanmezili.com\/de\/wp-json\/wp\/v2\/comments?post=5158"}],"version-history":[{"count":4,"href":"https:\/\/candanmezili.com\/de\/wp-json\/wp\/v2\/pages\/5158\/revisions"}],"predecessor-version":[{"id":40041,"href":"https:\/\/candanmezili.com\/de\/wp-json\/wp\/v2\/pages\/5158\/revisions\/40041"}],"wp:attachment":[{"href":"https:\/\/candanmezili.com\/de\/wp-json\/wp\/v2\/media?parent=5158"}],"curies":[{"name":"wp","href":"https:\/\/api.w.org\/{rel}","templated":true}]}}