{"id":3375,"date":"2017-07-13T22:34:26","date_gmt":"2017-07-13T19:34:26","guid":{"rendered":"https:\/\/candanmezili.com\/?page_id=3375"},"modified":"2025-12-12T16:15:03","modified_gmt":"2025-12-12T13:15:03","slug":"nose-job","status":"publish","type":"page","link":"https:\/\/candanmezili.com\/en\/nose-job\/","title":{"rendered":"Nose Job"},"content":{"rendered":"<div class=\"row\"  id=\"row-706821863\">\n\n\t<div id=\"col-1743510015\" class=\"col medium-12 small-12 large-12\"  >\n\t\t\t\t<div class=\"col-inner\"  >\n\t\t\t\n\t\t\t\n<p>Izmir is one of the cheapest and best city for people who come to Turkey for a nose job.<\/p>\n<p>Candan Mezili\u2019s Clinic is the one of the most popular clinic for <em>nose job in Izmir, Turkey<\/em>.<\/p>\n<p>You can find out all details about the nose job in Izmir such as our clinic\u2019s patients reviews, costs, before &amp; after photos for <strong>nose job in Izmir, Turkey.<\/strong><\/p>\n<p>If you want to get in touch for nose job packages in Turkey, <span style=\"text-decoration: underline;\">contact us via WhatsApp or options below.<\/span><\/p>\n<h2>How Many People get Nose Job in Turkey?<\/h2>\n<p>According to the <a href=\"https:\/\/www.plasticsurgery.org\/documents\/News\/Statistics\/2022\/plastic-surgery-statistics-report-2022.pdf\" target=\"_blank\" rel=\"noopener\">American Society of Plastic Surgeons<\/a>, in 2022, 44,503 nose reshaping (rhinoplasty) procedures were performed. This number represents a significant increase from the previous year, with a 37% rise in these procedures. Rhinoplasty, commonly called a \\&#8217;nose job,\\&#8217; is a surgical procedure aimed at changing the nose\\&#8217;s shape for cosmetic reasons or to improve breathing. The data from the American Society of Plastic Surgeons provides valuable insights into the trends and popularity of cosmetic surgeries, particularly highlighting the growing interest in nasal jobs.<\/p>\n<h2>What is the Success Rate of Nose Job in Turkey?<\/h2>\n<p>The study by <a href=\"https:\/\/academic.oup.com\/asj\/article\/33\/1\/31\/210401\" target=\"_blank\" rel=\"noopener\">Keith C. Neaman, MD, and colleagues<\/a> analyzed the outcomes of 369 consecutive cosmetic rhinoplasties. They found that 72.7% (279 cases) were performed using an open approach. The overall rates of complications, dissatisfaction, and revision surgeries were 7.9%, 15.4%, and 9.8%, respectively. Notably, 87% of the patients were deemed by their surgeons to have achieved successful anatomical correction of their nasal deformities postoperatively. Factors such as a history of prior nasal operations or facial fractures, the lack of anatomical correction, and the occurrence of postoperative complications were linked to increased rates of both revision surgeries and patient dissatisfaction. Additionally, the study highlighted that not addressing the nasal tip during the primary rhinoplasty was associated with higher dissatisfaction levels. This comprehensive analysis provides valuable insights into the success and challenges associated with cosmetic rhinoplasty.<\/p>\n\t<div id=\"gap-318311559\" class=\"gap-element clearfix\" style=\"display:block; height:auto;\">\n\t\t\n<style>\n#gap-318311559 {\n  padding-top: 30px;\n}\n<\/style>\n\t<\/div>\n\t\n\n  \n    <div class=\"row large-columns-3 medium-columns- small-columns-2\" >\n  <div class=\"page-col col\" >\n          <div class=\"col-inner\" >\n          <a class=\"block plain\" href=\"https:\/\/candanmezili.com\/en\/nose-job\/secondary-nosejob\/\" title=\"Revision Rhinoplasty in Turkey\" target=\"\">\n            <div class=\"page-box box has-hover\">\n                  <div class=\"box-image\" >\n                      <div class=\"box-image image-cover\" style=\"padding-top:75%;\">\n                      <img decoding=\"async\" width=\"300\" height=\"169\" src=\"https:\/\/candanmezili.com\/wp-content\/uploads\/2024\/08\/Revizyon-Rinoplasti-Duzeltme-Burun-Estetigi-300x169.png\" class=\"attachment-medium size-medium\" alt=\"Revizyon Rinoplasti (Du\u0308zeltme Burun Estetig\u0306i)\" srcset=\"https:\/\/candanmezili.com\/wp-content\/uploads\/2024\/08\/Revizyon-Rinoplasti-Duzeltme-Burun-Estetigi-300x169.png 300w, https:\/\/candanmezili.com\/wp-content\/uploads\/2024\/08\/Revizyon-Rinoplasti-Duzeltme-Burun-Estetigi-1024x576.png 1024w, https:\/\/candanmezili.com\/wp-content\/uploads\/2024\/08\/Revizyon-Rinoplasti-Duzeltme-Burun-Estetigi-768x432.png 768w, https:\/\/candanmezili.com\/wp-content\/uploads\/2024\/08\/Revizyon-Rinoplasti-Duzeltme-Burun-Estetigi-1536x864.png 1536w, https:\/\/candanmezili.com\/wp-content\/uploads\/2024\/08\/Revizyon-Rinoplasti-Duzeltme-Burun-Estetigi-640x360.png 640w, https:\/\/candanmezili.com\/wp-content\/uploads\/2024\/08\/Revizyon-Rinoplasti-Duzeltme-Burun-Estetigi-400x225.png 400w, https:\/\/candanmezili.com\/wp-content\/uploads\/2024\/08\/Revizyon-Rinoplasti-Duzeltme-Burun-Estetigi.jpg 1600w\" sizes=\"(max-width: 300px) 100vw, 300px\" title=\"\">                      <\/div>\n                                                              <\/div>\n                  <div class=\"box-text text-center dark\" style=\"background-color:rgb(0, 78, 123);\">\n                        <div class=\"box-text-inner\">\n                            <p>Revision Rhinoplasty in Turkey<\/p>\n                        <\/div>\n                  <\/div>\n              <\/div>\n            <\/a>\n            <\/div>\n          <\/div><div class=\"page-col col\" >\n          <div class=\"col-inner\" >\n          <a class=\"block plain\" href=\"https:\/\/candanmezili.com\/en\/nose-job\/male-nose-job-male-rhinoplasty\/\" title=\"Male Rhinoplasty in Turkey\" target=\"\">\n            <div class=\"page-box box has-hover\">\n                  <div class=\"box-image\" >\n                      <div class=\"box-image image-cover\" style=\"padding-top:75%;\">\n                      <img decoding=\"async\" width=\"300\" height=\"169\" src=\"https:\/\/candanmezili.com\/wp-content\/uploads\/2024\/08\/Erkeklerde-burun-estetigi-Rinoplasti-nedir_-Nasil-yapilir-300x169.png\" class=\"attachment-medium size-medium\" alt=\"Erkeklerde burun estetig\u0306i (Rinoplasti) nedir_ Nas\u0131l yap\u0131l\u0131r\" srcset=\"https:\/\/candanmezili.com\/wp-content\/uploads\/2024\/08\/Erkeklerde-burun-estetigi-Rinoplasti-nedir_-Nasil-yapilir-300x169.png 300w, https:\/\/candanmezili.com\/wp-content\/uploads\/2024\/08\/Erkeklerde-burun-estetigi-Rinoplasti-nedir_-Nasil-yapilir-1024x576.png 1024w, https:\/\/candanmezili.com\/wp-content\/uploads\/2024\/08\/Erkeklerde-burun-estetigi-Rinoplasti-nedir_-Nasil-yapilir-768x432.png 768w, https:\/\/candanmezili.com\/wp-content\/uploads\/2024\/08\/Erkeklerde-burun-estetigi-Rinoplasti-nedir_-Nasil-yapilir-1536x864.png 1536w, https:\/\/candanmezili.com\/wp-content\/uploads\/2024\/08\/Erkeklerde-burun-estetigi-Rinoplasti-nedir_-Nasil-yapilir-640x360.png 640w, https:\/\/candanmezili.com\/wp-content\/uploads\/2024\/08\/Erkeklerde-burun-estetigi-Rinoplasti-nedir_-Nasil-yapilir-400x225.png 400w, https:\/\/candanmezili.com\/wp-content\/uploads\/2024\/08\/Erkeklerde-burun-estetigi-Rinoplasti-nedir_-Nasil-yapilir.jpg 1600w\" sizes=\"(max-width: 300px) 100vw, 300px\" title=\"\">                      <\/div>\n                                                              <\/div>\n                  <div class=\"box-text text-center dark\" style=\"background-color:rgb(0, 78, 123);\">\n                        <div class=\"box-text-inner\">\n                            <p>Male Rhinoplasty in Turkey<\/p>\n                        <\/div>\n                  <\/div>\n              <\/div>\n            <\/a>\n            <\/div>\n          <\/div><div class=\"page-col col\" >\n          <div class=\"col-inner\" >\n          <a class=\"block plain\" href=\"https:\/\/candanmezili.com\/en\/nose-job\/tipplasty-nasal-tip-surgery\/\" title=\"Tip Rhinoplasty in Turkey\" target=\"\">\n            <div class=\"page-box box has-hover\">\n                  <div class=\"box-image\" >\n                      <div class=\"box-image image-cover\" style=\"padding-top:75%;\">\n                      <img decoding=\"async\" width=\"300\" height=\"169\" src=\"https:\/\/candanmezili.com\/wp-content\/uploads\/2024\/08\/Burun-Ucu-Estetigi-Tipplasti-300x169.png\" class=\"attachment-medium size-medium\" alt=\"Burun Ucu Estetig\u0306i (Tipplasti)\" srcset=\"https:\/\/candanmezili.com\/wp-content\/uploads\/2024\/08\/Burun-Ucu-Estetigi-Tipplasti-300x169.png 300w, https:\/\/candanmezili.com\/wp-content\/uploads\/2024\/08\/Burun-Ucu-Estetigi-Tipplasti-1024x576.png 1024w, https:\/\/candanmezili.com\/wp-content\/uploads\/2024\/08\/Burun-Ucu-Estetigi-Tipplasti-768x432.png 768w, https:\/\/candanmezili.com\/wp-content\/uploads\/2024\/08\/Burun-Ucu-Estetigi-Tipplasti-1536x864.png 1536w, https:\/\/candanmezili.com\/wp-content\/uploads\/2024\/08\/Burun-Ucu-Estetigi-Tipplasti-640x360.png 640w, https:\/\/candanmezili.com\/wp-content\/uploads\/2024\/08\/Burun-Ucu-Estetigi-Tipplasti-400x225.png 400w, https:\/\/candanmezili.com\/wp-content\/uploads\/2024\/08\/Burun-Ucu-Estetigi-Tipplasti.jpg 1600w\" sizes=\"(max-width: 300px) 100vw, 300px\" title=\"\">                      <\/div>\n                                                              <\/div>\n                  <div class=\"box-text text-center dark\" style=\"background-color:rgb(0, 78, 123);\">\n                        <div class=\"box-text-inner\">\n                            <p>Tip Rhinoplasty in Turkey<\/p>\n                        <\/div>\n                  <\/div>\n              <\/div>\n            <\/a>\n            <\/div>\n          <\/div><div class=\"page-col col\" >\n          <div class=\"col-inner\" >\n          <a class=\"block plain\" href=\"https:\/\/candanmezili.com\/en\/nose-job\/nose-surgery\/\" title=\"Rhinoplasty in Turkey\" target=\"\">\n            <div class=\"page-box box has-hover\">\n                  <div class=\"box-image\" >\n                      <div class=\"box-image image-cover\" style=\"padding-top:75%;\">\n                      <img decoding=\"async\" width=\"300\" height=\"169\" src=\"https:\/\/candanmezili.com\/wp-content\/uploads\/2024\/08\/Burun-Estetigi-Rinoplasti-Nedir_-Burun-Ameliyati-Nasil-Yapilir-300x169.png\" class=\"attachment-medium size-medium\" alt=\"Burun Estetig\u0306i (Rinoplasti) Nedir_ Burun Ameliyat\u0131 Nas\u0131l Yap\u0131l\u0131r\" srcset=\"https:\/\/candanmezili.com\/wp-content\/uploads\/2024\/08\/Burun-Estetigi-Rinoplasti-Nedir_-Burun-Ameliyati-Nasil-Yapilir-300x169.png 300w, https:\/\/candanmezili.com\/wp-content\/uploads\/2024\/08\/Burun-Estetigi-Rinoplasti-Nedir_-Burun-Ameliyati-Nasil-Yapilir-1024x576.png 1024w, https:\/\/candanmezili.com\/wp-content\/uploads\/2024\/08\/Burun-Estetigi-Rinoplasti-Nedir_-Burun-Ameliyati-Nasil-Yapilir-768x432.png 768w, https:\/\/candanmezili.com\/wp-content\/uploads\/2024\/08\/Burun-Estetigi-Rinoplasti-Nedir_-Burun-Ameliyati-Nasil-Yapilir-1536x864.png 1536w, https:\/\/candanmezili.com\/wp-content\/uploads\/2024\/08\/Burun-Estetigi-Rinoplasti-Nedir_-Burun-Ameliyati-Nasil-Yapilir-640x360.png 640w, https:\/\/candanmezili.com\/wp-content\/uploads\/2024\/08\/Burun-Estetigi-Rinoplasti-Nedir_-Burun-Ameliyati-Nasil-Yapilir-400x225.png 400w, https:\/\/candanmezili.com\/wp-content\/uploads\/2024\/08\/Burun-Estetigi-Rinoplasti-Nedir_-Burun-Ameliyati-Nasil-Yapilir.jpg 1600w\" sizes=\"(max-width: 300px) 100vw, 300px\" title=\"\">                      <\/div>\n                                                              <\/div>\n                  <div class=\"box-text text-center dark\" style=\"background-color:rgb(0, 78, 123);\">\n                        <div class=\"box-text-inner\">\n                            <p>Rhinoplasty in Turkey<\/p>\n                        <\/div>\n                  <\/div>\n              <\/div>\n            <\/a>\n            <\/div>\n          <\/div><\/div>\n\t\t<\/div>\n\t\t\t\t\t<\/div>\n\n\t\n<\/div>\n","protected":false},"excerpt":{"rendered":"","protected":false},"author":2,"featured_media":0,"parent":0,"menu_order":0,"comment_status":"closed","ping_status":"closed","template":"","meta":{"inline_featured_image":false,"footnotes":""},"class_list":["post-3375","page","type-page","status-publish","hentry"],"_links":{"self":[{"href":"https:\/\/candanmezili.com\/en\/wp-json\/wp\/v2\/pages\/3375","targetHints":{"allow":["GET"]}}],"collection":[{"href":"https:\/\/candanmezili.com\/en\/wp-json\/wp\/v2\/pages"}],"about":[{"href":"https:\/\/candanmezili.com\/en\/wp-json\/wp\/v2\/types\/page"}],"author":[{"embeddable":true,"href":"https:\/\/candanmezili.com\/en\/wp-json\/wp\/v2\/users\/2"}],"replies":[{"embeddable":true,"href":"https:\/\/candanmezili.com\/en\/wp-json\/wp\/v2\/comments?post=3375"}],"version-history":[{"count":4,"href":"https:\/\/candanmezili.com\/en\/wp-json\/wp\/v2\/pages\/3375\/revisions"}],"predecessor-version":[{"id":42500,"href":"https:\/\/candanmezili.com\/en\/wp-json\/wp\/v2\/pages\/3375\/revisions\/42500"}],"wp:attachment":[{"href":"https:\/\/candanmezili.com\/en\/wp-json\/wp\/v2\/media?parent=3375"}],"curies":[{"name":"wp","href":"https:\/\/api.w.org\/{rel}","templated":true}]}}