{"id":3890,"date":"2017-09-12T21:02:47","date_gmt":"2017-09-12T18:02:47","guid":{"rendered":"https:\/\/candanmezili.com\/?page_id=3890"},"modified":"2024-10-25T13:36:10","modified_gmt":"2024-10-25T10:36:10","slug":"patient-reviews","status":"publish","type":"page","link":"https:\/\/candanmezili.com\/en\/patient-reviews\/","title":{"rendered":"Patient Reviews"},"content":{"rendered":"<div class=\"row\"  id=\"row-914634906\">\n\t<div id=\"col-667583892\" class=\"col medium-12 small-12 large-12\"  >\n\t\t\t\t<div class=\"col-inner\"  >\n\t\t\t\n\t\t\t<div class=\"row\"  id=\"row-1260543995\">\n\t<div id=\"col-1863395949\" class=\"col small-12 large-12\"  >\n\t\t\t\t<div class=\"col-inner\"  >\n\t\t\t\n\t\t\tPatient Review\t\t<\/div>\n\t\t\t\t\t<\/div>\n\n\t<\/div><div class=\"row\"  id=\"row-1737272889\">\n\t<div id=\"col-1775318843\" class=\"col medium-6 small-12 large-6\"  >\n\t\t\t\t<div class=\"col-inner\"  >\n\t\t\t\n\t\t\tCengiz Temel: Before I met with Tevfik Candan Mezili, I<br \/>\nhad dozens of consultations with other doctors whom I did not choose to be<br \/>\noperated. After consultation with Tevfik Candan Mezili MD I easily decided to go<br \/>\nthrough the procedure.<\/p>\n<p>He makes you feel very safe with his interest and energy.<\/p>\n<p>There are so many things to say about TEVF\u0130K CANDAN MEZ\u0130L\u0130, but above all,<br \/>\n  thank you very much.<\/p>\n<p>Since I can reach you without thinking about the clock would like to thank<br \/>\n  you very much for your extreme understanding, for your smiling face, for your<br \/>\n  sincerity, because I can trust in you in every operation that I want and also<br \/>\n  you give me the look in my dreams. Thank you very much for everything and I&#8217;m<br \/>\n  glad that I recognize you.\t\t<\/div>\n\t\t\t\t\t<\/div>\n\n\t\n\t<div id=\"col-1943752641\" class=\"col medium-6 small-12 large-6\"  >\n\t\t\t\t<div class=\"col-inner\"  >\n\t\t\t\n\t\t\tAyfer<br \/>\n  Temel: Hi I&#8217;m 53 years old, I&#8217;m very afraid of surgery. After meeting doctor<br \/>\n  Candan, I decided to make a radical decision for me and decided to have<br \/>\n  surgery. He changed my eyelids and face, which were showing me older than I<br \/>\n  am, so well that when I look at the mirror I see a different and younger<br \/>\n  version of myself. I would like to thank the doctor for his hard work and<br \/>\n  care.\t\t<\/div>\n\t\t\t\t\t<\/div>\n\n\t<\/div><div class=\"row\"  id=\"row-281682385\">\n\t<div id=\"col-1089014342\" class=\"col small-12 large-12\"  >\n\t\t\t\t<div class=\"col-inner\"  >\n\t\t\t\n\t\t\tF\u00fcsun S\u00f6nmez: Hello, I had both my breathing and aesthetic<br \/>\n  problems. And at the end of my research with afraid of the operation when I<br \/>\n  give up and I visited the surgeon Tevfik Candan Mezili. He made realistic<br \/>\n  explanations, instead of marketing tactics. I trusted in him and proceed with<br \/>\n  the surgery. Then, when I followed his advice, I returned to normal life<br \/>\n  within a few days. Now I don&#8217;t have any respiratory or aesthetic distress. I<br \/>\n  would definitely recommend.\t\t<\/div>\n\t\t\t\t\t<\/div>\n\n\t\n\t<div id=\"col-1936166099\" class=\"col small-12 large-12\"  >\n\t\t\t\t<div class=\"col-inner\"  >\n\t\t\t\n\t\t\tNeslihan Eyido\u011fan: Miraculous surgeon. I had health problems<br \/>\n  related to my nose. He was working Farabi state hospital. There he had<br \/>\n  performed many perfect operations including mine. I am so grateful for his<br \/>\n  work.\u00a0 When we were child believe in magic, when we grew up we thought it was<br \/>\n  an illusion not magic. But TEVF\u0130K CANDAN MEZ\u0130L\u0130 gave me a perfect look with<br \/>\n  his magic hands. Thanks to miraculous<br \/>\n  surgeon.\t\t<\/div>\n\t\t\t\t\t<\/div>\n\n\t<\/div><div class=\"row\"  id=\"row-571899318\">\n\t<div id=\"col-1700603202\" class=\"col small-12 large-12\"  >\n\t\t\t\t<div class=\"col-inner\"  >\n\t\t\t\n\t\t\tkumsal_06_71: I discovered him on a friend&#8217;s recommendation.<br \/>\n  Actually, I was worried about the surgery. When I went to his office and<br \/>\n  thought I would get further tighten, he took all the questions in my mind and<br \/>\n  explained how painless nose surgery will be. Anyway, the operation happened, I<br \/>\n  didn&#8217;t really feel the pain. Besides, he was very caring in the controls after<br \/>\n  the operation. I think you deserve the money I gave you until the last penny.<br \/>\n  God bless your hands.\t\t<\/div>\n\t\t\t\t\t<\/div>\n\n\t\n\t<div id=\"col-1978474075\" class=\"col medium-6 small-12 large-6\"  >\n\t\t\t\t<div class=\"col-inner\"  >\n\t\t\t\n\t\t\tNur<br \/>\n  Senergin: Miraculous surgeon certainly. \u00a0Mr. Prof. Mehmet U\u011fur Ne\u015f\u015far removed<br \/>\n  my breast tissue; Op.Dr.Candan MEZILI did breast reconstruction with<br \/>\n  prothesis. \u00a0I woke up comfortably thanks to the magnificent anesthesia team of<br \/>\n  Hospital from my surgery. I continued to repeat during recovery, that I made a<br \/>\n  very correct decision to trust my doctors. I am especially grateful to Dr.<br \/>\n  Candan for his careful, meticulous, and sincere approach. Thank you again<br \/>\n  Doctor Candan.\t\t<\/div>\n\t\t\t\t\t<\/div>\n\n\t<\/div><div class=\"row\"  id=\"row-2072927421\">\n\t<div id=\"col-1302262393\" class=\"col small-12 large-12\"  >\n\t\t\t\t<div class=\"col-inner\"  >\n\t\t\t\n\t\t\tRemzi Take\u015f: Hello;<\/p>\n<p>In March 2014, I had a Sleeve Gastrectomy (Bariatric Surgery) surgery. I went<br \/>\n  to my ideal weight, taking care of my regular sports and nutrition habits, but<br \/>\n  there was always a lot in my belly area. By the way, I&#8217;m a very scared man.<br \/>\n  Previously thinking about image anxiety as the time passed with the sportive<br \/>\n  activities, area of \u200b\u200bmy belly began to sag. I also stared to live medical<br \/>\n  problems in that region (rashes, infections etc.)<\/p>\n<p>While I was experiencing these conditions, I was still the one who was afraid<br \/>\n  of surgery and it was my last choice to think of a tummy tuck. When I shared a<br \/>\n  conversation with my colleague, he gave me great support for the operation,<br \/>\n  and from that time on, our paths crossed with doctor Candan.<\/p>\n<p>&nbsp;<\/p>\n<p>In my first meeting with him, I had hundreds of crazy questions in my mind,<br \/>\n  but the biggest one was: Am I exaggerating the problem, is it worth to have a<br \/>\n  surgery. We had a long conservation with doctor Candan, he asked me what I<br \/>\n  wanted. He listened patiently and gave very realistic answers to my concerns<br \/>\n  and fears.<\/p>\n<p>I went into the process of thinking again and in this process, I realized for<br \/>\n  the first time in my life I was not overweight and the shape of my belly<br \/>\n  should not be like this. With the support of my family, i decided to have the<br \/>\n  surgery.<\/p>\n<p>Our second interview was about talking about the pre-operative and<br \/>\n  post-operative processes. And now everything was getting clear in my head. We<br \/>\n  made a common decision for the operation date. My date was 16 December 2016.\n<\/p>\n<p>Before the operation, I did everything that doctor advised. December 16 I was<br \/>\n  very energetic in the hospital and went to the operating room happily.<br \/>\n  Everybody in my family was surprised. I was happy because I believed and<br \/>\n  trusted my doctor.<\/p>\n<p>I opened my eyes and I was awake, it had to be over. I was afraid to look at<br \/>\n  my belly, but when I looked at it, I had a flat tummy even with post-operative<br \/>\n  edema. I got rid of all the excess skin and fat of my waist region and abdomen<br \/>\n  so it was all around the circumference of my lower torso. At the same time I<br \/>\n  had rectus plication.<\/p>\n<p>I had a very comfortable recovery with the help of medical stuff and nurses<br \/>\n  who were very professional.<\/p>\n<p>Before the operation I had read a lot about the procedure and may be looked<br \/>\n  thousands of before and after pictures in the Internet. This process has<br \/>\n  always been a comparison. Some of the pictures had untidy incisions, and some<br \/>\n  had poorly sutured in staple style. But my operation made me look flat and<br \/>\n  flawless, even though I had my entire waist circumference (lower body lift). I<br \/>\n  had a result far beyond than what I had anticipated. And yet for 3 months my<br \/>\n  controls continue very regular and uneventful.<\/p>\n<p>For the first time in my life, I am writing a review about a doctor and I<br \/>\n  thought it would be unfair if I did not write this comment. Thanks to Doctor<br \/>\n  Candan MEZILI&#8217;s humanistic approach, reassuring knowledge and skills now I<br \/>\n  look way better than I wished.\t\t<\/div>\n\t\t\t\t\t<\/div>\n\n\t<\/div>\t\t<\/div>\n\t\t\t\t\t<\/div>\n\n\t<\/div><div class=\"row\"  id=\"row-1082066990\">\n\t<div id=\"col-1428941336\" class=\"col medium-12 small-12 large-12\"  >\n\t\t\t\t<div class=\"col-inner\"  >\n\t\t\t\n\t\t\t\t\t<\/div>\n\t\t\t\t\t<\/div>\n\n\t<\/div>\n","protected":false},"excerpt":{"rendered":"","protected":false},"author":2,"featured_media":0,"parent":0,"menu_order":0,"comment_status":"closed","ping_status":"closed","template":"","meta":{"inline_featured_image":false,"footnotes":""},"class_list":["post-3890","page","type-page","status-publish","hentry"],"_links":{"self":[{"href":"https:\/\/candanmezili.com\/en\/wp-json\/wp\/v2\/pages\/3890","targetHints":{"allow":["GET"]}}],"collection":[{"href":"https:\/\/candanmezili.com\/en\/wp-json\/wp\/v2\/pages"}],"about":[{"href":"https:\/\/candanmezili.com\/en\/wp-json\/wp\/v2\/types\/page"}],"author":[{"embeddable":true,"href":"https:\/\/candanmezili.com\/en\/wp-json\/wp\/v2\/users\/2"}],"replies":[{"embeddable":true,"href":"https:\/\/candanmezili.com\/en\/wp-json\/wp\/v2\/comments?post=3890"}],"version-history":[{"count":2,"href":"https:\/\/candanmezili.com\/en\/wp-json\/wp\/v2\/pages\/3890\/revisions"}],"predecessor-version":[{"id":38998,"href":"https:\/\/candanmezili.com\/en\/wp-json\/wp\/v2\/pages\/3890\/revisions\/38998"}],"wp:attachment":[{"href":"https:\/\/candanmezili.com\/en\/wp-json\/wp\/v2\/media?parent=3890"}],"curies":[{"name":"wp","href":"https:\/\/api.w.org\/{rel}","templated":true}]}}