{"id":41650,"date":"2020-05-15T15:59:53","date_gmt":"2020-05-15T12:59:53","guid":{"rendered":"https:\/\/candanmezili.com\/hakkimda\/"},"modified":"2025-12-12T10:42:20","modified_gmt":"2025-12-12T07:42:20","slug":"about-me","status":"publish","type":"page","link":"https:\/\/candanmezili.com\/en\/about-me\/","title":{"rendered":"About Me"},"content":{"rendered":"<div class=\"row\"  id=\"row-1878701116\">\n\n\t<div id=\"col-628681363\" class=\"col medium-6 small-12 large-6\"  >\n\t\t\t\t<div class=\"col-inner\"  >\n\t\t\t\n\t\t\t\n<h1 style=\"text-align: center;\">Plastic and Aesthetic Surgery Specialist Op. Dr. Candan Mezili<\/h1>\n\t<div class=\"img has-hover x md-x lg-x y md-y lg-y\" id=\"image_1843845240\">\n\t\t\t\t\t\t\t\t<div class=\"img-inner dark\" >\n\t\t\t<img decoding=\"async\" width=\"1280\" height=\"853\" src=\"https:\/\/candanmezili.com\/wp-content\/uploads\/2022\/10\/hakkimda-1.jpg\" class=\"attachment-original size-original\" alt=\"\" srcset=\"https:\/\/candanmezili.com\/wp-content\/uploads\/2022\/10\/hakkimda-1.jpg 1280w, https:\/\/candanmezili.com\/wp-content\/uploads\/2022\/10\/hakkimda-1-300x200.jpg 300w, https:\/\/candanmezili.com\/wp-content\/uploads\/2022\/10\/hakkimda-1-1024x682.jpg 1024w, https:\/\/candanmezili.com\/wp-content\/uploads\/2022\/10\/hakkimda-1-768x512.jpg 768w, https:\/\/candanmezili.com\/wp-content\/uploads\/2022\/10\/hakkimda-1-640x427.jpg 640w, https:\/\/candanmezili.com\/wp-content\/uploads\/2022\/10\/hakkimda-1-400x267.jpg 400w\" sizes=\"(max-width: 1280px) 100vw, 1280px\" title=\"\">\t\t\t\t\t\t\n\t\t\t\t\t<\/div>\n\t\t\t\t\t\t\t\t\n<style>\n#image_1843845240 {\n  width: 100%;\n}\n<\/style>\n\t<\/div>\n\t\n\t\t<\/div>\n\t\t\t\t\t<\/div>\n\n\t\n\n\t<div id=\"col-1507531768\" class=\"col medium-6 small-12 large-6\"  >\n\t\t\t\t<div class=\"col-inner\"  >\n\t\t\t\n\t\t\t\n<p><span style=\"font-size: 16px;\"><strong>Hello,<\/strong><\/span><br \/>\n<span style=\"font-size: 16px;\"><strong>I am Op. Dr. Candan Mezili.<\/strong><\/span><br \/>\n<span style=\"font-size: 16px;\"><strong>I provide services in my private clinic in Izmir in the areas of Face, Body, Breast, Nose, and Genital Aesthetics.<\/strong><\/span><\/p>\n<h3 style=\"text-align: center;\">My Professional Interests<\/h3>\n<div class=\"porto-u-sub-heading\">\n<p style=\"text-align: center;\">Facial Aesthetics<\/p>\n<p style=\"text-align: center;\">Nose Aesthetics<\/p>\n<p style=\"text-align: center;\">Liposuction<\/p>\n<p style=\"text-align: center;\">Tummy Tuck<\/p>\n<p style=\"text-align: center;\">Buttock Aesthetics<\/p>\n<p style=\"text-align: center;\">Leg Aesthetics<\/p>\n<p style=\"text-align: center;\">Breast Augmentation Surgery<\/p>\n<p style=\"text-align: center;\">Breast Reduction Surgery<\/p>\n<\/div>\n\t\t<\/div>\n\t\t\t\t\t<\/div>\n\n\t\n<\/div>\n<div class=\"row\"  id=\"row-371661503\">\n\n\t<div id=\"col-1137814769\" class=\"col medium-6 small-12 large-6\"  >\n\t\t\t\t<div class=\"col-inner\"  >\n\t\t\t\n\t\t\t\n<h3 style=\"text-align: left;\">About Me<\/h3>\n<p>I graduated from Ankara University Medical Faculty in 2005. The same year, I joined Ege University Medical Faculty Hospital\u2019s Plastic, Aesthetic, and Reconstructive Surgery clinic for my specialization training. Choosing Plastic Surgery was largely influenced by my fascination with imagination and transformation. During my 6 years of residency, I had the opportunity to perform numerous surgeries with valuable mentors. After earning my specialization in 2011, I performed many surgeries that helped me grow, both at Kars State Hospital during my compulsory service and later at Kocaeli Darica Farabi State Hospital. Following this, I decided to work in private hospitals, aligning with my personal goals, and worked at several private hospitals (Private Eryaman, Private Ke\u00e7i\u00f6ren, and Private Kudret International Hospital). From late 2015 to May 2018, I worked at Private Bodrum Ac\u0131badem Hospital. During the first 1.5 years of this period, I worked closely with Prof. Dr. Mehmet Mutaf, focusing on burn and facial reconstructions, microtia, and congenital anomalies in children. I then briefly worked as a specialist in Plastic, Reconstructive, and Aesthetic Surgery at Izmir Private Ekol Hospital. I currently serve patients at my private clinic in Izmir.[porto_social_icons]\n\t\t<\/div>\n\t\t\t\t\t<\/div>\n\n\t\n\n\t<div id=\"col-1918195253\" class=\"col medium-6 small-12 large-6\"  >\n\t\t\t\t<div class=\"col-inner\"  >\n\t\t\t\n\t\t\t\n<h3 style=\"text-align: left;\">My Approach<\/h3>\n<p>I approach my patients with empathy. Being positive, reliable, and diligent, and paying attention to details and patient satisfaction, have always been my priorities. While Plastic Surgery is often perceived as a magical field of endless possibilities or an art movement, it is actually a surgical medical discipline. As someone deeply interested in plastic arts, I recognize that operating on a living organism that responds to procedures is very different from working with an inanimate object. Therefore, I prioritize close communication with my patients, understanding their expectations, assessing the attainability of the desired results, and presenting alternative options. This is why I work closely with my patients in developing treatment plans and ensure patient safety is paramount while achieving the desired outcome. I believe that the most fundamental components of a successful result in Plastic Surgery are a carefully executed surgical operation and open communication and trust with my patients. Based on these principles, I continue to serve in my private clinic in Izmir, providing services in Plastic, Reconstructive, and Aesthetic Surgery, as well as Dermocosmetology. I am a member of the Turkish Society of Plastic, Reconstructive, and Aesthetic Surgery and the Aesthetic Plastic Surgery Association. I actively follow national and international congresses, courses, seminars, and innovations.<\/p>\n\t\t<\/div>\n\t\t\t\t\t<\/div>\n\n\t\n<\/div>\n<div class=\"row\"  id=\"row-128329357\">\n\n\t<div id=\"col-646682192\" class=\"col small-12 large-12\"  >\n\t\t\t\t<div class=\"col-inner\"  >\n\t\t\t\n\t\t\t\n<h3 style=\"text-align: center;\">My Certificates<\/h3>\n<div class=\"row\"  id=\"row-2043854418\">\n\n\t<div id=\"col-1560135761\" class=\"col medium-3 small-12 large-3\"  >\n\t\t\t\t<div class=\"col-inner\"  >\n\t\t\t\n\t\t\t\n\t<div class=\"img has-hover x md-x lg-x y md-y lg-y\" id=\"image_1040327091\">\n\t\t\t\t\t\t\t\t<div class=\"img-inner dark\" >\n\t\t\t<img decoding=\"async\" width=\"500\" height=\"200\" src=\"https:\/\/candanmezili.com\/wp-content\/uploads\/2022\/08\/bakanlik-1.png\" class=\"attachment-original size-original\" alt=\"\" srcset=\"https:\/\/candanmezili.com\/wp-content\/uploads\/2022\/08\/bakanlik-1.png 500w, https:\/\/candanmezili.com\/wp-content\/uploads\/2022\/08\/bakanlik-1-300x120.png 300w\" sizes=\"(max-width: 500px) 100vw, 500px\" title=\"\">\t\t\t\t\t\t\n\t\t\t\t\t<\/div>\n\t\t\t\t\t\t\t\t\n<style>\n#image_1040327091 {\n  width: 100%;\n}\n<\/style>\n\t<\/div>\n\t\n\t\t<\/div>\n\t\t\t\t\t<\/div>\n\n\t\n\n\t<div id=\"col-1055091393\" class=\"col medium-3 small-12 large-3\"  >\n\t\t\t\t<div class=\"col-inner\"  >\n\t\t\t\n\t\t\t\n\t<div class=\"img has-hover x md-x lg-x y md-y lg-y\" id=\"image_506652590\">\n\t\t\t\t\t\t\t\t<div class=\"img-inner dark\" >\n\t\t\t<img decoding=\"async\" width=\"500\" height=\"200\" src=\"https:\/\/candanmezili.com\/wp-content\/uploads\/2022\/08\/isaps-1.png\" class=\"attachment-original size-original\" alt=\"\" srcset=\"https:\/\/candanmezili.com\/wp-content\/uploads\/2022\/08\/isaps-1.png 500w, https:\/\/candanmezili.com\/wp-content\/uploads\/2022\/08\/isaps-1-300x120.png 300w\" sizes=\"(max-width: 500px) 100vw, 500px\" title=\"\">\t\t\t\t\t\t\n\t\t\t\t\t<\/div>\n\t\t\t\t\t\t\t\t\n<style>\n#image_506652590 {\n  width: 100%;\n}\n<\/style>\n\t<\/div>\n\t\n\t\t<\/div>\n\t\t\t\t\t<\/div>\n\n\t\n\n\t<div id=\"col-993505264\" class=\"col medium-3 small-12 large-3\"  >\n\t\t\t\t<div class=\"col-inner\"  >\n\t\t\t\n\t\t\t\n\t<div class=\"img has-hover x md-x lg-x y md-y lg-y\" id=\"image_1762658831\">\n\t\t\t\t\t\t\t\t<div class=\"img-inner dark\" >\n\t\t\t<img decoding=\"async\" width=\"500\" height=\"200\" src=\"https:\/\/candanmezili.com\/wp-content\/uploads\/2022\/08\/jci-1.png\" class=\"attachment-original size-original\" alt=\"\" srcset=\"https:\/\/candanmezili.com\/wp-content\/uploads\/2022\/08\/jci-1.png 500w, https:\/\/candanmezili.com\/wp-content\/uploads\/2022\/08\/jci-1-300x120.png 300w\" sizes=\"(max-width: 500px) 100vw, 500px\" title=\"\">\t\t\t\t\t\t\n\t\t\t\t\t<\/div>\n\t\t\t\t\t\t\t\t\n<style>\n#image_1762658831 {\n  width: 100%;\n}\n<\/style>\n\t<\/div>\n\t\n\t\t<\/div>\n\t\t\t\t\t<\/div>\n\n\t\n\n\t<div id=\"col-2043250623\" class=\"col medium-3 small-12 large-3\"  >\n\t\t\t\t<div class=\"col-inner\"  >\n\t\t\t\n\t\t\t\n\t<div class=\"img has-hover x md-x lg-x y md-y lg-y\" id=\"image_1737021720\">\n\t\t\t\t\t\t\t\t<div class=\"img-inner dark\" >\n\t\t\t<img decoding=\"async\" width=\"500\" height=\"200\" src=\"https:\/\/candanmezili.com\/wp-content\/uploads\/2022\/08\/dernek-1.png\" class=\"attachment-original size-original\" alt=\"\" srcset=\"https:\/\/candanmezili.com\/wp-content\/uploads\/2022\/08\/dernek-1.png 500w, https:\/\/candanmezili.com\/wp-content\/uploads\/2022\/08\/dernek-1-300x120.png 300w\" sizes=\"(max-width: 500px) 100vw, 500px\" title=\"\">\t\t\t\t\t\t\n\t\t\t\t\t<\/div>\n\t\t\t\t\t\t\t\t\n<style>\n#image_1737021720 {\n  width: 100%;\n}\n<\/style>\n\t<\/div>\n\t\n\t\t<\/div>\n\t\t\t\t\t<\/div>\n\n\t\n<\/div>\n\t\t<\/div>\n\t\t\t\t\t<\/div>\n\n\t\n<\/div>\n<div class=\"row\"  id=\"row-1703138480\">\n\n\t<div id=\"col-2058066184\" class=\"col medium-6 small-12 large-6\"  >\n\t\t\t\t<div class=\"col-inner\"  >\n\t\t\t\n\t\t\t\n\n<div class=\"wpcf7 no-js\" id=\"wpcf7-f39498-o1\" lang=\"en-GB\" dir=\"ltr\" data-wpcf7-id=\"39498\">\n<div class=\"screen-reader-response\"><p role=\"status\" aria-live=\"polite\" aria-atomic=\"true\"><\/p> <ul><\/ul><\/div>\n<form action=\"\/en\/wp-json\/wp\/v2\/pages\/41650#wpcf7-f39498-o1\" method=\"post\" class=\"wpcf7-form init\" aria-label=\"Contact form\" novalidate=\"novalidate\" data-status=\"init\">\n<fieldset class=\"hidden-fields-container\"><input type=\"hidden\" name=\"_wpcf7\" value=\"39498\" \/><input type=\"hidden\" name=\"_wpcf7_version\" value=\"6.1.5\" \/><input type=\"hidden\" name=\"_wpcf7_locale\" value=\"en_GB\" \/><input type=\"hidden\" name=\"_wpcf7_unit_tag\" value=\"wpcf7-f39498-o1\" \/><input type=\"hidden\" name=\"_wpcf7_container_post\" value=\"0\" \/><input type=\"hidden\" name=\"_wpcf7_posted_data_hash\" value=\"\" \/><input type=\"hidden\" name=\"_wpcf7_recaptcha_response\" value=\"\" \/>\n<\/fieldset>\n<div class=\"sp-form\">\n\t<div class=\"col-row\">\n\t\t<div class=\"col-half\">\n\t\t\t<div class=\"form-group\">\n\t\t\t\t<p><span class=\"wpcf7-form-control-wrap\" data-name=\"your-name\"><input size=\"40\" maxlength=\"400\" class=\"wpcf7-form-control wpcf7-text wpcf7-validates-as-required\" autocomplete=\"name\" aria-required=\"true\" aria-invalid=\"false\" placeholder=\"Your Full Name*\" value=\"\" type=\"text\" name=\"your-name\" \/><\/span>\n\t\t\t\t<\/p>\n\t\t\t<\/div>\n\t\t\t<div class=\"form-group\">\n\t\t\t\t<p><span class=\"wpcf7-form-control-wrap\" data-name=\"tel-772\"><input size=\"40\" maxlength=\"400\" class=\"wpcf7-form-control wpcf7-tel wpcf7-validates-as-required wpcf7-text wpcf7-validates-as-tel\" autocomplete=\"name\" aria-required=\"true\" aria-invalid=\"false\" placeholder=\"Phone\" value=\"\" type=\"tel\" name=\"tel-772\" \/><\/span>\n\t\t\t\t<\/p>\n\t\t\t<\/div>\n\t\t<\/div>\n\t\t<div class=\"col-half\">\n\t\t\t<div class=\"form-group\">\n\t\t\t\t<p><span class=\"wpcf7-form-control-wrap\" data-name=\"ulke\"><input size=\"40\" maxlength=\"400\" class=\"wpcf7-form-control wpcf7-text wpcf7-validates-as-required\" autocomplete=\"name\" aria-required=\"true\" aria-invalid=\"false\" placeholder=\"Country\" value=\"\" type=\"text\" name=\"ulke\" \/><\/span>\n\t\t\t\t<\/p>\n\t\t\t<\/div>\n\t\t\t<div class=\"form-group\">\n\t\t\t\t<p><span class=\"wpcf7-form-control-wrap\" data-name=\"sehir\"><input size=\"40\" maxlength=\"400\" class=\"wpcf7-form-control wpcf7-text wpcf7-validates-as-required\" autocomplete=\"name\" aria-required=\"true\" aria-invalid=\"false\" placeholder=\"City\" value=\"\" type=\"text\" name=\"sehir\" \/><\/span>\n\t\t\t\t<\/p>\n\t\t\t<\/div>\n\t\t<\/div>\n\t\t<div class=\"col-full\">\n\t\t\t<div class=\"form-group\">\n\t\t\t\t<p><span class=\"wpcf7-form-control-wrap\" data-name=\"email-619\"><input size=\"40\" maxlength=\"400\" class=\"wpcf7-form-control wpcf7-email wpcf7-validates-as-required wpcf7-text wpcf7-validates-as-email\" autocomplete=\"name\" aria-required=\"true\" aria-invalid=\"false\" placeholder=\"Your Email Address\" value=\"\" type=\"email\" name=\"email-619\" \/><\/span>\n\t\t\t\t<\/p>\n\t\t\t<\/div>\n\t\t<\/div>\n\t<span class=\"wpcf7-form-control-wrap recaptcha\" data-name=\"recaptcha\"><span data-sitekey=\"6LeLvXMrAAAAAE38Im_4Oy8glwWIawWAxnTj5xPi\" class=\"wpcf7-form-control wpcf7-recaptcha g-recaptcha\"><\/span>\r\n<noscript>\r\n\t<div class=\"grecaptcha-noscript\">\r\n\t\t<iframe src=\"https:\/\/www.google.com\/recaptcha\/api\/fallback?k=6LeLvXMrAAAAAE38Im_4Oy8glwWIawWAxnTj5xPi\" frameborder=\"0\" scrolling=\"no\" width=\"310\" height=\"430\">\r\n\t\t<\/iframe>\r\n\t\t<textarea name=\"g-recaptcha-response\" rows=\"3\" cols=\"40\" placeholder=\"reCaptcha Response Here\">\r\n\t\t<\/textarea>\r\n\t<\/div>\r\n<\/noscript>\r\n<\/span>\n\t\t<div class=\"col-full\">\n\t\t\t<div class=\"form-group\">\n\t\t\t\t<p><input class=\"wpcf7-form-control wpcf7-submit has-spinner\" type=\"submit\" value=\"Submit\" \/>\n\t\t\t\t<\/p>\n\t\t\t<\/div>\n\t\t<\/div>\n\t<\/div>\n<\/div><p style=\"display: none !important;\" class=\"akismet-fields-container\" data-prefix=\"_wpcf7_ak_\"><label>&#916;<textarea name=\"_wpcf7_ak_hp_textarea\" cols=\"45\" rows=\"8\" maxlength=\"100\"><\/textarea><\/label><input type=\"hidden\" id=\"ak_js_1\" name=\"_wpcf7_ak_js\" value=\"115\"\/><script type=\"text\/javascript\">\n\/* <![CDATA[ *\/\ndocument.getElementById( \"ak_js_1\" ).setAttribute( \"value\", ( new Date() ).getTime() );\n\/* ]]> *\/\n<\/script>\n<\/p><div class=\"wpcf7-response-output\" aria-hidden=\"true\"><\/div>\n<\/form>\n<\/div>\n\n\t\t<\/div>\n\t\t\t\t\t<\/div>\n\n\t\n\n\t<div id=\"col-2049715712\" class=\"col medium-6 small-12 large-6\"  >\n\t\t\t\t<div class=\"col-inner\"  >\n\t\t\t\n\t\t\t\n\t<div class=\"img has-hover x md-x lg-x y md-y lg-y\" id=\"image_447507099\">\n\t\t\t\t\t\t\t\t<div class=\"img-inner dark\" >\n\t\t\t<img decoding=\"async\" width=\"2555\" height=\"1444\" src=\"https:\/\/candanmezili.com\/wp-content\/uploads\/2022\/10\/candan_slider2-min.jpg\" class=\"attachment-original size-original\" alt=\"\" srcset=\"https:\/\/candanmezili.com\/wp-content\/uploads\/2022\/10\/candan_slider2-min.jpg 2555w, https:\/\/candanmezili.com\/wp-content\/uploads\/2022\/10\/candan_slider2-min-300x170.jpg 300w, https:\/\/candanmezili.com\/wp-content\/uploads\/2022\/10\/candan_slider2-min-1024x579.jpg 1024w, https:\/\/candanmezili.com\/wp-content\/uploads\/2022\/10\/candan_slider2-min-768x434.jpg 768w, https:\/\/candanmezili.com\/wp-content\/uploads\/2022\/10\/candan_slider2-min-1536x868.jpg 1536w, https:\/\/candanmezili.com\/wp-content\/uploads\/2022\/10\/candan_slider2-min-2048x1157.jpg 2048w, https:\/\/candanmezili.com\/wp-content\/uploads\/2022\/10\/candan_slider2-min-640x362.jpg 640w, https:\/\/candanmezili.com\/wp-content\/uploads\/2022\/10\/candan_slider2-min-400x226.jpg 400w\" sizes=\"(max-width: 2555px) 100vw, 2555px\" title=\"\">\t\t\t\t\t\t\n\t\t\t\t\t<\/div>\n\t\t\t\t\t\t\t\t\n<style>\n#image_447507099 {\n  width: 100%;\n}\n<\/style>\n\t<\/div>\n\t\n\t\t<\/div>\n\t\t\t\t\t<\/div>\n\n\t\n<\/div>\n","protected":false},"excerpt":{"rendered":"","protected":false},"author":2,"featured_media":0,"parent":0,"menu_order":17,"comment_status":"closed","ping_status":"closed","template":"","meta":{"inline_featured_image":false,"footnotes":""},"class_list":["post-41650","page","type-page","status-publish","hentry"],"_links":{"self":[{"href":"https:\/\/candanmezili.com\/en\/wp-json\/wp\/v2\/pages\/41650","targetHints":{"allow":["GET"]}}],"collection":[{"href":"https:\/\/candanmezili.com\/en\/wp-json\/wp\/v2\/pages"}],"about":[{"href":"https:\/\/candanmezili.com\/en\/wp-json\/wp\/v2\/types\/page"}],"author":[{"embeddable":true,"href":"https:\/\/candanmezili.com\/en\/wp-json\/wp\/v2\/users\/2"}],"replies":[{"embeddable":true,"href":"https:\/\/candanmezili.com\/en\/wp-json\/wp\/v2\/comments?post=41650"}],"version-history":[{"count":4,"href":"https:\/\/candanmezili.com\/en\/wp-json\/wp\/v2\/pages\/41650\/revisions"}],"predecessor-version":[{"id":42105,"href":"https:\/\/candanmezili.com\/en\/wp-json\/wp\/v2\/pages\/41650\/revisions\/42105"}],"wp:attachment":[{"href":"https:\/\/candanmezili.com\/en\/wp-json\/wp\/v2\/media?parent=41650"}],"curies":[{"name":"wp","href":"https:\/\/api.w.org\/{rel}","templated":true}]}}