{"id":30307,"date":"2020-05-15T15:59:53","date_gmt":"2020-05-15T12:59:53","guid":{"rendered":"https:\/\/candanmezili.com\/?page_id=30307"},"modified":"2024-11-04T14:55:11","modified_gmt":"2024-11-04T11:55:11","slug":"acerca-de-mi","status":"publish","type":"page","link":"https:\/\/candanmezili.com\/es\/acerca-de-mi\/","title":{"rendered":"Acerca de m\u00ed"},"content":{"rendered":"<div class=\"row\"  id=\"row-1174082888\">\n\n\t<div id=\"col-794275498\" class=\"col medium-6 small-12 large-6\"  >\n\t\t\t\t<div class=\"col-inner\"  >\n\t\t\t\n\t\t\t\n<h1 style=\"text-align: center;\">Especialista en Cirug\u00eda Pl\u00e1stica y Est\u00e9tica, Dr. Candan Mezili<\/h1>\n\t<div class=\"img has-hover x md-x lg-x y md-y lg-y\" id=\"image_405119223\">\n\t\t\t\t\t\t\t\t<div class=\"img-inner dark\" >\n\t\t\t<img decoding=\"async\" width=\"1280\" height=\"853\" src=\"https:\/\/candanmezili.com\/wp-content\/uploads\/2022\/10\/hakkimda-1.jpg\" class=\"attachment-original size-original\" alt=\"\" srcset=\"https:\/\/candanmezili.com\/wp-content\/uploads\/2022\/10\/hakkimda-1.jpg 1280w, https:\/\/candanmezili.com\/wp-content\/uploads\/2022\/10\/hakkimda-1-300x200.jpg 300w, https:\/\/candanmezili.com\/wp-content\/uploads\/2022\/10\/hakkimda-1-1024x682.jpg 1024w, https:\/\/candanmezili.com\/wp-content\/uploads\/2022\/10\/hakkimda-1-768x512.jpg 768w, https:\/\/candanmezili.com\/wp-content\/uploads\/2022\/10\/hakkimda-1-640x427.jpg 640w, https:\/\/candanmezili.com\/wp-content\/uploads\/2022\/10\/hakkimda-1-400x267.jpg 400w\" sizes=\"(max-width: 1280px) 100vw, 1280px\" title=\"\">\t\t\t\t\t\t\n\t\t\t\t\t<\/div>\n\t\t\t\t\t\t\t\t\n<style>\n#image_405119223 {\n  width: 100%;\n}\n<\/style>\n\t<\/div>\n\t\n\t\t<\/div>\n\t\t\t\t\t<\/div>\n\n\t\n\n\t<div id=\"col-244967523\" class=\"col medium-6 small-12 large-6\"  >\n\t\t\t\t<div class=\"col-inner\"  >\n\t\t\t\n\t\t\t\n<p><span style=\"font-size: 16px;\"><strong>Hola,<\/strong><\/span><br \/>\n<span style=\"font-size: 16px;\"><strong>Soy el Dr. Candan Mezili.<\/strong><\/span><br \/>\n<span style=\"font-size: 16px;\"><strong>Ofrezco servicios en mi cl\u00ednica privada en Esmirna en las \u00e1reas de Est\u00e9tica Facial, Corporal, Mamaria, Nasal y Genital.<\/strong><\/span><\/p>\n<h3 style=\"text-align: center;\">Mis \u00c1reas de Inter\u00e9s Profesional<\/h3>\n<div class=\"porto-u-sub-heading\">\n<p style=\"text-align: center;\">Est\u00e9tica Facial<\/p>\n<p style=\"text-align: center;\">Est\u00e9tica Nasal<\/p>\n<p style=\"text-align: center;\">Liposucci\u00f3n<\/p>\n<p style=\"text-align: center;\">Abdominoplastia<\/p>\n<p style=\"text-align: center;\">Est\u00e9tica de Gl\u00fateos<\/p>\n<p style=\"text-align: center;\">Est\u00e9tica de Piernas<\/p>\n<p style=\"text-align: center;\">Aumento de Senos<\/p>\n<p style=\"text-align: center;\">Reducci\u00f3n de Senos<\/p>\n<\/div>\n\t\t<\/div>\n\t\t\t\t\t<\/div>\n\n\t\n<\/div>\n<div class=\"row\"  id=\"row-1441323944\">\n\n\t<div id=\"col-1101044003\" class=\"col medium-6 small-12 large-6\"  >\n\t\t\t\t<div class=\"col-inner\"  >\n\t\t\t\n\t\t\t\n<h3 style=\"text-align: left;\">Sobre M\u00ed<\/h3>\n<p>Me gradu\u00e9 en la Facultad de Medicina de la Universidad de Ankara en 2005. Ese mismo a\u00f1o comenc\u00e9 mi formaci\u00f3n en especialidad en la cl\u00ednica de Cirug\u00eda Pl\u00e1stica, Est\u00e9tica y Reconstructiva del Hospital de la Facultad de Medicina de la Universidad de Ege. Eleg\u00ed la cirug\u00eda pl\u00e1stica, influido en gran medida por mi fascinaci\u00f3n por la imaginaci\u00f3n y la transformaci\u00f3n. Durante mis 6 a\u00f1os de residencia, tuve la oportunidad de realizar numerosas cirug\u00edas junto a valiosos mentores. Despu\u00e9s de obtener mi especializaci\u00f3n en 2011, realic\u00e9 numerosas cirug\u00edas en el Hospital Estatal de Kars y posteriormente en el Hospital Estatal Darica Farabi en Kocaeli, que me ayudaron a seguir creciendo profesionalmente. M\u00e1s tarde, decid\u00ed trabajar en hospitales privados y trabaj\u00e9 en varios (Privado Eryaman, Privado Ke\u00e7i\u00f6ren y Privado Kudret International Hospital). Desde finales de 2015 hasta mayo de 2018, trabaj\u00e9 en el Hospital Ac\u0131badem de Bodrum. Durante el primer a\u00f1o y medio de este per\u00edodo, trabaj\u00e9 estrechamente con el Prof. Dr. Mehmet Mutaf, especializ\u00e1ndome en reconstrucciones de quemaduras y rostros lesionados, microtia y anomal\u00edas cong\u00e9nitas en ni\u00f1os. Luego, trabaj\u00e9 brevemente como especialista en Cirug\u00eda Pl\u00e1stica, Reconstructiva y Est\u00e9tica en el Hospital Privado Ekol de Esmirna. Actualmente, atiendo a mis pacientes en mi cl\u00ednica privada en Esmirna.[porto_social_icons]\n\t\t<\/div>\n\t\t\t\t\t<\/div>\n\n\t\n\n\t<div id=\"col-1281309690\" class=\"col medium-6 small-12 large-6\"  >\n\t\t\t\t<div class=\"col-inner\"  >\n\t\t\t\n\t\t\t\n<h3 style=\"text-align: left;\">Mi Enfoque<\/h3>\n<p>Abordo a mis pacientes con empat\u00eda. Ser positivo, confiable y trabajador, y prestar atenci\u00f3n a los detalles y la satisfacci\u00f3n del paciente, siempre han sido mis prioridades. Aunque la cirug\u00eda pl\u00e1stica se percibe a menudo como un campo m\u00e1gico de posibilidades infinitas o como un movimiento art\u00edstico, en realidad es una disciplina m\u00e9dica quir\u00fargica. Como alguien profundamente interesado en las artes pl\u00e1sticas, reconozco que operar en un organismo vivo que responde a los procedimientos es muy diferente de trabajar con un objeto inanimado. Por lo tanto, priorizo la comunicaci\u00f3n cercana con mis pacientes, comprendo sus expectativas, eval\u00fao la posibilidad de los resultados deseados y presento opciones alternativas. Es por eso que trabajo estrechamente con mis pacientes en el desarrollo de planes de tratamiento y aseguro que la seguridad del paciente sea lo m\u00e1s importante mientras se logra el resultado deseado. Creo que los componentes fundamentales para un resultado exitoso en cirug\u00eda pl\u00e1stica son una operaci\u00f3n quir\u00fargica cuidadosamente realizada y la comunicaci\u00f3n abierta y la confianza con mis pacientes. Siguiendo estos principios, contin\u00fao atendiendo en mi cl\u00ednica privada en Esmirna, brindando servicios en Cirug\u00eda Pl\u00e1stica, Reconstructiva y Est\u00e9tica, as\u00ed como en Dermocosmetolog\u00eda. Soy miembro de la Sociedad Turca de Cirug\u00eda Pl\u00e1stica, Reconstructiva y Est\u00e9tica y de la Asociaci\u00f3n de Cirug\u00eda Pl\u00e1stica Est\u00e9tica. Sigo activamente congresos, cursos, seminarios e innovaciones a nivel nacional e internacional.<\/p>\n\t\t<\/div>\n\t\t\t\t\t<\/div>\n\n\t\n<\/div>\n<div class=\"row\"  id=\"row-1669184535\">\n\n\t<div id=\"col-1609134883\" class=\"col small-12 large-12\"  >\n\t\t\t\t<div class=\"col-inner\"  >\n\t\t\t\n\t\t\t\n<h3 style=\"text-align: center;\">Mis Certificados<\/h3>\n<div class=\"row\"  id=\"row-1754101455\">\n\n\t<div id=\"col-504692054\" class=\"col medium-3 small-12 large-3\"  >\n\t\t\t\t<div class=\"col-inner\"  >\n\t\t\t\n\t\t\t\n\t<div class=\"img has-hover x md-x lg-x y md-y lg-y\" id=\"image_1372079427\">\n\t\t\t\t\t\t\t\t<div class=\"img-inner dark\" >\n\t\t\t<img decoding=\"async\" width=\"500\" height=\"200\" src=\"https:\/\/candanmezili.com\/wp-content\/uploads\/2022\/08\/bakanlik-1.png\" class=\"attachment-original size-original\" alt=\"\" srcset=\"https:\/\/candanmezili.com\/wp-content\/uploads\/2022\/08\/bakanlik-1.png 500w, https:\/\/candanmezili.com\/wp-content\/uploads\/2022\/08\/bakanlik-1-300x120.png 300w\" sizes=\"(max-width: 500px) 100vw, 500px\" title=\"\">\t\t\t\t\t\t\n\t\t\t\t\t<\/div>\n\t\t\t\t\t\t\t\t\n<style>\n#image_1372079427 {\n  width: 100%;\n}\n<\/style>\n\t<\/div>\n\t\n\t\t<\/div>\n\t\t\t\t\t<\/div>\n\n\t\n\n\t<div id=\"col-1354834782\" class=\"col medium-3 small-12 large-3\"  >\n\t\t\t\t<div class=\"col-inner\"  >\n\t\t\t\n\t\t\t\n\t<div class=\"img has-hover x md-x lg-x y md-y lg-y\" id=\"image_17775606\">\n\t\t\t\t\t\t\t\t<div class=\"img-inner dark\" >\n\t\t\t<img decoding=\"async\" width=\"500\" height=\"200\" src=\"https:\/\/candanmezili.com\/wp-content\/uploads\/2022\/08\/isaps-1.png\" class=\"attachment-original size-original\" alt=\"\" srcset=\"https:\/\/candanmezili.com\/wp-content\/uploads\/2022\/08\/isaps-1.png 500w, https:\/\/candanmezili.com\/wp-content\/uploads\/2022\/08\/isaps-1-300x120.png 300w\" sizes=\"(max-width: 500px) 100vw, 500px\" title=\"\">\t\t\t\t\t\t\n\t\t\t\t\t<\/div>\n\t\t\t\t\t\t\t\t\n<style>\n#image_17775606 {\n  width: 100%;\n}\n<\/style>\n\t<\/div>\n\t\n\t\t<\/div>\n\t\t\t\t\t<\/div>\n\n\t\n\n\t<div id=\"col-761206500\" class=\"col medium-3 small-12 large-3\"  >\n\t\t\t\t<div class=\"col-inner\"  >\n\t\t\t\n\t\t\t\n\t<div class=\"img has-hover x md-x lg-x y md-y lg-y\" id=\"image_936605793\">\n\t\t\t\t\t\t\t\t<div class=\"img-inner dark\" >\n\t\t\t<img decoding=\"async\" width=\"500\" height=\"200\" src=\"https:\/\/candanmezili.com\/wp-content\/uploads\/2022\/08\/jci-1.png\" class=\"attachment-original size-original\" alt=\"\" srcset=\"https:\/\/candanmezili.com\/wp-content\/uploads\/2022\/08\/jci-1.png 500w, https:\/\/candanmezili.com\/wp-content\/uploads\/2022\/08\/jci-1-300x120.png 300w\" sizes=\"(max-width: 500px) 100vw, 500px\" title=\"\">\t\t\t\t\t\t\n\t\t\t\t\t<\/div>\n\t\t\t\t\t\t\t\t\n<style>\n#image_936605793 {\n  width: 100%;\n}\n<\/style>\n\t<\/div>\n\t\n\t\t<\/div>\n\t\t\t\t\t<\/div>\n\n\t\n\n\t<div id=\"col-808845099\" class=\"col medium-3 small-12 large-3\"  >\n\t\t\t\t<div class=\"col-inner\"  >\n\t\t\t\n\t\t\t\n\t<div class=\"img has-hover x md-x lg-x y md-y lg-y\" id=\"image_1725198778\">\n\t\t\t\t\t\t\t\t<div class=\"img-inner dark\" >\n\t\t\t<img decoding=\"async\" width=\"500\" height=\"200\" src=\"https:\/\/candanmezili.com\/wp-content\/uploads\/2022\/08\/dernek-1.png\" class=\"attachment-original size-original\" alt=\"\" srcset=\"https:\/\/candanmezili.com\/wp-content\/uploads\/2022\/08\/dernek-1.png 500w, https:\/\/candanmezili.com\/wp-content\/uploads\/2022\/08\/dernek-1-300x120.png 300w\" sizes=\"(max-width: 500px) 100vw, 500px\" title=\"\">\t\t\t\t\t\t\n\t\t\t\t\t<\/div>\n\t\t\t\t\t\t\t\t\n<style>\n#image_1725198778 {\n  width: 100%;\n}\n<\/style>\n\t<\/div>\n\t\n\t\t<\/div>\n\t\t\t\t\t<\/div>\n\n\t\n<\/div>\n\t\t<\/div>\n\t\t\t\t\t<\/div>\n\n\t\n<\/div>\n<div class=\"row\"  id=\"row-2020139428\">\n\n\t<div id=\"col-282984325\" class=\"col medium-6 small-12 large-6\"  >\n\t\t\t\t<div class=\"col-inner\"  >\n\t\t\t\n\t\t\t\n\n<div class=\"wpcf7 no-js\" id=\"wpcf7-f39500-o1\" lang=\"es-ES\" dir=\"ltr\" data-wpcf7-id=\"39500\">\n<div class=\"screen-reader-response\"><p role=\"status\" aria-live=\"polite\" aria-atomic=\"true\"><\/p> <ul><\/ul><\/div>\n<form action=\"\/es\/wp-json\/wp\/v2\/pages\/30307#wpcf7-f39500-o1\" method=\"post\" class=\"wpcf7-form init\" aria-label=\"Formulario de contacto\" novalidate=\"novalidate\" data-status=\"init\">\n<fieldset class=\"hidden-fields-container\"><input type=\"hidden\" name=\"_wpcf7\" value=\"39500\" \/><input type=\"hidden\" name=\"_wpcf7_version\" value=\"6.1.5\" \/><input type=\"hidden\" name=\"_wpcf7_locale\" value=\"es_ES\" \/><input type=\"hidden\" name=\"_wpcf7_unit_tag\" value=\"wpcf7-f39500-o1\" \/><input type=\"hidden\" name=\"_wpcf7_container_post\" value=\"0\" \/><input type=\"hidden\" name=\"_wpcf7_posted_data_hash\" value=\"\" \/><input type=\"hidden\" name=\"_wpcf7_recaptcha_response\" value=\"\" \/>\n<\/fieldset>\n<div class=\"sp-form\">\n\t<div class=\"col-row\">\n\t\t<div class=\"col-half\">\n\t\t\t<div class=\"form-group\">\n\t\t\t\t<p><span class=\"wpcf7-form-control-wrap\" data-name=\"your-name\"><input size=\"40\" maxlength=\"400\" class=\"wpcf7-form-control wpcf7-text wpcf7-validates-as-required\" autocomplete=\"name\" aria-required=\"true\" aria-invalid=\"false\" placeholder=\"Nombre y Apellido*\" value=\"\" type=\"text\" name=\"your-name\" \/><\/span>\n\t\t\t\t<\/p>\n\t\t\t<\/div>\n\t\t\t<div class=\"form-group\">\n\t\t\t\t<p><span class=\"wpcf7-form-control-wrap\" data-name=\"tel-772\"><input size=\"40\" maxlength=\"400\" class=\"wpcf7-form-control wpcf7-tel wpcf7-validates-as-required wpcf7-text wpcf7-validates-as-tel\" autocomplete=\"name\" aria-required=\"true\" aria-invalid=\"false\" placeholder=\"Tel\u00e9fono\" value=\"\" type=\"tel\" name=\"tel-772\" \/><\/span>\n\t\t\t\t<\/p>\n\t\t\t<\/div>\n\t\t<\/div>\n\t\t<div class=\"col-half\">\n\t\t\t<div class=\"form-group\">\n\t\t\t\t<p><span class=\"wpcf7-form-control-wrap\" data-name=\"ulke\"><input size=\"40\" maxlength=\"400\" class=\"wpcf7-form-control wpcf7-text wpcf7-validates-as-required\" autocomplete=\"name\" aria-required=\"true\" aria-invalid=\"false\" placeholder=\"Pa\u00eds\" value=\"\" type=\"text\" name=\"ulke\" \/><\/span>\n\t\t\t\t<\/p>\n\t\t\t<\/div>\n\t\t\t<div class=\"form-group\">\n\t\t\t\t<p><span class=\"wpcf7-form-control-wrap\" data-name=\"sehir\"><input size=\"40\" maxlength=\"400\" class=\"wpcf7-form-control wpcf7-text wpcf7-validates-as-required\" autocomplete=\"name\" aria-required=\"true\" aria-invalid=\"false\" placeholder=\"Ciudad\" value=\"\" type=\"text\" name=\"sehir\" \/><\/span>\n\t\t\t\t<\/p>\n\t\t\t<\/div>\n\t\t<\/div>\n\t\t<div class=\"col-full\">\n\t\t\t<div class=\"form-group\">\n\t\t\t\t<p><span class=\"wpcf7-form-control-wrap\" data-name=\"email-619\"><input size=\"40\" maxlength=\"400\" class=\"wpcf7-form-control wpcf7-email wpcf7-validates-as-required wpcf7-text wpcf7-validates-as-email\" autocomplete=\"name\" aria-required=\"true\" aria-invalid=\"false\" placeholder=\"Tu Direcci\u00f3n de Correo Electr\u00f3nico\" value=\"\" type=\"email\" name=\"email-619\" \/><\/span>\n\t\t\t\t<\/p>\n\t\t\t<\/div>\n\t\t<\/div>\n\t<span class=\"wpcf7-form-control-wrap recaptcha\" data-name=\"recaptcha\"><span data-sitekey=\"6LeLvXMrAAAAAE38Im_4Oy8glwWIawWAxnTj5xPi\" class=\"wpcf7-form-control wpcf7-recaptcha g-recaptcha\"><\/span>\r\n<noscript>\r\n\t<div class=\"grecaptcha-noscript\">\r\n\t\t<iframe src=\"https:\/\/www.google.com\/recaptcha\/api\/fallback?k=6LeLvXMrAAAAAE38Im_4Oy8glwWIawWAxnTj5xPi\" frameborder=\"0\" scrolling=\"no\" width=\"310\" height=\"430\">\r\n\t\t<\/iframe>\r\n\t\t<textarea name=\"g-recaptcha-response\" rows=\"3\" cols=\"40\" placeholder=\"Aqu\u00ed la respuesta de reCAPTCHA\">\r\n\t\t<\/textarea>\r\n\t<\/div>\r\n<\/noscript>\r\n<\/span>\n\t\t<div class=\"col-full\">\n\t\t\t<div class=\"form-group\">\n\t\t\t\t<p><input class=\"wpcf7-form-control wpcf7-submit has-spinner\" type=\"submit\" value=\"Enviar\" \/>\n\t\t\t\t<\/p>\n\t\t\t<\/div>\n\t\t<\/div>\n\t<\/div>\n<\/div><p style=\"display: none !important;\" class=\"akismet-fields-container\" data-prefix=\"_wpcf7_ak_\"><label>&#916;<textarea name=\"_wpcf7_ak_hp_textarea\" cols=\"45\" rows=\"8\" maxlength=\"100\"><\/textarea><\/label><input type=\"hidden\" id=\"ak_js_1\" name=\"_wpcf7_ak_js\" value=\"126\"\/><script type=\"text\/javascript\">\n\/* <![CDATA[ *\/\ndocument.getElementById( \"ak_js_1\" ).setAttribute( \"value\", ( new Date() ).getTime() );\n\/* ]]> *\/\n<\/script>\n<\/p><div class=\"wpcf7-response-output\" aria-hidden=\"true\"><\/div>\n<\/form>\n<\/div>\n\n\t\t<\/div>\n\t\t\t\t\t<\/div>\n\n\t\n\n\t<div id=\"col-74523379\" class=\"col medium-6 small-12 large-6\"  >\n\t\t\t\t<div class=\"col-inner\"  >\n\t\t\t\n\t\t\t\n\t<div class=\"img has-hover x md-x lg-x y md-y lg-y\" id=\"image_1030587352\">\n\t\t\t\t\t\t\t\t<div class=\"img-inner dark\" >\n\t\t\t<img decoding=\"async\" width=\"2555\" height=\"1444\" src=\"https:\/\/candanmezili.com\/wp-content\/uploads\/2022\/10\/candan_slider2-min.jpg\" class=\"attachment-original size-original\" alt=\"\" srcset=\"https:\/\/candanmezili.com\/wp-content\/uploads\/2022\/10\/candan_slider2-min.jpg 2555w, https:\/\/candanmezili.com\/wp-content\/uploads\/2022\/10\/candan_slider2-min-300x170.jpg 300w, https:\/\/candanmezili.com\/wp-content\/uploads\/2022\/10\/candan_slider2-min-1024x579.jpg 1024w, https:\/\/candanmezili.com\/wp-content\/uploads\/2022\/10\/candan_slider2-min-768x434.jpg 768w, https:\/\/candanmezili.com\/wp-content\/uploads\/2022\/10\/candan_slider2-min-1536x868.jpg 1536w, https:\/\/candanmezili.com\/wp-content\/uploads\/2022\/10\/candan_slider2-min-2048x1157.jpg 2048w, https:\/\/candanmezili.com\/wp-content\/uploads\/2022\/10\/candan_slider2-min-640x362.jpg 640w, https:\/\/candanmezili.com\/wp-content\/uploads\/2022\/10\/candan_slider2-min-400x226.jpg 400w\" sizes=\"(max-width: 2555px) 100vw, 2555px\" title=\"\">\t\t\t\t\t\t\n\t\t\t\t\t<\/div>\n\t\t\t\t\t\t\t\t\n<style>\n#image_1030587352 {\n  width: 100%;\n}\n<\/style>\n\t<\/div>\n\t\n\t\t<\/div>\n\t\t\t\t\t<\/div>\n\n\t\n<\/div>\n","protected":false},"excerpt":{"rendered":"","protected":false},"author":2,"featured_media":0,"parent":0,"menu_order":17,"comment_status":"closed","ping_status":"closed","template":"","meta":{"inline_featured_image":false,"footnotes":""},"class_list":["post-30307","page","type-page","status-publish","hentry"],"_links":{"self":[{"href":"https:\/\/candanmezili.com\/es\/wp-json\/wp\/v2\/pages\/30307","targetHints":{"allow":["GET"]}}],"collection":[{"href":"https:\/\/candanmezili.com\/es\/wp-json\/wp\/v2\/pages"}],"about":[{"href":"https:\/\/candanmezili.com\/es\/wp-json\/wp\/v2\/types\/page"}],"author":[{"embeddable":true,"href":"https:\/\/candanmezili.com\/es\/wp-json\/wp\/v2\/users\/2"}],"replies":[{"embeddable":true,"href":"https:\/\/candanmezili.com\/es\/wp-json\/wp\/v2\/comments?post=30307"}],"version-history":[{"count":4,"href":"https:\/\/candanmezili.com\/es\/wp-json\/wp\/v2\/pages\/30307\/revisions"}],"predecessor-version":[{"id":39528,"href":"https:\/\/candanmezili.com\/es\/wp-json\/wp\/v2\/pages\/30307\/revisions\/39528"}],"wp:attachment":[{"href":"https:\/\/candanmezili.com\/es\/wp-json\/wp\/v2\/media?parent=30307"}],"curies":[{"name":"wp","href":"https:\/\/api.w.org\/{rel}","templated":true}]}}