{"id":41728,"date":"2025-11-25T13:24:41","date_gmt":"2025-11-25T10:24:41","guid":{"rendered":"https:\/\/candanmezili.com\/?page_id=41728"},"modified":"2025-11-25T13:26:29","modified_gmt":"2025-11-25T10:26:29","slug":"tipos-de-pecho","status":"publish","type":"page","link":"https:\/\/candanmezili.com\/es\/tipos-de-pecho\/","title":{"rendered":"Tipos de Pecho"},"content":{"rendered":"<p><img decoding=\"async\" src=\"https:\/\/candanmezili.com\/wp-content\/uploads\/2025\/11\/Meme-Tipleri.jpg\" alt=\"\" width=\"1600\" height=\"900\" title=\"\"><\/p>\n<p>Los tipos de mama son clases definidas seg\u00fan la estructura anat\u00f3mica y la densidad del tejido; esta clasificaci\u00f3n es de importancia cr\u00edtica para la evaluaci\u00f3n cl\u00ednica y la precisi\u00f3n de las im\u00e1genes. Cada tipo genera diferentes resultados en el an\u00e1lisis de riesgo y en las estrategias diagn\u00f3sticas.<\/p>\n<p>Los diferentes tipos de tejido mamario se eval\u00faan seg\u00fan la distribuci\u00f3n de tejido graso, fibroglandular y denso, y esta distribuci\u00f3n afecta directamente la sensibilidad de la mamograf\u00eda. Los tejidos densos pueden dificultar la detecci\u00f3n de lesiones y aumentar la necesidad de estudios adicionales.<\/p>\n<p>Las variaciones en la forma de la mama se deben a diferencias estructurales cong\u00e9nitas y requieren una interpretaci\u00f3n adecuada durante el examen cl\u00ednico. Las formas asim\u00e9tricas o tubulares afectan tanto la evaluaci\u00f3n est\u00e9tica como la elecci\u00f3n de las t\u00e9cnicas de exploraci\u00f3n.<\/p>\n<p>Las clasificaciones de densidad mamaria se determinan seg\u00fan los criterios BI-RADS, y a medida que aumenta la densidad, tambi\u00e9n aumenta el riesgo de que una malignidad quede oculta. Por ello, en mamas de alta densidad se mejora la precisi\u00f3n diagn\u00f3stica con m\u00e9todos adicionales como la ecograf\u00eda o la resonancia magn\u00e9tica.<\/p>\n<div id=\"ez-toc-container\" class=\"ez-toc-v2_0_82_2 counter-hierarchy ez-toc-counter ez-toc-custom ez-toc-container-direction\">\n<div class=\"ez-toc-title-container\">\n<p class=\"ez-toc-title\" style=\"cursor:inherit\">\u00cdndice de contenidos<\/p>\n<span class=\"ez-toc-title-toggle\"><a href=\"#\" class=\"ez-toc-pull-right ez-toc-btn ez-toc-btn-xs ez-toc-btn-default ez-toc-toggle\" aria-label=\"Alternar tabla de contenidos\"><span class=\"ez-toc-js-icon-con\"><span class=\"\"><span class=\"eztoc-hide\" style=\"display:none;\">Toggle<\/span><span class=\"ez-toc-icon-toggle-span\"><svg style=\"fill: #ffffff;color:#ffffff\" xmlns=\"http:\/\/www.w3.org\/2000\/svg\" class=\"list-377408\" width=\"20px\" height=\"20px\" viewBox=\"0 0 24 24\" fill=\"none\"><path d=\"M6 6H4v2h2V6zm14 0H8v2h12V6zM4 11h2v2H4v-2zm16 0H8v2h12v-2zM4 16h2v2H4v-2zm16 0H8v2h12v-2z\" fill=\"currentColor\"><\/path><\/svg><svg style=\"fill: #ffffff;color:#ffffff\" class=\"arrow-unsorted-368013\" xmlns=\"http:\/\/www.w3.org\/2000\/svg\" width=\"10px\" height=\"10px\" viewBox=\"0 0 24 24\" version=\"1.2\" baseProfile=\"tiny\"><path d=\"M18.2 9.3l-6.2-6.3-6.2 6.3c-.2.2-.3.4-.3.7s.1.5.3.7c.2.2.4.3.7.3h11c.3 0 .5-.1.7-.3.2-.2.3-.5.3-.7s-.1-.5-.3-.7zM5.8 14.7l6.2 6.3 6.2-6.3c.2-.2.3-.5.3-.7s-.1-.5-.3-.7c-.2-.2-.4-.3-.7-.3h-11c-.3 0-.5.1-.7.3-.2.2-.3.5-.3.7s.1.5.3.7z\"\/><\/svg><\/span><\/span><\/span><\/a><\/span><\/div>\n<nav><ul class='ez-toc-list ez-toc-list-level-1 ' ><li class='ez-toc-page-1 ez-toc-heading-level-2'><a class=\"ez-toc-link ez-toc-heading-1\" href=\"https:\/\/candanmezili.com\/es\/tipos-de-pecho\/#Mama_Tubular\" >Mama Tubular<\/a><\/li><li class='ez-toc-page-1 ez-toc-heading-level-2'><a class=\"ez-toc-link ez-toc-heading-2\" href=\"https:\/\/candanmezili.com\/es\/tipos-de-pecho\/#Mama_Asimetrica\" >Mama Asim\u00e9trica<\/a><\/li><li class='ez-toc-page-1 ez-toc-heading-level-2'><a class=\"ez-toc-link ez-toc-heading-3\" href=\"https:\/\/candanmezili.com\/es\/tipos-de-pecho\/#Mama_Caida_Ptosis\" >Mama Ca\u00edda (Ptosis)<\/a><\/li><li class='ez-toc-page-1 ez-toc-heading-level-2'><a class=\"ez-toc-link ez-toc-heading-4\" href=\"https:\/\/candanmezili.com\/es\/tipos-de-pecho\/#Mama_Hipertrofica_Macromastia\" >Mama Hipertr\u00f3fica (Macromastia)<\/a><\/li><li class='ez-toc-page-1 ez-toc-heading-level-2'><a class=\"ez-toc-link ez-toc-heading-5\" href=\"https:\/\/candanmezili.com\/es\/tipos-de-pecho\/#Mama_Hipoplasica_Mama_Pequena\" >Mama Hipopl\u00e1sica (Mama Peque\u00f1a)<\/a><\/li><li class='ez-toc-page-1 ez-toc-heading-level-2'><a class=\"ez-toc-link ez-toc-heading-6\" href=\"https:\/\/candanmezili.com\/es\/tipos-de-pecho\/#Pezon_Invertido\" >Pez\u00f3n Invertido<\/a><\/li><\/ul><\/nav><\/div>\n<h2><span class=\"ez-toc-section\" id=\"Mama_Tubular\"><\/span>Mama Tubular<span class=\"ez-toc-section-end\"><\/span><\/h2>\n<p>La mama tubular es una anomal\u00eda del desarrollo en la que el polo inferior de la mama est\u00e1 poco desarrollado, lo que da lugar a una forma larga y estrecha. Puede causar problemas est\u00e9ticos y funcionales.<\/p>\n<h2><span class=\"ez-toc-section\" id=\"Mama_Asimetrica\"><\/span>Mama Asim\u00e9trica<span class=\"ez-toc-section-end\"><\/span><\/h2>\n<p>La mama asim\u00e9trica es una condici\u00f3n en la que ambos senos muestran diferencias notables en tama\u00f1o, forma o posici\u00f3n. Las asimetr\u00edas leves son comunes y en algunos casos puede ser necesaria una intervenci\u00f3n est\u00e9tica.<\/p>\n<h2><span class=\"ez-toc-section\" id=\"Mama_Caida_Ptosis\"><\/span>Mama Ca\u00edda (Ptosis)<span class=\"ez-toc-section-end\"><\/span><\/h2>\n<p>La mama ca\u00edda es el desplazamiento hacia abajo del tejido mamario debido a la p\u00e9rdida de elasticidad y a la gravedad. La ptosis se clasifica en tres grados:<\/p>\n<ul>\n<li aria-level=\"1\">1er Grado: El pez\u00f3n est\u00e1 al nivel del surco submamario.<\/li>\n<li aria-level=\"1\">2do Grado: El pez\u00f3n est\u00e1 por debajo del surco, pero por encima del tejido inferior de la mama.<\/li>\n<li aria-level=\"1\">3er Grado: El pez\u00f3n est\u00e1 por debajo del tejido inferior de la mama.<\/li>\n<\/ul>\n<h2><span class=\"ez-toc-section\" id=\"Mama_Hipertrofica_Macromastia\"><\/span>Mama Hipertr\u00f3fica (Macromastia)<span class=\"ez-toc-section-end\"><\/span><\/h2>\n<p>La mama hipertr\u00f3fica se da cuando los senos son m\u00e1s grandes y pesados de lo normal. Esta condici\u00f3n puede causar dolor de espalda, cuello y hombros, problemas posturales y problemas cut\u00e1neos.<\/p>\n<h2><span class=\"ez-toc-section\" id=\"Mama_Hipoplasica_Mama_Pequena\"><\/span>Mama Hipopl\u00e1sica (Mama Peque\u00f1a)<span class=\"ez-toc-section-end\"><\/span><\/h2>\n<p>La mama hipopl\u00e1sica ocurre cuando el desarrollo del tejido mamario es insuficiente, lo que resulta en senos m\u00e1s peque\u00f1os de lo normal. Los factores gen\u00e9ticos pueden influir en esta condici\u00f3n.<\/p>\n<h2><span class=\"ez-toc-section\" id=\"Pezon_Invertido\"><\/span>Pez\u00f3n Invertido<span class=\"ez-toc-section-end\"><\/span><\/h2>\n<p>El pez\u00f3n invertido es una condici\u00f3n en la que el pez\u00f3n se dirige hacia adentro en lugar de hacia afuera. Puede ser cong\u00e9nito o adquirido y en algunos casos puede indicar una patolog\u00eda subyacente.<\/p>\n","protected":false},"excerpt":{"rendered":"<p>Los tipos de mama son clases definidas seg\u00fan la estructura anat\u00f3mica y la densidad del tejido; esta clasificaci\u00f3n es de importancia cr\u00edtica para la evaluaci\u00f3n cl\u00ednica y la precisi\u00f3n de las im\u00e1genes. Cada tipo genera diferentes resultados en el an\u00e1lisis de riesgo y en las estrategias diagn\u00f3sticas. Los diferentes tipos de tejido mamario se eval\u00faan [&#8230;]\n","protected":false},"author":2,"featured_media":41705,"parent":0,"menu_order":0,"comment_status":"closed","ping_status":"closed","template":"page-blank-title-center.php","meta":{"inline_featured_image":false,"footnotes":""},"class_list":["post-41728","page","type-page","status-publish","has-post-thumbnail","hentry"],"_links":{"self":[{"href":"https:\/\/candanmezili.com\/es\/wp-json\/wp\/v2\/pages\/41728","targetHints":{"allow":["GET"]}}],"collection":[{"href":"https:\/\/candanmezili.com\/es\/wp-json\/wp\/v2\/pages"}],"about":[{"href":"https:\/\/candanmezili.com\/es\/wp-json\/wp\/v2\/types\/page"}],"author":[{"embeddable":true,"href":"https:\/\/candanmezili.com\/es\/wp-json\/wp\/v2\/users\/2"}],"replies":[{"embeddable":true,"href":"https:\/\/candanmezili.com\/es\/wp-json\/wp\/v2\/comments?post=41728"}],"version-history":[{"count":2,"href":"https:\/\/candanmezili.com\/es\/wp-json\/wp\/v2\/pages\/41728\/revisions"}],"predecessor-version":[{"id":41730,"href":"https:\/\/candanmezili.com\/es\/wp-json\/wp\/v2\/pages\/41728\/revisions\/41730"}],"wp:featuredmedia":[{"embeddable":true,"href":"https:\/\/candanmezili.com\/es\/wp-json\/wp\/v2\/media\/41705"}],"wp:attachment":[{"href":"https:\/\/candanmezili.com\/es\/wp-json\/wp\/v2\/media?parent=41728"}],"curies":[{"name":"wp","href":"https:\/\/api.w.org\/{rel}","templated":true}]}}