{"id":42944,"date":"2017-07-14T10:31:53","date_gmt":"2017-07-14T07:31:53","guid":{"rendered":"https:\/\/candanmezili.com\/?page_id=42944"},"modified":"2025-12-15T10:12:10","modified_gmt":"2025-12-15T07:12:10","slug":"sein","status":"publish","type":"page","link":"https:\/\/candanmezili.com\/fr\/sein\/","title":{"rendered":"Sein"},"content":{"rendered":"<div class=\"row\"  id=\"row-1548258476\">\n\n\t<div id=\"col-1525369978\" class=\"col large-12\"  >\n\t\t\t\t<div class=\"col-inner\"  >\n\t\t\t\n\t\t\t\n<p>Izmir est l\u2019une des villes les plus abordables et les plus pris\u00e9es pour les personnes qui se rendent en Turquie pour une chirurgie esth\u00e9tique mammaire.<\/p>\n<p>Vous pouvez d\u00e9couvrir tous les d\u00e9tails concernant la chirurgie esth\u00e9tique mammaire \u00e0 Izmir, tels que les avis des patients de notre clinique, les co\u00fbts ainsi que les photos avant &#038; apr\u00e8s pour la <strong>chirurgie esth\u00e9tique mammaire \u00e0 Izmir<\/strong>.<\/p>\n<p>Si vous souhaitez prendre contact pour des <strong>forfaits de chirurgie esth\u00e9tique mammaire en Turquie<\/strong>, contactez-nous via WhatsApp ou par les options ci-dessous.<\/p>\n<div id=\"ez-toc-container\" class=\"ez-toc-v2_0_82_2 counter-hierarchy ez-toc-counter ez-toc-custom ez-toc-container-direction\">\n<div class=\"ez-toc-title-container\">\n<p class=\"ez-toc-title\" style=\"cursor:inherit\">Contenu de l\u2019article<\/p>\n<span class=\"ez-toc-title-toggle\"><a href=\"#\" class=\"ez-toc-pull-right ez-toc-btn ez-toc-btn-xs ez-toc-btn-default ez-toc-toggle\" aria-label=\"Toggle Table of Content\"><span class=\"ez-toc-js-icon-con\"><span class=\"\"><span class=\"eztoc-hide\" style=\"display:none;\">Toggle<\/span><span class=\"ez-toc-icon-toggle-span\"><svg style=\"fill: #ffffff;color:#ffffff\" xmlns=\"http:\/\/www.w3.org\/2000\/svg\" class=\"list-377408\" width=\"20px\" height=\"20px\" viewBox=\"0 0 24 24\" fill=\"none\"><path d=\"M6 6H4v2h2V6zm14 0H8v2h12V6zM4 11h2v2H4v-2zm16 0H8v2h12v-2zM4 16h2v2H4v-2zm16 0H8v2h12v-2z\" fill=\"currentColor\"><\/path><\/svg><svg style=\"fill: #ffffff;color:#ffffff\" class=\"arrow-unsorted-368013\" xmlns=\"http:\/\/www.w3.org\/2000\/svg\" width=\"10px\" height=\"10px\" viewBox=\"0 0 24 24\" version=\"1.2\" baseProfile=\"tiny\"><path d=\"M18.2 9.3l-6.2-6.3-6.2 6.3c-.2.2-.3.4-.3.7s.1.5.3.7c.2.2.4.3.7.3h11c.3 0 .5-.1.7-.3.2-.2.3-.5.3-.7s-.1-.5-.3-.7zM5.8 14.7l6.2 6.3 6.2-6.3c.2-.2.3-.5.3-.7s-.1-.5-.3-.7c-.2-.2-.4-.3-.7-.3h-11c-.3 0-.5.1-.7.3-.2.2-.3.5-.3.7s.1.5.3.7z\"\/><\/svg><\/span><\/span><\/span><\/a><\/span><\/div>\n<nav><ul class='ez-toc-list ez-toc-list-level-1 ' ><li class='ez-toc-page-1 ez-toc-heading-level-2'><a class=\"ez-toc-link ez-toc-heading-1\" href=\"https:\/\/candanmezili.com\/fr\/sein\/#Quel_est_le_taux_de_reussite_de_la_chirurgie_esthetique_mammaire_en_Turquie\" >Quel est le taux de r\u00e9ussite de la chirurgie esth\u00e9tique mammaire en Turquie ?<\/a><\/li><li class='ez-toc-page-1 ez-toc-heading-level-2'><a class=\"ez-toc-link ez-toc-heading-2\" href=\"https:\/\/candanmezili.com\/fr\/sein\/#Combien_de_personnes_ont_recours_a_la_chirurgie_esthetique_mammaire_en_Turquie\" >Combien de personnes ont recours \u00e0 la chirurgie esth\u00e9tique mammaire en Turquie ?<\/a><\/li><\/ul><\/nav><\/div>\n<h2><span class=\"ez-toc-section\" id=\"Quel_est_le_taux_de_reussite_de_la_chirurgie_esthetique_mammaire_en_Turquie\"><\/span>Quel est le taux de r\u00e9ussite de la chirurgie esth\u00e9tique mammaire en Turquie ?<span class=\"ez-toc-section-end\"><\/span><\/h2>\n<p>Une \u00e9tude pr\u00e9sent\u00e9e lors d\u2019une conf\u00e9rence par l\u2019<a href=\"https:\/\/www.sciencedaily.com\/releases\/2008\/10\/081008114404.htm\" target=\"_blank\" rel=\"noopener\">American Society of Plastic Surgeons<\/a> r\u00e9v\u00e8le que diff\u00e9rents types de chirurgies mammaires, telles que l\u2019augmentation mammaire, le lifting mammaire, la combinaison du lifting et de l\u2019augmentation, ainsi que la r\u00e9duction mammaire, affichent un taux \u00e9lev\u00e9 de satisfaction des patientes. Ces interventions n\u2019am\u00e9liorent pas seulement l\u2019apparence physique, mais renforcent \u00e9galement de mani\u00e8re significative la confiance en soi et la qualit\u00e9 de vie globale. Un impressionnant 99 % des femmes ayant subi ces interventions ont d\u00e9clar\u00e9 qu\u2019elles seraient pr\u00eates \u00e0 renouveler l\u2019exp\u00e9rience. L\u2019\u00e9tude souligne \u00e9galement que le niveau de satisfaction des patientes ayant b\u00e9n\u00e9fici\u00e9 d\u2019un lifting mammaire ou d\u2019un lifting combin\u00e9 \u00e0 une augmentation est comparable \u00e0 celui des patientes ayant opt\u00e9 pour une augmentation ou une r\u00e9duction mammaire, d\u00e9montrant un effet positif constant chez les personnes choisissant ces am\u00e9liorations esth\u00e9tiques.<\/p>\n<h2><span class=\"ez-toc-section\" id=\"Combien_de_personnes_ont_recours_a_la_chirurgie_esthetique_mammaire_en_Turquie\"><\/span>Combien de personnes ont recours \u00e0 la chirurgie esth\u00e9tique mammaire en Turquie ?<span class=\"ez-toc-section-end\"><\/span><\/h2>\n<p>En 2022, l\u2019<a href=\"https:\/\/www.plasticsurgery.org\/news\/plastic-surgery-statistics\" target=\"_blank\" rel=\"noopener\">American Society of Plastic Surgeons<\/a> a signal\u00e9 des augmentations significatives de plusieurs interventions de chirurgie esth\u00e9tique mammaire par rapport aux chiffres d\u2019avant la pand\u00e9mie en 2019. Les proc\u00e9dures d\u2019augmentation mammaire ont atteint 298 568 interventions, soit une augmentation de 4 % par rapport \u00e0 2019. Les liftings mammaires, ou mastopexies, ont connu une hausse plus marqu\u00e9e, avec 143 364 interventions r\u00e9alis\u00e9es, repr\u00e9sentant une augmentation de 30 %. De plus, les r\u00e9ductions mammaires, sp\u00e9cifiquement chez les patientes esth\u00e9tiques, ont \u00e9galement fortement augment\u00e9, avec 71 364 interventions effectu\u00e9es, ce qui correspond \u00e0 une hausse de 54 % par rapport aux chiffres d\u2019avant la pand\u00e9mie. Ces statistiques mettent en \u00e9vidence une tendance croissante des chirurgies esth\u00e9tiques mammaires, refl\u00e9tant des pr\u00e9f\u00e9rences changeantes et possiblement une attention accrue port\u00e9e au bien-\u00eatre personnel et \u00e0 l\u2019apparence apr\u00e8s la pand\u00e9mie. Les donn\u00e9es fournies par l\u2019American Society of Plastic Surgeons constituent un indicateur pr\u00e9cieux de l\u2019\u00e9volution des tendances en chirurgie esth\u00e9tique.<\/p>\n\t<div id=\"gap-999508723\" class=\"gap-element clearfix\" style=\"display:block; height:auto;\">\n\t\t\n<style>\n#gap-999508723 {\n  padding-top: 30px;\n}\n<\/style>\n\t<\/div>\n\t\n\n  \n    <div class=\"row large-columns-3 medium-columns- small-columns-2\" >\n  <div class=\"page-col col\" >\n          <div class=\"col-inner\" >\n          <a class=\"block plain\" href=\"https:\/\/candanmezili.com\/fr\/sein\/augmentation-mammaire\/\" title=\"Augmentation Mammaire\" target=\"\">\n            <div class=\"page-box box has-hover\">\n                  <div class=\"box-image\" >\n                      <div class=\"box-image image-cover\" style=\"padding-top:75%;\">\n                      <img decoding=\"async\" width=\"300\" height=\"169\" src=\"https:\/\/candanmezili.com\/wp-content\/uploads\/2024\/08\/Meme-Buyutme-Ameliyati-Nedir_-Nasil-Yapilir-300x169.png\" class=\"attachment-medium size-medium\" alt=\"Meme Bu\u0308yu\u0308tme Ameliyat\u0131 Nedir_ Nas\u0131l Yap\u0131l\u0131r\" srcset=\"https:\/\/candanmezili.com\/wp-content\/uploads\/2024\/08\/Meme-Buyutme-Ameliyati-Nedir_-Nasil-Yapilir-300x169.png 300w, https:\/\/candanmezili.com\/wp-content\/uploads\/2024\/08\/Meme-Buyutme-Ameliyati-Nedir_-Nasil-Yapilir-1024x576.png 1024w, https:\/\/candanmezili.com\/wp-content\/uploads\/2024\/08\/Meme-Buyutme-Ameliyati-Nedir_-Nasil-Yapilir-768x432.png 768w, https:\/\/candanmezili.com\/wp-content\/uploads\/2024\/08\/Meme-Buyutme-Ameliyati-Nedir_-Nasil-Yapilir-1536x864.png 1536w, https:\/\/candanmezili.com\/wp-content\/uploads\/2024\/08\/Meme-Buyutme-Ameliyati-Nedir_-Nasil-Yapilir-640x360.png 640w, https:\/\/candanmezili.com\/wp-content\/uploads\/2024\/08\/Meme-Buyutme-Ameliyati-Nedir_-Nasil-Yapilir-400x225.png 400w, https:\/\/candanmezili.com\/wp-content\/uploads\/2024\/08\/Meme-Buyutme-Ameliyati-Nedir_-Nasil-Yapilir.jpg 1600w\" sizes=\"(max-width: 300px) 100vw, 300px\" title=\"\">                      <\/div>\n                                                              <\/div>\n                  <div class=\"box-text text-center dark\" style=\"background-color:rgb(0, 78, 123);\">\n                        <div class=\"box-text-inner\">\n                            <p>Augmentation Mammaire<\/p>\n                        <\/div>\n                  <\/div>\n              <\/div>\n            <\/a>\n            <\/div>\n          <\/div><div class=\"page-col col\" >\n          <div class=\"col-inner\" >\n          <a class=\"block plain\" href=\"https:\/\/candanmezili.com\/fr\/sein\/reduction-mammaire\/\" title=\"R\u00e9duction Mammaire\" target=\"\">\n            <div class=\"page-box box has-hover\">\n                  <div class=\"box-image\" >\n                      <div class=\"box-image image-cover\" style=\"padding-top:75%;\">\n                      <img decoding=\"async\" width=\"300\" height=\"169\" src=\"https:\/\/candanmezili.com\/wp-content\/uploads\/2024\/08\/Meme-Kucultme-Ameliyati-Nedir_-Hangi-Durumlarda-Yapilir-300x169.png\" class=\"attachment-medium size-medium\" alt=\"Meme Ku\u0308c\u0327u\u0308ltme Ameliyat\u0131 Nedir_ Hangi Durumlarda Yap\u0131l\u0131r\" srcset=\"https:\/\/candanmezili.com\/wp-content\/uploads\/2024\/08\/Meme-Kucultme-Ameliyati-Nedir_-Hangi-Durumlarda-Yapilir-300x169.png 300w, https:\/\/candanmezili.com\/wp-content\/uploads\/2024\/08\/Meme-Kucultme-Ameliyati-Nedir_-Hangi-Durumlarda-Yapilir-1024x576.png 1024w, https:\/\/candanmezili.com\/wp-content\/uploads\/2024\/08\/Meme-Kucultme-Ameliyati-Nedir_-Hangi-Durumlarda-Yapilir-768x432.png 768w, https:\/\/candanmezili.com\/wp-content\/uploads\/2024\/08\/Meme-Kucultme-Ameliyati-Nedir_-Hangi-Durumlarda-Yapilir-1536x864.png 1536w, https:\/\/candanmezili.com\/wp-content\/uploads\/2024\/08\/Meme-Kucultme-Ameliyati-Nedir_-Hangi-Durumlarda-Yapilir-640x360.png 640w, https:\/\/candanmezili.com\/wp-content\/uploads\/2024\/08\/Meme-Kucultme-Ameliyati-Nedir_-Hangi-Durumlarda-Yapilir-400x225.png 400w, https:\/\/candanmezili.com\/wp-content\/uploads\/2024\/08\/Meme-Kucultme-Ameliyati-Nedir_-Hangi-Durumlarda-Yapilir.jpg 1600w\" sizes=\"(max-width: 300px) 100vw, 300px\" title=\"\">                      <\/div>\n                                                              <\/div>\n                  <div class=\"box-text text-center dark\" style=\"background-color:rgb(0, 78, 123);\">\n                        <div class=\"box-text-inner\">\n                            <p>R\u00e9duction Mammaire<\/p>\n                        <\/div>\n                  <\/div>\n              <\/div>\n            <\/a>\n            <\/div>\n          <\/div><div class=\"page-col col\" >\n          <div class=\"col-inner\" >\n          <a class=\"block plain\" href=\"https:\/\/candanmezili.com\/fr\/sein\/lifting-mammaire-mastopexie\/\" title=\"Lifting Mammaire (Mastopexie)\" target=\"\">\n            <div class=\"page-box box has-hover\">\n                  <div class=\"box-image\" >\n                      <div class=\"box-image image-cover\" style=\"padding-top:75%;\">\n                      <img decoding=\"async\" width=\"300\" height=\"169\" src=\"https:\/\/candanmezili.com\/wp-content\/uploads\/2024\/08\/Meme-Diklestirme-Ameliyati-Nedir_-Nasil-Yapilir-300x169.png\" class=\"attachment-medium size-medium\" alt=\"Meme Dikles\u0327tirme Ameliyat\u0131 Nedir_ Nas\u0131l Yap\u0131l\u0131r\" srcset=\"https:\/\/candanmezili.com\/wp-content\/uploads\/2024\/08\/Meme-Diklestirme-Ameliyati-Nedir_-Nasil-Yapilir-300x169.png 300w, https:\/\/candanmezili.com\/wp-content\/uploads\/2024\/08\/Meme-Diklestirme-Ameliyati-Nedir_-Nasil-Yapilir-1024x576.png 1024w, https:\/\/candanmezili.com\/wp-content\/uploads\/2024\/08\/Meme-Diklestirme-Ameliyati-Nedir_-Nasil-Yapilir-768x432.png 768w, https:\/\/candanmezili.com\/wp-content\/uploads\/2024\/08\/Meme-Diklestirme-Ameliyati-Nedir_-Nasil-Yapilir-1536x864.png 1536w, https:\/\/candanmezili.com\/wp-content\/uploads\/2024\/08\/Meme-Diklestirme-Ameliyati-Nedir_-Nasil-Yapilir-640x360.png 640w, https:\/\/candanmezili.com\/wp-content\/uploads\/2024\/08\/Meme-Diklestirme-Ameliyati-Nedir_-Nasil-Yapilir-400x225.png 400w, https:\/\/candanmezili.com\/wp-content\/uploads\/2024\/08\/Meme-Diklestirme-Ameliyati-Nedir_-Nasil-Yapilir.jpg 1600w\" sizes=\"(max-width: 300px) 100vw, 300px\" title=\"\">                      <\/div>\n                                                              <\/div>\n                  <div class=\"box-text text-center dark\" style=\"background-color:rgb(0, 78, 123);\">\n                        <div class=\"box-text-inner\">\n                            <p>Lifting Mammaire (Mastopexie)<\/p>\n                        <\/div>\n                  <\/div>\n              <\/div>\n            <\/a>\n            <\/div>\n          <\/div><div class=\"page-col col\" >\n          <div class=\"col-inner\" >\n          <a class=\"block plain\" href=\"https:\/\/candanmezili.com\/fr\/sein\/gynecomastie\/\" title=\"Gyn\u00e9comastie\" target=\"\">\n            <div class=\"page-box box has-hover\">\n                  <div class=\"box-image\" >\n                      <div class=\"box-image image-cover\" style=\"padding-top:75%;\">\n                      <img decoding=\"async\" width=\"300\" height=\"169\" src=\"https:\/\/candanmezili.com\/wp-content\/uploads\/2024\/08\/Jinekomasti-Nedir_-Jinekomasti-Ameliyati-Nasil-Yapilir-300x169.png\" class=\"attachment-medium size-medium\" alt=\"Jinekomasti Nedir_ Jinekomasti Ameliyat\u0131 Nas\u0131l Yap\u0131l\u0131r\" srcset=\"https:\/\/candanmezili.com\/wp-content\/uploads\/2024\/08\/Jinekomasti-Nedir_-Jinekomasti-Ameliyati-Nasil-Yapilir-300x169.png 300w, https:\/\/candanmezili.com\/wp-content\/uploads\/2024\/08\/Jinekomasti-Nedir_-Jinekomasti-Ameliyati-Nasil-Yapilir-1024x576.png 1024w, https:\/\/candanmezili.com\/wp-content\/uploads\/2024\/08\/Jinekomasti-Nedir_-Jinekomasti-Ameliyati-Nasil-Yapilir-768x432.png 768w, https:\/\/candanmezili.com\/wp-content\/uploads\/2024\/08\/Jinekomasti-Nedir_-Jinekomasti-Ameliyati-Nasil-Yapilir-1536x864.png 1536w, https:\/\/candanmezili.com\/wp-content\/uploads\/2024\/08\/Jinekomasti-Nedir_-Jinekomasti-Ameliyati-Nasil-Yapilir-640x360.png 640w, https:\/\/candanmezili.com\/wp-content\/uploads\/2024\/08\/Jinekomasti-Nedir_-Jinekomasti-Ameliyati-Nasil-Yapilir-400x225.png 400w, https:\/\/candanmezili.com\/wp-content\/uploads\/2024\/08\/Jinekomasti-Nedir_-Jinekomasti-Ameliyati-Nasil-Yapilir.jpg 1600w\" sizes=\"(max-width: 300px) 100vw, 300px\" title=\"\">                      <\/div>\n                                                              <\/div>\n                  <div class=\"box-text text-center dark\" style=\"background-color:rgb(0, 78, 123);\">\n                        <div class=\"box-text-inner\">\n                            <p>Gyn\u00e9comastie<\/p>\n                        <\/div>\n                  <\/div>\n              <\/div>\n            <\/a>\n            <\/div>\n          <\/div><\/div>\n\t\t<\/div>\n\t\t\t\t\t<\/div>\n\n\t\n<\/div>\n","protected":false},"excerpt":{"rendered":"","protected":false},"author":2,"featured_media":0,"parent":0,"menu_order":0,"comment_status":"closed","ping_status":"closed","template":"","meta":{"inline_featured_image":false,"footnotes":""},"class_list":["post-42944","page","type-page","status-publish","hentry"],"_links":{"self":[{"href":"https:\/\/candanmezili.com\/fr\/wp-json\/wp\/v2\/pages\/42944","targetHints":{"allow":["GET"]}}],"collection":[{"href":"https:\/\/candanmezili.com\/fr\/wp-json\/wp\/v2\/pages"}],"about":[{"href":"https:\/\/candanmezili.com\/fr\/wp-json\/wp\/v2\/types\/page"}],"author":[{"embeddable":true,"href":"https:\/\/candanmezili.com\/fr\/wp-json\/wp\/v2\/users\/2"}],"replies":[{"embeddable":true,"href":"https:\/\/candanmezili.com\/fr\/wp-json\/wp\/v2\/comments?post=42944"}],"version-history":[{"count":2,"href":"https:\/\/candanmezili.com\/fr\/wp-json\/wp\/v2\/pages\/42944\/revisions"}],"predecessor-version":[{"id":42946,"href":"https:\/\/candanmezili.com\/fr\/wp-json\/wp\/v2\/pages\/42944\/revisions\/42946"}],"wp:attachment":[{"href":"https:\/\/candanmezili.com\/fr\/wp-json\/wp\/v2\/media?parent=42944"}],"curies":[{"name":"wp","href":"https:\/\/api.w.org\/{rel}","templated":true}]}}