{"id":42106,"date":"2020-05-15T15:59:53","date_gmt":"2020-05-15T12:59:53","guid":{"rendered":"https:\/\/candanmezili.com\/?page_id=42106"},"modified":"2025-12-12T10:47:05","modified_gmt":"2025-12-12T07:47:05","slug":"over-mij","status":"publish","type":"page","link":"https:\/\/candanmezili.com\/nl\/over-mij\/","title":{"rendered":"Over mij"},"content":{"rendered":"<div class=\"row\"  id=\"row-1719375566\">\n\n\t<div id=\"col-1292913888\" class=\"col medium-6 small-12 large-6\"  >\n\t\t\t\t<div class=\"col-inner\"  >\n\t\t\t\n\t\t\t\n<h1 style=\"text-align: center;\">Plastisch en Esthetisch Chirurgie Specialist Op. Dr. Candan Mezili<\/h1>\n\t<div class=\"img has-hover x md-x lg-x y md-y lg-y\" id=\"image_1889491879\">\n\t\t\t\t\t\t\t\t<div class=\"img-inner dark\" >\n\t\t\t<img decoding=\"async\" width=\"1280\" height=\"853\" src=\"https:\/\/candanmezili.com\/wp-content\/uploads\/2022\/10\/hakkimda-1.jpg\" class=\"attachment-original size-original\" alt=\"\" srcset=\"https:\/\/candanmezili.com\/wp-content\/uploads\/2022\/10\/hakkimda-1.jpg 1280w, https:\/\/candanmezili.com\/wp-content\/uploads\/2022\/10\/hakkimda-1-300x200.jpg 300w, https:\/\/candanmezili.com\/wp-content\/uploads\/2022\/10\/hakkimda-1-1024x682.jpg 1024w, https:\/\/candanmezili.com\/wp-content\/uploads\/2022\/10\/hakkimda-1-768x512.jpg 768w, https:\/\/candanmezili.com\/wp-content\/uploads\/2022\/10\/hakkimda-1-640x427.jpg 640w, https:\/\/candanmezili.com\/wp-content\/uploads\/2022\/10\/hakkimda-1-400x267.jpg 400w\" sizes=\"(max-width: 1280px) 100vw, 1280px\" title=\"\">\t\t\t\t\t\t\n\t\t\t\t\t<\/div>\n\t\t\t\t\t\t\t\t\n<style>\n#image_1889491879 {\n  width: 100%;\n}\n<\/style>\n\t<\/div>\n\t\n\t\t<\/div>\n\t\t\t\t\t<\/div>\n\n\t\n\n\t<div id=\"col-1932238361\" class=\"col medium-6 small-12 large-6\"  >\n\t\t\t\t<div class=\"col-inner\"  >\n\t\t\t\n\t\t\t\n<p><span style=\"font-size: 16px;\"><strong>Hallo,<\/strong><\/span><br \/>\n<span style=\"font-size: 16px;\"><strong>Ik ben Op. Dr. Candan Mezili.<\/strong><\/span><br \/>\n<span style=\"font-size: 16px;\"><strong>In mijn priv\u00e9kliniek in Izmir bied ik diensten aan op het gebied van gezicht-, lichaams-, borst-, neus- en genitale esthetiek.<\/strong><\/span><\/p>\n<h3 style=\"text-align: center;\">Mijn Professionele Interessegebieden<\/h3>\n<div class=\"porto-u-sub-heading\">\n<p style=\"text-align: center;\">Gezichtsesthetiek<\/p>\n<p style=\"text-align: center;\">Neusesthetiek<\/p>\n<p style=\"text-align: center;\">Liposuctie<\/p>\n<p style=\"text-align: center;\">Buikwandcorrectie<\/p>\n<p style=\"text-align: center;\">Bilesthetiek<\/p>\n<p style=\"text-align: center;\">Beenesthetiek<\/p>\n<p style=\"text-align: center;\">Borstvergrotingsoperatie<\/p>\n<p style=\"text-align: center;\">Borstverkleiningsoperatie<\/p>\n<\/div>\n\t\t<\/div>\n\t\t\t\t\t<\/div>\n\n\t\n<\/div>\n<div class=\"row\"  id=\"row-487352869\">\n\n\t<div id=\"col-852184474\" class=\"col medium-6 small-12 large-6\"  >\n\t\t\t\t<div class=\"col-inner\"  >\n\t\t\t\n\t\t\t\n<h3 style=\"text-align: left;\">Over Mij<\/h3>\n<p>Ik ben in 2005 afgestudeerd aan de Faculteit Geneeskunde van de Universiteit van Ankara. In datzelfde jaar begon ik mijn specialisatieopleiding aan de afdeling Plastische, Esthetische en Reconstructieve Chirurgie van het ziekenhuis van de Faculteit Geneeskunde van de Ege Universiteit. Mijn keuze voor Plastische Chirurgie werd grotendeels be\u00efnvloed door mijn fascinatie voor verbeelding en transformatie. Tijdens mijn 6-jarige opleiding heb ik de kans gehad om samen met waardevolle mentoren talloze operaties uit te voeren. Na het behalen van mijn specialisatie in 2011 heb ik tijdens mijn verplichte dienst in het Staatsziekenhuis van Kars en later in het Staatsziekenhuis Kocaeli Darica Farabi veel operaties uitgevoerd die hebben bijgedragen aan mijn professionele groei. Vervolgens besloot ik, in lijn met mijn persoonlijke doelen, in priv\u00e9ziekenhuizen te werken en was ik werkzaam in verschillende priv\u00e9ziekenhuizen (Priv\u00e9 Eryaman, Priv\u00e9 Ke\u00e7i\u00f6ren en Priv\u00e9 Kudret International Hospital). Van eind 2015 tot mei 2018 werkte ik in het Priv\u00e9 Bodrum Ac\u0131badem Ziekenhuis. Gedurende de eerste 1,5 jaar van deze periode werkte ik nauw samen met Prof. Dr. Mehmet Mutaf, met een focus op brandwonden- en gelaatsreconstructies, microtie en aangeboren afwijkingen bij kinderen. Daarna werkte ik korte tijd als specialist Plastische, Reconstructieve en Esthetische Chirurgie in het Izmir Priv\u00e9 Ekol Ziekenhuis. Momenteel ontvang ik mijn pati\u00ebnten in mijn priv\u00e9kliniek in Izmir.[porto_social_icons]\n\t\t<\/div>\n\t\t\t\t\t<\/div>\n\n\t\n\n\t<div id=\"col-724882415\" class=\"col medium-6 small-12 large-6\"  >\n\t\t\t\t<div class=\"col-inner\"  >\n\t\t\t\n\t\t\t\n<h3 style=\"text-align: left;\">Mijn Benadering<\/h3>\n<p>Ik benader mijn pati\u00ebnten met empathie. Positiviteit, betrouwbaarheid, zorgvuldigheid, aandacht voor detail en pati\u00ebnttevredenheid zijn altijd mijn prioriteiten geweest. Hoewel Plastische Chirurgie vaak wordt gezien als een magisch vakgebied met eindeloze mogelijkheden of als een kunststroming, is het in werkelijkheid een chirurgische medische discipline. Als iemand die diep ge\u00efnteresseerd is in de beeldende kunsten, besef ik dat opereren op een levend organisme dat reageert op ingrepen heel anders is dan werken met een levenloos object. Daarom hecht ik veel waarde aan nauwe communicatie met mijn pati\u00ebnten, het begrijpen van hun verwachtingen, het beoordelen van de haalbaarheid van de gewenste resultaten en het aanbieden van alternatieve opties. Om deze reden werk ik samen met mijn pati\u00ebnten aan het opstellen van behandelplannen en zorg ik ervoor dat pati\u00ebntveiligheid altijd voorop staat bij het bereiken van het gewenste resultaat. Ik geloof dat de meest fundamentele componenten van een succesvol resultaat in de Plastische Chirurgie een zorgvuldig uitgevoerde chirurgische ingreep en open communicatie en vertrouwen met mijn pati\u00ebnten zijn. Op basis van deze principes blijf ik mijn diensten aanbieden in mijn priv\u00e9kliniek in Izmir op het gebied van Plastische, Reconstructieve en Esthetische Chirurgie, evenals Dermocosmetologie. Ik ben lid van de Turkse Vereniging voor Plastische, Reconstructieve en Esthetische Chirurgie en de Vereniging voor Esthetische Plastische Chirurgie. Ik volg actief nationale en internationale congressen, cursussen, seminars en innovaties.<\/p>\n\t\t<\/div>\n\t\t\t\t\t<\/div>\n\n\t\n<\/div>\n<div class=\"row\"  id=\"row-1132074899\">\n\n\t<div id=\"col-1364616388\" class=\"col small-12 large-12\"  >\n\t\t\t\t<div class=\"col-inner\"  >\n\t\t\t\n\t\t\t\n<h3 style=\"text-align: center;\">Mijn Certificaten<\/h3>\n<div class=\"row\"  id=\"row-131825804\">\n\n\t<div id=\"col-779387879\" class=\"col medium-3 small-12 large-3\"  >\n\t\t\t\t<div class=\"col-inner\"  >\n\t\t\t\n\t\t\t\n\t<div class=\"img has-hover x md-x lg-x y md-y lg-y\" id=\"image_1167846992\">\n\t\t\t\t\t\t\t\t<div class=\"img-inner dark\" >\n\t\t\t<img decoding=\"async\" width=\"500\" height=\"200\" src=\"https:\/\/candanmezili.com\/wp-content\/uploads\/2022\/08\/bakanlik-1.png\" class=\"attachment-original size-original\" alt=\"\" srcset=\"https:\/\/candanmezili.com\/wp-content\/uploads\/2022\/08\/bakanlik-1.png 500w, https:\/\/candanmezili.com\/wp-content\/uploads\/2022\/08\/bakanlik-1-300x120.png 300w\" sizes=\"(max-width: 500px) 100vw, 500px\" title=\"\">\t\t\t\t\t\t\n\t\t\t\t\t<\/div>\n\t\t\t\t\t\t\t\t\n<style>\n#image_1167846992 {\n  width: 100%;\n}\n<\/style>\n\t<\/div>\n\t\n\t\t<\/div>\n\t\t\t\t\t<\/div>\n\n\t\n\n\t<div id=\"col-1142176576\" class=\"col medium-3 small-12 large-3\"  >\n\t\t\t\t<div class=\"col-inner\"  >\n\t\t\t\n\t\t\t\n\t<div class=\"img has-hover x md-x lg-x y md-y lg-y\" id=\"image_1448547526\">\n\t\t\t\t\t\t\t\t<div class=\"img-inner dark\" >\n\t\t\t<img decoding=\"async\" width=\"500\" height=\"200\" src=\"https:\/\/candanmezili.com\/wp-content\/uploads\/2022\/08\/isaps-1.png\" class=\"attachment-original size-original\" alt=\"\" srcset=\"https:\/\/candanmezili.com\/wp-content\/uploads\/2022\/08\/isaps-1.png 500w, https:\/\/candanmezili.com\/wp-content\/uploads\/2022\/08\/isaps-1-300x120.png 300w\" sizes=\"(max-width: 500px) 100vw, 500px\" title=\"\">\t\t\t\t\t\t\n\t\t\t\t\t<\/div>\n\t\t\t\t\t\t\t\t\n<style>\n#image_1448547526 {\n  width: 100%;\n}\n<\/style>\n\t<\/div>\n\t\n\t\t<\/div>\n\t\t\t\t\t<\/div>\n\n\t\n\n\t<div id=\"col-1233053602\" class=\"col medium-3 small-12 large-3\"  >\n\t\t\t\t<div class=\"col-inner\"  >\n\t\t\t\n\t\t\t\n\t<div class=\"img has-hover x md-x lg-x y md-y lg-y\" id=\"image_338043950\">\n\t\t\t\t\t\t\t\t<div class=\"img-inner dark\" >\n\t\t\t<img decoding=\"async\" width=\"500\" height=\"200\" src=\"https:\/\/candanmezili.com\/wp-content\/uploads\/2022\/08\/jci-1.png\" class=\"attachment-original size-original\" alt=\"\" srcset=\"https:\/\/candanmezili.com\/wp-content\/uploads\/2022\/08\/jci-1.png 500w, https:\/\/candanmezili.com\/wp-content\/uploads\/2022\/08\/jci-1-300x120.png 300w\" sizes=\"(max-width: 500px) 100vw, 500px\" title=\"\">\t\t\t\t\t\t\n\t\t\t\t\t<\/div>\n\t\t\t\t\t\t\t\t\n<style>\n#image_338043950 {\n  width: 100%;\n}\n<\/style>\n\t<\/div>\n\t\n\t\t<\/div>\n\t\t\t\t\t<\/div>\n\n\t\n\n\t<div id=\"col-2137464537\" class=\"col medium-3 small-12 large-3\"  >\n\t\t\t\t<div class=\"col-inner\"  >\n\t\t\t\n\t\t\t\n\t<div class=\"img has-hover x md-x lg-x y md-y lg-y\" id=\"image_1252202316\">\n\t\t\t\t\t\t\t\t<div class=\"img-inner dark\" >\n\t\t\t<img decoding=\"async\" width=\"500\" height=\"200\" src=\"https:\/\/candanmezili.com\/wp-content\/uploads\/2022\/08\/dernek-1.png\" class=\"attachment-original size-original\" alt=\"\" srcset=\"https:\/\/candanmezili.com\/wp-content\/uploads\/2022\/08\/dernek-1.png 500w, https:\/\/candanmezili.com\/wp-content\/uploads\/2022\/08\/dernek-1-300x120.png 300w\" sizes=\"(max-width: 500px) 100vw, 500px\" title=\"\">\t\t\t\t\t\t\n\t\t\t\t\t<\/div>\n\t\t\t\t\t\t\t\t\n<style>\n#image_1252202316 {\n  width: 100%;\n}\n<\/style>\n\t<\/div>\n\t\n\t\t<\/div>\n\t\t\t\t\t<\/div>\n\n\t\n<\/div>\n\t\t<\/div>\n\t\t\t\t\t<\/div>\n\n\t\n<\/div>\n<div class=\"row\"  id=\"row-927220719\">\n\n\t<div id=\"col-300962525\" class=\"col medium-6 small-12 large-6\"  >\n\t\t\t\t<div class=\"col-inner\"  >\n\t\t\t\n\t\t\t\n\n<div class=\"wpcf7 no-js\" id=\"wpcf7-f41854-o1\" lang=\"nl-NL\" dir=\"ltr\" data-wpcf7-id=\"41854\">\n<div class=\"screen-reader-response\"><p role=\"status\" aria-live=\"polite\" aria-atomic=\"true\"><\/p> <ul><\/ul><\/div>\n<form action=\"\/nl\/wp-json\/wp\/v2\/pages\/42106#wpcf7-f41854-o1\" method=\"post\" class=\"wpcf7-form init\" aria-label=\"Contactformulier\" novalidate=\"novalidate\" data-status=\"init\">\n<fieldset class=\"hidden-fields-container\"><input type=\"hidden\" name=\"_wpcf7\" value=\"41854\" \/><input type=\"hidden\" name=\"_wpcf7_version\" value=\"6.1.5\" \/><input type=\"hidden\" name=\"_wpcf7_locale\" value=\"nl_NL\" \/><input type=\"hidden\" name=\"_wpcf7_unit_tag\" value=\"wpcf7-f41854-o1\" \/><input type=\"hidden\" name=\"_wpcf7_container_post\" value=\"0\" \/><input type=\"hidden\" name=\"_wpcf7_posted_data_hash\" value=\"\" \/><input type=\"hidden\" name=\"_wpcf7_recaptcha_response\" value=\"\" \/>\n<\/fieldset>\n<div class=\"sp-form\">\n\t<div class=\"col-row\">\n\t\t<div class=\"col-half\">\n\t\t\t<div class=\"form-group\">\n\t\t\t\t<p><span class=\"wpcf7-form-control-wrap\" data-name=\"your-name\"><input size=\"40\" maxlength=\"400\" class=\"wpcf7-form-control wpcf7-text wpcf7-validates-as-required\" autocomplete=\"name\" aria-required=\"true\" aria-invalid=\"false\" placeholder=\"Uw Volledige Naam*\" value=\"\" type=\"text\" name=\"your-name\" \/><\/span>\n\t\t\t\t<\/p>\n\t\t\t<\/div>\n\t\t\t<div class=\"form-group\">\n\t\t\t\t<p><span class=\"wpcf7-form-control-wrap\" data-name=\"tel-772\"><input size=\"40\" maxlength=\"400\" class=\"wpcf7-form-control wpcf7-tel wpcf7-validates-as-required wpcf7-text wpcf7-validates-as-tel\" autocomplete=\"name\" aria-required=\"true\" aria-invalid=\"false\" placeholder=\"Telefoon\" value=\"\" type=\"tel\" name=\"tel-772\" \/><\/span>\n\t\t\t\t<\/p>\n\t\t\t<\/div>\n\t\t<\/div>\n\t\t<div class=\"col-half\">\n\t\t\t<div class=\"form-group\">\n\t\t\t\t<p><span class=\"wpcf7-form-control-wrap\" data-name=\"ulke\"><input size=\"40\" maxlength=\"400\" class=\"wpcf7-form-control wpcf7-text wpcf7-validates-as-required\" autocomplete=\"name\" aria-required=\"true\" aria-invalid=\"false\" placeholder=\"Land\" value=\"\" type=\"text\" name=\"ulke\" \/><\/span>\n\t\t\t\t<\/p>\n\t\t\t<\/div>\n\t\t\t<div class=\"form-group\">\n\t\t\t\t<p><span class=\"wpcf7-form-control-wrap\" data-name=\"sehir\"><input size=\"40\" maxlength=\"400\" class=\"wpcf7-form-control wpcf7-text wpcf7-validates-as-required\" autocomplete=\"name\" aria-required=\"true\" aria-invalid=\"false\" placeholder=\"Stad\" value=\"\" type=\"text\" name=\"sehir\" \/><\/span>\n\t\t\t\t<\/p>\n\t\t\t<\/div>\n\t\t<\/div>\n\t\t<div class=\"col-full\">\n\t\t\t<div class=\"form-group\">\n\t\t\t\t<p><span class=\"wpcf7-form-control-wrap\" data-name=\"email-619\"><input size=\"40\" maxlength=\"400\" class=\"wpcf7-form-control wpcf7-email wpcf7-validates-as-required wpcf7-text wpcf7-validates-as-email\" autocomplete=\"name\" aria-required=\"true\" aria-invalid=\"false\" placeholder=\"Uw E-mailadres\" value=\"\" type=\"email\" name=\"email-619\" \/><\/span>\n\t\t\t\t<\/p>\n\t\t\t<\/div>\n\t\t<\/div>\n\t<span class=\"wpcf7-form-control-wrap recaptcha\" data-name=\"recaptcha\"><span data-sitekey=\"6LeLvXMrAAAAAE38Im_4Oy8glwWIawWAxnTj5xPi\" class=\"wpcf7-form-control wpcf7-recaptcha g-recaptcha\"><\/span>\r\n<noscript>\r\n\t<div class=\"grecaptcha-noscript\">\r\n\t\t<iframe src=\"https:\/\/www.google.com\/recaptcha\/api\/fallback?k=6LeLvXMrAAAAAE38Im_4Oy8glwWIawWAxnTj5xPi\" frameborder=\"0\" scrolling=\"no\" width=\"310\" height=\"430\">\r\n\t\t<\/iframe>\r\n\t\t<textarea name=\"g-recaptcha-response\" rows=\"3\" cols=\"40\" placeholder=\"reCaptcha antwoord hier\">\r\n\t\t<\/textarea>\r\n\t<\/div>\r\n<\/noscript>\r\n<\/span>\n\t\t<div class=\"col-full\">\n\t\t\t<div class=\"form-group\">\n\t\t\t\t<p><input class=\"wpcf7-form-control wpcf7-submit has-spinner\" type=\"submit\" value=\"Verzenden\" \/>\n\t\t\t\t<\/p>\n\t\t\t<\/div>\n\t\t<\/div>\n\t<\/div>\n<\/div><p style=\"display: none !important;\" class=\"akismet-fields-container\" data-prefix=\"_wpcf7_ak_\"><label>&#916;<textarea name=\"_wpcf7_ak_hp_textarea\" cols=\"45\" rows=\"8\" maxlength=\"100\"><\/textarea><\/label><input type=\"hidden\" id=\"ak_js_1\" name=\"_wpcf7_ak_js\" value=\"165\"\/><script type=\"text\/javascript\">\n\/* <![CDATA[ *\/\ndocument.getElementById( \"ak_js_1\" ).setAttribute( \"value\", ( new Date() ).getTime() );\n\/* ]]> *\/\n<\/script>\n<\/p><div class=\"wpcf7-response-output\" aria-hidden=\"true\"><\/div>\n<\/form>\n<\/div>\n\n\t\t<\/div>\n\t\t\t\t\t<\/div>\n\n\t\n\n\t<div id=\"col-1373008586\" class=\"col medium-6 small-12 large-6\"  >\n\t\t\t\t<div class=\"col-inner\"  >\n\t\t\t\n\t\t\t\n\t<div class=\"img has-hover x md-x lg-x y md-y lg-y\" id=\"image_751894693\">\n\t\t\t\t\t\t\t\t<div class=\"img-inner dark\" >\n\t\t\t<img decoding=\"async\" width=\"2555\" height=\"1444\" src=\"https:\/\/candanmezili.com\/wp-content\/uploads\/2022\/10\/candan_slider2-min.jpg\" class=\"attachment-original size-original\" alt=\"\" srcset=\"https:\/\/candanmezili.com\/wp-content\/uploads\/2022\/10\/candan_slider2-min.jpg 2555w, https:\/\/candanmezili.com\/wp-content\/uploads\/2022\/10\/candan_slider2-min-300x170.jpg 300w, https:\/\/candanmezili.com\/wp-content\/uploads\/2022\/10\/candan_slider2-min-1024x579.jpg 1024w, https:\/\/candanmezili.com\/wp-content\/uploads\/2022\/10\/candan_slider2-min-768x434.jpg 768w, https:\/\/candanmezili.com\/wp-content\/uploads\/2022\/10\/candan_slider2-min-1536x868.jpg 1536w, https:\/\/candanmezili.com\/wp-content\/uploads\/2022\/10\/candan_slider2-min-2048x1157.jpg 2048w, https:\/\/candanmezili.com\/wp-content\/uploads\/2022\/10\/candan_slider2-min-640x362.jpg 640w, https:\/\/candanmezili.com\/wp-content\/uploads\/2022\/10\/candan_slider2-min-400x226.jpg 400w\" sizes=\"(max-width: 2555px) 100vw, 2555px\" title=\"\">\t\t\t\t\t\t\n\t\t\t\t\t<\/div>\n\t\t\t\t\t\t\t\t\n<style>\n#image_751894693 {\n  width: 100%;\n}\n<\/style>\n\t<\/div>\n\t\n\t\t<\/div>\n\t\t\t\t\t<\/div>\n\n\t\n<\/div>\n","protected":false},"excerpt":{"rendered":"","protected":false},"author":2,"featured_media":0,"parent":0,"menu_order":17,"comment_status":"closed","ping_status":"closed","template":"","meta":{"inline_featured_image":false,"footnotes":""},"class_list":["post-42106","page","type-page","status-publish","hentry"],"_links":{"self":[{"href":"https:\/\/candanmezili.com\/nl\/wp-json\/wp\/v2\/pages\/42106","targetHints":{"allow":["GET"]}}],"collection":[{"href":"https:\/\/candanmezili.com\/nl\/wp-json\/wp\/v2\/pages"}],"about":[{"href":"https:\/\/candanmezili.com\/nl\/wp-json\/wp\/v2\/types\/page"}],"author":[{"embeddable":true,"href":"https:\/\/candanmezili.com\/nl\/wp-json\/wp\/v2\/users\/2"}],"replies":[{"embeddable":true,"href":"https:\/\/candanmezili.com\/nl\/wp-json\/wp\/v2\/comments?post=42106"}],"version-history":[{"count":2,"href":"https:\/\/candanmezili.com\/nl\/wp-json\/wp\/v2\/pages\/42106\/revisions"}],"predecessor-version":[{"id":42111,"href":"https:\/\/candanmezili.com\/nl\/wp-json\/wp\/v2\/pages\/42106\/revisions\/42111"}],"wp:attachment":[{"href":"https:\/\/candanmezili.com\/nl\/wp-json\/wp\/v2\/media?parent=42106"}],"curies":[{"name":"wp","href":"https:\/\/api.w.org\/{rel}","templated":true}]}}