{"id":42503,"date":"2017-07-25T16:12:18","date_gmt":"2017-07-25T13:12:18","guid":{"rendered":"https:\/\/candanmezili.com\/?page_id=42503"},"modified":"2025-12-12T16:18:47","modified_gmt":"2025-12-12T13:18:47","slug":"lichaam","status":"publish","type":"page","link":"https:\/\/candanmezili.com\/nl\/lichaam\/","title":{"rendered":"Lichaam"},"content":{"rendered":"<div class=\"row\"  id=\"row-1982116287\">\n\t<div id=\"col-1739348817\" class=\"col medium-12 small-12 large-12\"  >\n\t\t\t\t<div class=\"col-inner\"  >\n\t\t\t\n\t\t\t\n<p>Izmir is een van de goedkoopste en beste steden voor mensen die naar Turkije komen voor lichaamsesthetiek.<\/p>\n<p>De kliniek van Candan Mezili is een van de populairste klinieken voor <strong>lichaamsesthetiek in Izmir.<\/strong><\/p>\n<p>Je kunt alle details vinden over lichaamsesthetiek in Izmir, zoals beoordelingen van pati\u00ebnten van onze kliniek, kosten, voor- en nafoto\u2019s van lichaamsesthetiek in Izmir.<\/p>\n<p>Als je contact wilt opnemen voor <strong>pakketten voor lichaamsesthetiek in Turkije<\/strong>, neem dan contact met ons op via WhatsApp of via de onderstaande opties.\u00e7<\/p>\n<div id=\"ez-toc-container\" class=\"ez-toc-v2_0_82_2 counter-hierarchy ez-toc-counter ez-toc-custom ez-toc-container-direction\">\n<div class=\"ez-toc-title-container\">\n<p class=\"ez-toc-title\" style=\"cursor:inherit\">Tekstinhoud<\/p>\n<span class=\"ez-toc-title-toggle\"><a href=\"#\" class=\"ez-toc-pull-right ez-toc-btn ez-toc-btn-xs ez-toc-btn-default ez-toc-toggle\" aria-label=\"Toggle tabel met inhoud\"><span class=\"ez-toc-js-icon-con\"><span class=\"\"><span class=\"eztoc-hide\" style=\"display:none;\">Toggle<\/span><span class=\"ez-toc-icon-toggle-span\"><svg style=\"fill: #ffffff;color:#ffffff\" xmlns=\"http:\/\/www.w3.org\/2000\/svg\" class=\"list-377408\" width=\"20px\" height=\"20px\" viewBox=\"0 0 24 24\" fill=\"none\"><path d=\"M6 6H4v2h2V6zm14 0H8v2h12V6zM4 11h2v2H4v-2zm16 0H8v2h12v-2zM4 16h2v2H4v-2zm16 0H8v2h12v-2z\" fill=\"currentColor\"><\/path><\/svg><svg style=\"fill: #ffffff;color:#ffffff\" class=\"arrow-unsorted-368013\" xmlns=\"http:\/\/www.w3.org\/2000\/svg\" width=\"10px\" height=\"10px\" viewBox=\"0 0 24 24\" version=\"1.2\" baseProfile=\"tiny\"><path d=\"M18.2 9.3l-6.2-6.3-6.2 6.3c-.2.2-.3.4-.3.7s.1.5.3.7c.2.2.4.3.7.3h11c.3 0 .5-.1.7-.3.2-.2.3-.5.3-.7s-.1-.5-.3-.7zM5.8 14.7l6.2 6.3 6.2-6.3c.2-.2.3-.5.3-.7s-.1-.5-.3-.7c-.2-.2-.4-.3-.7-.3h-11c-.3 0-.5.1-.7.3-.2.2-.3.5-.3.7s.1.5.3.7z\"\/><\/svg><\/span><\/span><\/span><\/a><\/span><\/div>\n<nav><ul class='ez-toc-list ez-toc-list-level-1 ' ><li class='ez-toc-page-1 ez-toc-heading-level-2'><a class=\"ez-toc-link ez-toc-heading-1\" href=\"https:\/\/candanmezili.com\/nl\/lichaam\/#Wat_is_het_succespercentage_van_lichaamsesthetiek_in_Turkije\" >Wat is het succespercentage van lichaamsesthetiek in Turkije?<\/a><\/li><li class='ez-toc-page-1 ez-toc-heading-level-2'><a class=\"ez-toc-link ez-toc-heading-2\" href=\"https:\/\/candanmezili.com\/nl\/lichaam\/#Hoeveel_mensen_ondergaan_lichaamsesthetiek_in_Turkije\" >Hoeveel mensen ondergaan lichaamsesthetiek in Turkije?<\/a><\/li><\/ul><\/nav><\/div>\n<h2><span class=\"ez-toc-section\" id=\"Wat_is_het_succespercentage_van_lichaamsesthetiek_in_Turkije\"><\/span>Wat is het succespercentage van lichaamsesthetiek in Turkije?<span class=\"ez-toc-section-end\"><\/span><\/h2>\n<p>In een studie onder leiding van <a href=\"https:\/\/pubmed.ncbi.nlm.nih.gov\/26578747\/\" target=\"_blank\" rel=\"noopener\">Dr. Varun Gupta, MD, MPH<\/a> en zijn team werden de veiligheid en uitkomsten van rhinoplastiek onderzocht bij een steekproef van 4.978 pati\u00ebnten. Zij ontdekten dat het complicatiepercentage relatief laag was, namelijk slechts 0,7%. De belangrijkste problemen die werden vastgesteld, waren de vorming van bloedstolsels (hematoom) met een percentage van 0,2%, infecties eveneens met 0,2% en longgerelateerde complicaties met 0,1%. Opvallend was dat de kans op complicaties groter bleek te zijn bij pati\u00ebnten ouder dan 40 jaar en bij degenen die naast rhinoplastiek aanvullende cosmetische operaties ondergingen.<\/p>\n<h2><span class=\"ez-toc-section\" id=\"Hoeveel_mensen_ondergaan_lichaamsesthetiek_in_Turkije\"><\/span>Hoeveel mensen ondergaan lichaamsesthetiek in Turkije?<span class=\"ez-toc-section-end\"><\/span><\/h2>\n<p>Volgens de <a href=\"https:\/\/www.plasticsurgery.org\/news\/plastic-surgery-statistics\" target=\"_blank\" rel=\"noopener\">American Society of Plastic Surgeons<\/a> waren er in 2022 aanzienlijke stijgingen in verschillende lichaamsesthetische ingrepen ten opzichte van 2019. Liposuctie kende 325.669 ingrepen, een stijging van 23%. Buikwandcorrecties (abdominoplastiek) werden 161.948 keer uitgevoerd, een toename van 37%. Borstvergrotingen telden 298.568 ingrepen, wat een stijging van 4% betekent. Borstverkleiningen namen sterk toe met 54%, met 71.364 ingrepen. Bovenarmcorrecties (brachioplastiek) zagen een stijging van 23% met 21.429 ingrepen. Onderlichaamslifts stegen eveneens met 28% en kwamen uit op 10.445 ingrepen. In totaal waren er 1.498.361 cosmetische chirurgische ingrepen in 2022, wat een stijging van 19% weerspiegelt sinds 2019. Deze statistieken benadrukken de groeiende trend in lichaamsesthetische operaties.<\/p>\n\t<div id=\"gap-964767705\" class=\"gap-element clearfix\" style=\"display:block; height:auto;\">\n\t\t\n<style>\n#gap-964767705 {\n  padding-top: 30px;\n}\n<\/style>\n\t<\/div>\n\t\n\n  \n    <div class=\"row large-columns-3 medium-columns- small-columns-2\" >\n  <div class=\"page-col col\" >\n          <div class=\"col-inner\" >\n          <a class=\"block plain\" href=\"https:\/\/candanmezili.com\/nl\/lichaam\/liposuctie\/\" title=\"Liposuctie\" target=\"\">\n            <div class=\"page-box box has-hover\">\n                  <div class=\"box-image\" >\n                      <div class=\"box-image image-cover\" style=\"padding-top:75%;\">\n                      <img decoding=\"async\" width=\"300\" height=\"169\" src=\"https:\/\/candanmezili.com\/wp-content\/uploads\/2024\/08\/Liposuction-Nedir_-Ameliyat-ve-Iyilesme-Sureci-300x169.png\" class=\"attachment-medium size-medium\" alt=\"Liposuction Nedir_ Ameliyat ve I\u0307yiles\u0327me Su\u0308reci\" srcset=\"https:\/\/candanmezili.com\/wp-content\/uploads\/2024\/08\/Liposuction-Nedir_-Ameliyat-ve-Iyilesme-Sureci-300x169.png 300w, https:\/\/candanmezili.com\/wp-content\/uploads\/2024\/08\/Liposuction-Nedir_-Ameliyat-ve-Iyilesme-Sureci-1024x576.png 1024w, https:\/\/candanmezili.com\/wp-content\/uploads\/2024\/08\/Liposuction-Nedir_-Ameliyat-ve-Iyilesme-Sureci-768x432.png 768w, https:\/\/candanmezili.com\/wp-content\/uploads\/2024\/08\/Liposuction-Nedir_-Ameliyat-ve-Iyilesme-Sureci-1536x864.png 1536w, https:\/\/candanmezili.com\/wp-content\/uploads\/2024\/08\/Liposuction-Nedir_-Ameliyat-ve-Iyilesme-Sureci-640x360.png 640w, https:\/\/candanmezili.com\/wp-content\/uploads\/2024\/08\/Liposuction-Nedir_-Ameliyat-ve-Iyilesme-Sureci-400x225.png 400w, https:\/\/candanmezili.com\/wp-content\/uploads\/2024\/08\/Liposuction-Nedir_-Ameliyat-ve-Iyilesme-Sureci.jpg 1600w\" sizes=\"(max-width: 300px) 100vw, 300px\" title=\"\">                      <\/div>\n                                                              <\/div>\n                  <div class=\"box-text text-center dark\" style=\"background-color:rgb(0, 78, 123);\">\n                        <div class=\"box-text-inner\">\n                            <p>Liposuctie<\/p>\n                        <\/div>\n                  <\/div>\n              <\/div>\n            <\/a>\n            <\/div>\n          <\/div><div class=\"page-col col\" >\n          <div class=\"col-inner\" >\n          <a class=\"block plain\" href=\"https:\/\/candanmezili.com\/nl\/lichaam\/abdominoplastiek-buikwandcorrectie\/\" title=\"Abdominoplastiek (Buikwandcorrectie)\" target=\"\">\n            <div class=\"page-box box has-hover\">\n                  <div class=\"box-image\" >\n                      <div class=\"box-image image-cover\" style=\"padding-top:75%;\">\n                      <img decoding=\"async\" width=\"300\" height=\"169\" src=\"https:\/\/candanmezili.com\/wp-content\/uploads\/2024\/08\/Karin-Germe-Ameliyati-Abdominoplasti-300x169.png\" class=\"attachment-medium size-medium\" alt=\"Kar\u0131n Germe Ameliyat\u0131 (Abdominoplasti)\" srcset=\"https:\/\/candanmezili.com\/wp-content\/uploads\/2024\/08\/Karin-Germe-Ameliyati-Abdominoplasti-300x169.png 300w, https:\/\/candanmezili.com\/wp-content\/uploads\/2024\/08\/Karin-Germe-Ameliyati-Abdominoplasti-1024x576.png 1024w, https:\/\/candanmezili.com\/wp-content\/uploads\/2024\/08\/Karin-Germe-Ameliyati-Abdominoplasti-768x432.png 768w, https:\/\/candanmezili.com\/wp-content\/uploads\/2024\/08\/Karin-Germe-Ameliyati-Abdominoplasti-1536x864.png 1536w, https:\/\/candanmezili.com\/wp-content\/uploads\/2024\/08\/Karin-Germe-Ameliyati-Abdominoplasti-640x360.png 640w, https:\/\/candanmezili.com\/wp-content\/uploads\/2024\/08\/Karin-Germe-Ameliyati-Abdominoplasti-400x225.png 400w, https:\/\/candanmezili.com\/wp-content\/uploads\/2024\/08\/Karin-Germe-Ameliyati-Abdominoplasti.jpg 1600w\" sizes=\"(max-width: 300px) 100vw, 300px\" title=\"\">                      <\/div>\n                                                              <\/div>\n                  <div class=\"box-text text-center dark\" style=\"background-color:rgb(0, 78, 123);\">\n                        <div class=\"box-text-inner\">\n                            <p>Abdominoplastiek (Buikwandcorrectie)<\/p>\n                        <\/div>\n                  <\/div>\n              <\/div>\n            <\/a>\n            <\/div>\n          <\/div><div class=\"page-col col\" >\n          <div class=\"col-inner\" >\n          <a class=\"block plain\" href=\"https:\/\/candanmezili.com\/nl\/lichaam\/brazilian-butt-lift\/\" title=\"Brazilian butt lift\" target=\"\">\n            <div class=\"page-box box has-hover\">\n                  <div class=\"box-image\" >\n                      <div class=\"box-image image-cover\" style=\"padding-top:75%;\">\n                      <img decoding=\"async\" width=\"300\" height=\"169\" src=\"https:\/\/candanmezili.com\/wp-content\/uploads\/2024\/08\/Kalca-Popo-Estetigi-Nedir-Ameliyati-Nasil-Yapilir-300x169.png\" class=\"attachment-medium size-medium\" alt=\"Kalc\u0327a (Popo) Estetig\u0306i Nedir, Ameliyat\u0131 Nas\u0131l Yap\u0131l\u0131r\" srcset=\"https:\/\/candanmezili.com\/wp-content\/uploads\/2024\/08\/Kalca-Popo-Estetigi-Nedir-Ameliyati-Nasil-Yapilir-300x169.png 300w, https:\/\/candanmezili.com\/wp-content\/uploads\/2024\/08\/Kalca-Popo-Estetigi-Nedir-Ameliyati-Nasil-Yapilir-1024x576.png 1024w, https:\/\/candanmezili.com\/wp-content\/uploads\/2024\/08\/Kalca-Popo-Estetigi-Nedir-Ameliyati-Nasil-Yapilir-768x432.png 768w, https:\/\/candanmezili.com\/wp-content\/uploads\/2024\/08\/Kalca-Popo-Estetigi-Nedir-Ameliyati-Nasil-Yapilir-1536x864.png 1536w, https:\/\/candanmezili.com\/wp-content\/uploads\/2024\/08\/Kalca-Popo-Estetigi-Nedir-Ameliyati-Nasil-Yapilir-640x360.png 640w, https:\/\/candanmezili.com\/wp-content\/uploads\/2024\/08\/Kalca-Popo-Estetigi-Nedir-Ameliyati-Nasil-Yapilir-400x225.png 400w, https:\/\/candanmezili.com\/wp-content\/uploads\/2024\/08\/Kalca-Popo-Estetigi-Nedir-Ameliyati-Nasil-Yapilir.jpg 1600w\" sizes=\"(max-width: 300px) 100vw, 300px\" title=\"\">                      <\/div>\n                                                              <\/div>\n                  <div class=\"box-text text-center dark\" style=\"background-color:rgb(0, 78, 123);\">\n                        <div class=\"box-text-inner\">\n                            <p>Brazilian butt lift<\/p>\n                        <\/div>\n                  <\/div>\n              <\/div>\n            <\/a>\n            <\/div>\n          <\/div><div class=\"page-col col\" >\n          <div class=\"col-inner\" >\n          <a class=\"block plain\" href=\"https:\/\/candanmezili.com\/nl\/lichaam\/armlift\/\" title=\"Armlift\" target=\"\">\n            <div class=\"page-box box has-hover\">\n                  <div class=\"box-image\" >\n                      <div class=\"box-image image-cover\" style=\"padding-top:75%;\">\n                      <img decoding=\"async\" width=\"300\" height=\"200\" src=\"https:\/\/candanmezili.com\/wp-content\/uploads\/2024\/08\/kol-germe-300x200.jpg\" class=\"attachment-medium size-medium\" alt=\"\" srcset=\"https:\/\/candanmezili.com\/wp-content\/uploads\/2024\/08\/kol-germe-300x200.jpg 300w, https:\/\/candanmezili.com\/wp-content\/uploads\/2024\/08\/kol-germe-768x512.jpg 768w, https:\/\/candanmezili.com\/wp-content\/uploads\/2024\/08\/kol-germe-640x427.jpg 640w, https:\/\/candanmezili.com\/wp-content\/uploads\/2024\/08\/kol-germe-400x267.jpg 400w, https:\/\/candanmezili.com\/wp-content\/uploads\/2024\/08\/kol-germe.jpg 1000w\" sizes=\"(max-width: 300px) 100vw, 300px\" title=\"\">                      <\/div>\n                                                              <\/div>\n                  <div class=\"box-text text-center dark\" style=\"background-color:rgb(0, 78, 123);\">\n                        <div class=\"box-text-inner\">\n                            <p>Armlift<\/p>\n                        <\/div>\n                  <\/div>\n              <\/div>\n            <\/a>\n            <\/div>\n          <\/div><div class=\"page-col col\" >\n          <div class=\"col-inner\" >\n          <a class=\"block plain\" href=\"https:\/\/candanmezili.com\/nl\/lichaam\/dijbeenlift\/\" title=\"Dijbeenlift\" target=\"\">\n            <div class=\"page-box box has-hover\">\n                  <div class=\"box-image\" >\n                      <div class=\"box-image image-cover\" style=\"padding-top:75%;\">\n                      <img decoding=\"async\" width=\"300\" height=\"169\" src=\"https:\/\/candanmezili.com\/wp-content\/uploads\/2024\/08\/Uyluk-Ust-Bacak-Germe-Operasyonu-300x169.png\" class=\"attachment-medium size-medium\" alt=\"Uyluk (\u00dcst Bacak) Germe Operasyonu\" srcset=\"https:\/\/candanmezili.com\/wp-content\/uploads\/2024\/08\/Uyluk-Ust-Bacak-Germe-Operasyonu-300x169.png 300w, https:\/\/candanmezili.com\/wp-content\/uploads\/2024\/08\/Uyluk-Ust-Bacak-Germe-Operasyonu-1024x576.png 1024w, https:\/\/candanmezili.com\/wp-content\/uploads\/2024\/08\/Uyluk-Ust-Bacak-Germe-Operasyonu-768x432.png 768w, https:\/\/candanmezili.com\/wp-content\/uploads\/2024\/08\/Uyluk-Ust-Bacak-Germe-Operasyonu-1536x864.png 1536w, https:\/\/candanmezili.com\/wp-content\/uploads\/2024\/08\/Uyluk-Ust-Bacak-Germe-Operasyonu-640x360.png 640w, https:\/\/candanmezili.com\/wp-content\/uploads\/2024\/08\/Uyluk-Ust-Bacak-Germe-Operasyonu-400x225.png 400w, https:\/\/candanmezili.com\/wp-content\/uploads\/2024\/08\/Uyluk-Ust-Bacak-Germe-Operasyonu.jpg 1600w\" sizes=\"(max-width: 300px) 100vw, 300px\" title=\"\">                      <\/div>\n                                                              <\/div>\n                  <div class=\"box-text text-center dark\" style=\"background-color:rgb(0, 78, 123);\">\n                        <div class=\"box-text-inner\">\n                            <p>Dijbeenlift<\/p>\n                        <\/div>\n                  <\/div>\n              <\/div>\n            <\/a>\n            <\/div>\n          <\/div><div class=\"page-col col\" >\n          <div class=\"col-inner\" >\n          <a class=\"block plain\" href=\"https:\/\/candanmezili.com\/nl\/lichaam\/cosmetische-beenchirurgie\/\" title=\"Cosmetische beenchirurgie\" target=\"\">\n            <div class=\"page-box box has-hover\">\n                  <div class=\"box-image\" >\n                      <div class=\"box-image image-cover\" style=\"padding-top:75%;\">\n                      <img decoding=\"async\" width=\"300\" height=\"169\" src=\"https:\/\/candanmezili.com\/wp-content\/uploads\/2024\/08\/Izmir-Bacak-Estetigi-300x169.png\" class=\"attachment-medium size-medium\" alt=\"I\u0307zmir Bacak Estetig\u0306i\" srcset=\"https:\/\/candanmezili.com\/wp-content\/uploads\/2024\/08\/Izmir-Bacak-Estetigi-300x169.png 300w, https:\/\/candanmezili.com\/wp-content\/uploads\/2024\/08\/Izmir-Bacak-Estetigi-1024x576.png 1024w, https:\/\/candanmezili.com\/wp-content\/uploads\/2024\/08\/Izmir-Bacak-Estetigi-768x432.png 768w, https:\/\/candanmezili.com\/wp-content\/uploads\/2024\/08\/Izmir-Bacak-Estetigi-1536x864.png 1536w, https:\/\/candanmezili.com\/wp-content\/uploads\/2024\/08\/Izmir-Bacak-Estetigi-640x360.png 640w, https:\/\/candanmezili.com\/wp-content\/uploads\/2024\/08\/Izmir-Bacak-Estetigi-400x225.png 400w, https:\/\/candanmezili.com\/wp-content\/uploads\/2024\/08\/Izmir-Bacak-Estetigi.jpg 1600w\" sizes=\"(max-width: 300px) 100vw, 300px\" title=\"\">                      <\/div>\n                                                              <\/div>\n                  <div class=\"box-text text-center dark\" style=\"background-color:rgb(0, 78, 123);\">\n                        <div class=\"box-text-inner\">\n                            <p>Cosmetische beenchirurgie<\/p>\n                        <\/div>\n                  <\/div>\n              <\/div>\n            <\/a>\n            <\/div>\n          <\/div><div class=\"page-col col\" >\n          <div class=\"col-inner\" >\n          <a class=\"block plain\" href=\"https:\/\/candanmezili.com\/nl\/lichaam\/post-bariatrische-lichaamscontouring\/\" title=\"Post-bariatrische lichaamscontouring\" target=\"\">\n            <div class=\"page-box box has-hover\">\n                  <div class=\"box-image\" >\n                      <div class=\"box-image image-cover\" style=\"padding-top:75%;\">\n                      <img decoding=\"async\" width=\"300\" height=\"169\" src=\"https:\/\/candanmezili.com\/wp-content\/uploads\/2024\/08\/Kilo-Verme-Sonrasi-Estetik-Post-Bariatrik-Cerrahi-300x169.png\" class=\"attachment-medium size-medium\" alt=\"Kilo Verme Sonras\u0131 Estetik (Post-Bariatrik Cerrahi)\" srcset=\"https:\/\/candanmezili.com\/wp-content\/uploads\/2024\/08\/Kilo-Verme-Sonrasi-Estetik-Post-Bariatrik-Cerrahi-300x169.png 300w, https:\/\/candanmezili.com\/wp-content\/uploads\/2024\/08\/Kilo-Verme-Sonrasi-Estetik-Post-Bariatrik-Cerrahi-1024x576.png 1024w, https:\/\/candanmezili.com\/wp-content\/uploads\/2024\/08\/Kilo-Verme-Sonrasi-Estetik-Post-Bariatrik-Cerrahi-768x432.png 768w, https:\/\/candanmezili.com\/wp-content\/uploads\/2024\/08\/Kilo-Verme-Sonrasi-Estetik-Post-Bariatrik-Cerrahi-1536x864.png 1536w, https:\/\/candanmezili.com\/wp-content\/uploads\/2024\/08\/Kilo-Verme-Sonrasi-Estetik-Post-Bariatrik-Cerrahi-640x360.png 640w, https:\/\/candanmezili.com\/wp-content\/uploads\/2024\/08\/Kilo-Verme-Sonrasi-Estetik-Post-Bariatrik-Cerrahi-400x225.png 400w, https:\/\/candanmezili.com\/wp-content\/uploads\/2024\/08\/Kilo-Verme-Sonrasi-Estetik-Post-Bariatrik-Cerrahi.jpg 1600w\" sizes=\"(max-width: 300px) 100vw, 300px\" title=\"\">                      <\/div>\n                                                              <\/div>\n                  <div class=\"box-text text-center dark\" style=\"background-color:rgb(0, 78, 123);\">\n                        <div class=\"box-text-inner\">\n                            <p>Post-bariatrische lichaamscontouring<\/p>\n                        <\/div>\n                  <\/div>\n              <\/div>\n            <\/a>\n            <\/div>\n          <\/div><\/div>\n\t\t<\/div>\n\t\t\t\t\t<\/div>\n\n\t<\/div>\n","protected":false},"excerpt":{"rendered":"","protected":false},"author":2,"featured_media":0,"parent":0,"menu_order":0,"comment_status":"closed","ping_status":"closed","template":"","meta":{"inline_featured_image":false,"footnotes":""},"class_list":["post-42503","page","type-page","status-publish","hentry"],"_links":{"self":[{"href":"https:\/\/candanmezili.com\/nl\/wp-json\/wp\/v2\/pages\/42503","targetHints":{"allow":["GET"]}}],"collection":[{"href":"https:\/\/candanmezili.com\/nl\/wp-json\/wp\/v2\/pages"}],"about":[{"href":"https:\/\/candanmezili.com\/nl\/wp-json\/wp\/v2\/types\/page"}],"author":[{"embeddable":true,"href":"https:\/\/candanmezili.com\/nl\/wp-json\/wp\/v2\/users\/2"}],"replies":[{"embeddable":true,"href":"https:\/\/candanmezili.com\/nl\/wp-json\/wp\/v2\/comments?post=42503"}],"version-history":[{"count":3,"href":"https:\/\/candanmezili.com\/nl\/wp-json\/wp\/v2\/pages\/42503\/revisions"}],"predecessor-version":[{"id":42531,"href":"https:\/\/candanmezili.com\/nl\/wp-json\/wp\/v2\/pages\/42503\/revisions\/42531"}],"wp:attachment":[{"href":"https:\/\/candanmezili.com\/nl\/wp-json\/wp\/v2\/media?parent=42503"}],"curies":[{"name":"wp","href":"https:\/\/api.w.org\/{rel}","templated":true}]}}