{"id":42927,"date":"2017-07-14T10:31:53","date_gmt":"2017-07-14T07:31:53","guid":{"rendered":"https:\/\/candanmezili.com\/?page_id=42927"},"modified":"2025-12-15T10:11:11","modified_gmt":"2025-12-15T07:11:11","slug":"borst","status":"publish","type":"page","link":"https:\/\/candanmezili.com\/nl\/borst\/","title":{"rendered":"Borst"},"content":{"rendered":"<div class=\"row\"  id=\"row-1458859682\">\n\n\t<div id=\"col-1033503678\" class=\"col large-12\"  >\n\t\t\t\t<div class=\"col-inner\"  >\n\t\t\t\n\t\t\t\n<p>Izmir is een van de goedkoopste en beste steden voor mensen die naar Turkije komen voor borstesthetiek.<\/p>\n<p>U kunt alle details vinden over borstesthetiek in Izmir, zoals pati\u00ebntbeoordelingen van onze kliniek, kosten en voor- &#038; nafoto\u2019s voor <strong>borstesthetiek Izmir<\/strong>.<\/p>\n<p>Als u contact wilt opnemen voor <strong>borstesthetiekpakketten in Turkije<\/strong>, neem dan contact met ons op via WhatsApp of via de onderstaande opties.<\/p>\n<div id=\"ez-toc-container\" class=\"ez-toc-v2_0_82_2 counter-hierarchy ez-toc-counter ez-toc-custom ez-toc-container-direction\">\n<div class=\"ez-toc-title-container\">\n<p class=\"ez-toc-title\" style=\"cursor:inherit\">Tekstinhoud<\/p>\n<span class=\"ez-toc-title-toggle\"><a href=\"#\" class=\"ez-toc-pull-right ez-toc-btn ez-toc-btn-xs ez-toc-btn-default ez-toc-toggle\" aria-label=\"Toggle tabel met inhoud\"><span class=\"ez-toc-js-icon-con\"><span class=\"\"><span class=\"eztoc-hide\" style=\"display:none;\">Toggle<\/span><span class=\"ez-toc-icon-toggle-span\"><svg style=\"fill: #ffffff;color:#ffffff\" xmlns=\"http:\/\/www.w3.org\/2000\/svg\" class=\"list-377408\" width=\"20px\" height=\"20px\" viewBox=\"0 0 24 24\" fill=\"none\"><path d=\"M6 6H4v2h2V6zm14 0H8v2h12V6zM4 11h2v2H4v-2zm16 0H8v2h12v-2zM4 16h2v2H4v-2zm16 0H8v2h12v-2z\" fill=\"currentColor\"><\/path><\/svg><svg style=\"fill: #ffffff;color:#ffffff\" class=\"arrow-unsorted-368013\" xmlns=\"http:\/\/www.w3.org\/2000\/svg\" width=\"10px\" height=\"10px\" viewBox=\"0 0 24 24\" version=\"1.2\" baseProfile=\"tiny\"><path d=\"M18.2 9.3l-6.2-6.3-6.2 6.3c-.2.2-.3.4-.3.7s.1.5.3.7c.2.2.4.3.7.3h11c.3 0 .5-.1.7-.3.2-.2.3-.5.3-.7s-.1-.5-.3-.7zM5.8 14.7l6.2 6.3 6.2-6.3c.2-.2.3-.5.3-.7s-.1-.5-.3-.7c-.2-.2-.4-.3-.7-.3h-11c-.3 0-.5.1-.7.3-.2.2-.3.5-.3.7s.1.5.3.7z\"\/><\/svg><\/span><\/span><\/span><\/a><\/span><\/div>\n<nav><ul class='ez-toc-list ez-toc-list-level-1 ' ><li class='ez-toc-page-1 ez-toc-heading-level-2'><a class=\"ez-toc-link ez-toc-heading-1\" href=\"https:\/\/candanmezili.com\/nl\/borst\/#Wat_is_het_succespercentage_van_borstesthetiek_in_Turkije\" >Wat is het succespercentage van borstesthetiek in Turkije?<\/a><\/li><li class='ez-toc-page-1 ez-toc-heading-level-2'><a class=\"ez-toc-link ez-toc-heading-2\" href=\"https:\/\/candanmezili.com\/nl\/borst\/#Hoeveel_mensen_ondergaan_borstesthetiek_in_Turkije\" >Hoeveel mensen ondergaan borstesthetiek in Turkije?<\/a><\/li><\/ul><\/nav><\/div>\n<h2><span class=\"ez-toc-section\" id=\"Wat_is_het_succespercentage_van_borstesthetiek_in_Turkije\"><\/span>Wat is het succespercentage van borstesthetiek in Turkije?<span class=\"ez-toc-section-end\"><\/span><\/h2>\n<p>Een studie die werd gepresenteerd op een conferentie door de <a href=\"https:\/\/www.sciencedaily.com\/releases\/2008\/10\/081008114404.htm\" target=\"_blank\" rel=\"noopener\">American Society of Plastic Surgeons<\/a> toont aan dat verschillende soorten borstoperaties, zoals borstvergroting, borstlifting, een combinatie van lifting en vergroting, en borstverkleining, een hoog niveau van pati\u00ebnttevredenheid hebben. Deze procedures verbeteren niet alleen het fysieke uiterlijk, maar verhogen ook aanzienlijk het zelfvertrouwen en de algehele levenskwaliteit. Maar liefst 99 procent van de vrouwen die deze operaties ondergingen, gaf aan bereid te zijn de ingreep opnieuw te laten uitvoeren. De studie wijst er bovendien op dat het tevredenheidsniveau van pati\u00ebnten die een borstlifting of zowel een lifting als vergroting ondergingen, vergelijkbaar is met dat van pati\u00ebnten die kozen voor borstvergroting of borstverkleining, wat wijst op een consistent positief effect bij mensen die voor deze cosmetische behandelingen kiezen.<\/p>\n<h2><span class=\"ez-toc-section\" id=\"Hoeveel_mensen_ondergaan_borstesthetiek_in_Turkije\"><\/span>Hoeveel mensen ondergaan borstesthetiek in Turkije?<span class=\"ez-toc-section-end\"><\/span><\/h2>\n<p>In 2022 rapporteerde de <a href=\"https:\/\/www.plasticsurgery.org\/news\/plastic-surgery-statistics\" target=\"_blank\" rel=\"noopener\">American Society of Plastic Surgeons<\/a> aanzienlijke stijgingen in verschillende borstesthetische ingrepen ten opzichte van de cijfers van v\u00f3\u00f3r de pandemie in 2019. Het aantal borstvergrotingen bereikte 298.568, een stijging van 4% ten opzichte van 2019. Borstliftings, of mastopexie, kenden een sterkere toename, met 143.364 uitgevoerde ingrepen, wat neerkomt op een stijging van 30%. Daarnaast waren ook borstverkleiningen, specifiek bij esthetische pati\u00ebnten, aanzienlijk hoger, met 71.364 uitgevoerde ingrepen, wat een stijging van 54% betekent ten opzichte van de cijfers van v\u00f3\u00f3r de pandemie. Deze statistieken benadrukken een groeiende trend in borstesthetische operaties en weerspiegelen veranderende voorkeuren en mogelijk een toegenomen focus op persoonlijk welzijn en uiterlijk na de pandemie. De door de American Society of Plastic Surgeons verstrekte gegevens vormen een waardevolle indicator van evoluerende trends binnen de cosmetische chirurgie.<\/p>\n\t<div id=\"gap-2078852270\" class=\"gap-element clearfix\" style=\"display:block; height:auto;\">\n\t\t\n<style>\n#gap-2078852270 {\n  padding-top: 30px;\n}\n<\/style>\n\t<\/div>\n\t\n\n  \n    <div class=\"row large-columns-3 medium-columns- small-columns-2\" >\n  <div class=\"page-col col\" >\n          <div class=\"col-inner\" >\n          <a class=\"block plain\" href=\"https:\/\/candanmezili.com\/nl\/borst\/borstvergroting\/\" title=\"Borstvergroting\" target=\"\">\n            <div class=\"page-box box has-hover\">\n                  <div class=\"box-image\" >\n                      <div class=\"box-image image-cover\" style=\"padding-top:75%;\">\n                      <img decoding=\"async\" width=\"300\" height=\"169\" src=\"https:\/\/candanmezili.com\/wp-content\/uploads\/2024\/08\/Meme-Buyutme-Ameliyati-Nedir_-Nasil-Yapilir-300x169.png\" class=\"attachment-medium size-medium\" alt=\"Meme Bu\u0308yu\u0308tme Ameliyat\u0131 Nedir_ Nas\u0131l Yap\u0131l\u0131r\" srcset=\"https:\/\/candanmezili.com\/wp-content\/uploads\/2024\/08\/Meme-Buyutme-Ameliyati-Nedir_-Nasil-Yapilir-300x169.png 300w, https:\/\/candanmezili.com\/wp-content\/uploads\/2024\/08\/Meme-Buyutme-Ameliyati-Nedir_-Nasil-Yapilir-1024x576.png 1024w, https:\/\/candanmezili.com\/wp-content\/uploads\/2024\/08\/Meme-Buyutme-Ameliyati-Nedir_-Nasil-Yapilir-768x432.png 768w, https:\/\/candanmezili.com\/wp-content\/uploads\/2024\/08\/Meme-Buyutme-Ameliyati-Nedir_-Nasil-Yapilir-1536x864.png 1536w, https:\/\/candanmezili.com\/wp-content\/uploads\/2024\/08\/Meme-Buyutme-Ameliyati-Nedir_-Nasil-Yapilir-640x360.png 640w, https:\/\/candanmezili.com\/wp-content\/uploads\/2024\/08\/Meme-Buyutme-Ameliyati-Nedir_-Nasil-Yapilir-400x225.png 400w, https:\/\/candanmezili.com\/wp-content\/uploads\/2024\/08\/Meme-Buyutme-Ameliyati-Nedir_-Nasil-Yapilir.jpg 1600w\" sizes=\"(max-width: 300px) 100vw, 300px\" title=\"\">                      <\/div>\n                                                              <\/div>\n                  <div class=\"box-text text-center dark\" style=\"background-color:rgb(0, 78, 123);\">\n                        <div class=\"box-text-inner\">\n                            <p>Borstvergroting<\/p>\n                        <\/div>\n                  <\/div>\n              <\/div>\n            <\/a>\n            <\/div>\n          <\/div><div class=\"page-col col\" >\n          <div class=\"col-inner\" >\n          <a class=\"block plain\" href=\"https:\/\/candanmezili.com\/nl\/borst\/borstverkleiningsoperatie\/\" title=\"Borstverkleiningsoperatie\" target=\"\">\n            <div class=\"page-box box has-hover\">\n                  <div class=\"box-image\" >\n                      <div class=\"box-image image-cover\" style=\"padding-top:75%;\">\n                      <img decoding=\"async\" width=\"300\" height=\"169\" src=\"https:\/\/candanmezili.com\/wp-content\/uploads\/2024\/08\/Meme-Kucultme-Ameliyati-Nedir_-Hangi-Durumlarda-Yapilir-300x169.png\" class=\"attachment-medium size-medium\" alt=\"Meme Ku\u0308c\u0327u\u0308ltme Ameliyat\u0131 Nedir_ Hangi Durumlarda Yap\u0131l\u0131r\" srcset=\"https:\/\/candanmezili.com\/wp-content\/uploads\/2024\/08\/Meme-Kucultme-Ameliyati-Nedir_-Hangi-Durumlarda-Yapilir-300x169.png 300w, https:\/\/candanmezili.com\/wp-content\/uploads\/2024\/08\/Meme-Kucultme-Ameliyati-Nedir_-Hangi-Durumlarda-Yapilir-1024x576.png 1024w, https:\/\/candanmezili.com\/wp-content\/uploads\/2024\/08\/Meme-Kucultme-Ameliyati-Nedir_-Hangi-Durumlarda-Yapilir-768x432.png 768w, https:\/\/candanmezili.com\/wp-content\/uploads\/2024\/08\/Meme-Kucultme-Ameliyati-Nedir_-Hangi-Durumlarda-Yapilir-1536x864.png 1536w, https:\/\/candanmezili.com\/wp-content\/uploads\/2024\/08\/Meme-Kucultme-Ameliyati-Nedir_-Hangi-Durumlarda-Yapilir-640x360.png 640w, https:\/\/candanmezili.com\/wp-content\/uploads\/2024\/08\/Meme-Kucultme-Ameliyati-Nedir_-Hangi-Durumlarda-Yapilir-400x225.png 400w, https:\/\/candanmezili.com\/wp-content\/uploads\/2024\/08\/Meme-Kucultme-Ameliyati-Nedir_-Hangi-Durumlarda-Yapilir.jpg 1600w\" sizes=\"(max-width: 300px) 100vw, 300px\" title=\"\">                      <\/div>\n                                                              <\/div>\n                  <div class=\"box-text text-center dark\" style=\"background-color:rgb(0, 78, 123);\">\n                        <div class=\"box-text-inner\">\n                            <p>Borstverkleiningsoperatie<\/p>\n                        <\/div>\n                  <\/div>\n              <\/div>\n            <\/a>\n            <\/div>\n          <\/div><div class=\"page-col col\" >\n          <div class=\"col-inner\" >\n          <a class=\"block plain\" href=\"https:\/\/candanmezili.com\/nl\/borst\/borstlift-mastopexie\/\" title=\"Borstlift (Mastopexie)\" target=\"\">\n            <div class=\"page-box box has-hover\">\n                  <div class=\"box-image\" >\n                      <div class=\"box-image image-cover\" style=\"padding-top:75%;\">\n                      <img decoding=\"async\" width=\"300\" height=\"169\" src=\"https:\/\/candanmezili.com\/wp-content\/uploads\/2024\/08\/Meme-Diklestirme-Ameliyati-Nedir_-Nasil-Yapilir-300x169.png\" class=\"attachment-medium size-medium\" alt=\"Meme Dikles\u0327tirme Ameliyat\u0131 Nedir_ Nas\u0131l Yap\u0131l\u0131r\" srcset=\"https:\/\/candanmezili.com\/wp-content\/uploads\/2024\/08\/Meme-Diklestirme-Ameliyati-Nedir_-Nasil-Yapilir-300x169.png 300w, https:\/\/candanmezili.com\/wp-content\/uploads\/2024\/08\/Meme-Diklestirme-Ameliyati-Nedir_-Nasil-Yapilir-1024x576.png 1024w, https:\/\/candanmezili.com\/wp-content\/uploads\/2024\/08\/Meme-Diklestirme-Ameliyati-Nedir_-Nasil-Yapilir-768x432.png 768w, https:\/\/candanmezili.com\/wp-content\/uploads\/2024\/08\/Meme-Diklestirme-Ameliyati-Nedir_-Nasil-Yapilir-1536x864.png 1536w, https:\/\/candanmezili.com\/wp-content\/uploads\/2024\/08\/Meme-Diklestirme-Ameliyati-Nedir_-Nasil-Yapilir-640x360.png 640w, https:\/\/candanmezili.com\/wp-content\/uploads\/2024\/08\/Meme-Diklestirme-Ameliyati-Nedir_-Nasil-Yapilir-400x225.png 400w, https:\/\/candanmezili.com\/wp-content\/uploads\/2024\/08\/Meme-Diklestirme-Ameliyati-Nedir_-Nasil-Yapilir.jpg 1600w\" sizes=\"(max-width: 300px) 100vw, 300px\" title=\"\">                      <\/div>\n                                                              <\/div>\n                  <div class=\"box-text text-center dark\" style=\"background-color:rgb(0, 78, 123);\">\n                        <div class=\"box-text-inner\">\n                            <p>Borstlift (Mastopexie)<\/p>\n                        <\/div>\n                  <\/div>\n              <\/div>\n            <\/a>\n            <\/div>\n          <\/div><div class=\"page-col col\" >\n          <div class=\"col-inner\" >\n          <a class=\"block plain\" href=\"https:\/\/candanmezili.com\/nl\/borst\/gynaecomastie\/\" title=\"Gynaecomastie\" target=\"\">\n            <div class=\"page-box box has-hover\">\n                  <div class=\"box-image\" >\n                      <div class=\"box-image image-cover\" style=\"padding-top:75%;\">\n                      <img decoding=\"async\" width=\"300\" height=\"169\" src=\"https:\/\/candanmezili.com\/wp-content\/uploads\/2024\/08\/Jinekomasti-Nedir_-Jinekomasti-Ameliyati-Nasil-Yapilir-300x169.png\" class=\"attachment-medium size-medium\" alt=\"Jinekomasti Nedir_ Jinekomasti Ameliyat\u0131 Nas\u0131l Yap\u0131l\u0131r\" srcset=\"https:\/\/candanmezili.com\/wp-content\/uploads\/2024\/08\/Jinekomasti-Nedir_-Jinekomasti-Ameliyati-Nasil-Yapilir-300x169.png 300w, https:\/\/candanmezili.com\/wp-content\/uploads\/2024\/08\/Jinekomasti-Nedir_-Jinekomasti-Ameliyati-Nasil-Yapilir-1024x576.png 1024w, https:\/\/candanmezili.com\/wp-content\/uploads\/2024\/08\/Jinekomasti-Nedir_-Jinekomasti-Ameliyati-Nasil-Yapilir-768x432.png 768w, https:\/\/candanmezili.com\/wp-content\/uploads\/2024\/08\/Jinekomasti-Nedir_-Jinekomasti-Ameliyati-Nasil-Yapilir-1536x864.png 1536w, https:\/\/candanmezili.com\/wp-content\/uploads\/2024\/08\/Jinekomasti-Nedir_-Jinekomasti-Ameliyati-Nasil-Yapilir-640x360.png 640w, https:\/\/candanmezili.com\/wp-content\/uploads\/2024\/08\/Jinekomasti-Nedir_-Jinekomasti-Ameliyati-Nasil-Yapilir-400x225.png 400w, https:\/\/candanmezili.com\/wp-content\/uploads\/2024\/08\/Jinekomasti-Nedir_-Jinekomasti-Ameliyati-Nasil-Yapilir.jpg 1600w\" sizes=\"(max-width: 300px) 100vw, 300px\" title=\"\">                      <\/div>\n                                                              <\/div>\n                  <div class=\"box-text text-center dark\" style=\"background-color:rgb(0, 78, 123);\">\n                        <div class=\"box-text-inner\">\n                            <p>Gynaecomastie<\/p>\n                        <\/div>\n                  <\/div>\n              <\/div>\n            <\/a>\n            <\/div>\n          <\/div><\/div>\n\t\t<\/div>\n\t\t\t\t\t<\/div>\n\n\t\n<\/div>\n","protected":false},"excerpt":{"rendered":"","protected":false},"author":2,"featured_media":0,"parent":0,"menu_order":0,"comment_status":"closed","ping_status":"closed","template":"","meta":{"inline_featured_image":false,"footnotes":""},"class_list":["post-42927","page","type-page","status-publish","hentry"],"_links":{"self":[{"href":"https:\/\/candanmezili.com\/nl\/wp-json\/wp\/v2\/pages\/42927","targetHints":{"allow":["GET"]}}],"collection":[{"href":"https:\/\/candanmezili.com\/nl\/wp-json\/wp\/v2\/pages"}],"about":[{"href":"https:\/\/candanmezili.com\/nl\/wp-json\/wp\/v2\/types\/page"}],"author":[{"embeddable":true,"href":"https:\/\/candanmezili.com\/nl\/wp-json\/wp\/v2\/users\/2"}],"replies":[{"embeddable":true,"href":"https:\/\/candanmezili.com\/nl\/wp-json\/wp\/v2\/comments?post=42927"}],"version-history":[{"count":2,"href":"https:\/\/candanmezili.com\/nl\/wp-json\/wp\/v2\/pages\/42927\/revisions"}],"predecessor-version":[{"id":42943,"href":"https:\/\/candanmezili.com\/nl\/wp-json\/wp\/v2\/pages\/42927\/revisions\/42943"}],"wp:attachment":[{"href":"https:\/\/candanmezili.com\/nl\/wp-json\/wp\/v2\/media?parent=42927"}],"curies":[{"name":"wp","href":"https:\/\/api.w.org\/{rel}","templated":true}]}}