{"id":43051,"date":"2017-07-28T14:44:08","date_gmt":"2017-07-28T11:44:08","guid":{"rendered":"https:\/\/candanmezili.com\/?page_id=43051"},"modified":"2025-12-15T11:02:52","modified_gmt":"2025-12-15T08:02:52","slug":"overig","status":"publish","type":"page","link":"https:\/\/candanmezili.com\/nl\/overig\/","title":{"rendered":"Overig"},"content":{"rendered":"<div class=\"row\"  id=\"row-1165106917\">\n\n\t<div id=\"col-1978858591\" class=\"col large-12\"  >\n\t\t\t\t<div class=\"col-inner\"  >\n\t\t\t\n\t\t\t\n\t<div id=\"gap-4345807\" class=\"gap-element clearfix\" style=\"display:block; height:auto;\">\n\t\t\n<style>\n#gap-4345807 {\n  padding-top: 30px;\n}\n<\/style>\n\t<\/div>\n\t\n\n  \n    <div class=\"row large-columns-3 medium-columns- small-columns-2\" >\n  <div class=\"page-col col\" >\n          <div class=\"col-inner\" >\n          <a class=\"block plain\" href=\"https:\/\/candanmezili.com\/nl\/overig\/cosmetische-vrouwelijke-genitale-chirurgie\/\" title=\"Cosmetische vrouwelijke genitale chirurgie\" target=\"\">\n            <div class=\"page-box box has-hover\">\n                  <div class=\"box-image\" >\n                      <div class=\"box-image image-cover\" style=\"padding-top:75%;\">\n                      <img decoding=\"async\" width=\"300\" height=\"169\" src=\"https:\/\/candanmezili.com\/wp-content\/uploads\/2024\/08\/Genital-Estetik-Nedir_-Kimlere-Nasil-Yapilir-300x169.png\" class=\"attachment-medium size-medium\" alt=\"Genital Estetik Nedir_ Kimlere, Nas\u0131l Yap\u0131l\u0131r\" srcset=\"https:\/\/candanmezili.com\/wp-content\/uploads\/2024\/08\/Genital-Estetik-Nedir_-Kimlere-Nasil-Yapilir-300x169.png 300w, https:\/\/candanmezili.com\/wp-content\/uploads\/2024\/08\/Genital-Estetik-Nedir_-Kimlere-Nasil-Yapilir-1024x576.png 1024w, https:\/\/candanmezili.com\/wp-content\/uploads\/2024\/08\/Genital-Estetik-Nedir_-Kimlere-Nasil-Yapilir-768x432.png 768w, https:\/\/candanmezili.com\/wp-content\/uploads\/2024\/08\/Genital-Estetik-Nedir_-Kimlere-Nasil-Yapilir-1536x864.png 1536w, https:\/\/candanmezili.com\/wp-content\/uploads\/2024\/08\/Genital-Estetik-Nedir_-Kimlere-Nasil-Yapilir-640x360.png 640w, https:\/\/candanmezili.com\/wp-content\/uploads\/2024\/08\/Genital-Estetik-Nedir_-Kimlere-Nasil-Yapilir-400x225.png 400w, https:\/\/candanmezili.com\/wp-content\/uploads\/2024\/08\/Genital-Estetik-Nedir_-Kimlere-Nasil-Yapilir.jpg 1600w\" sizes=\"(max-width: 300px) 100vw, 300px\" title=\"\">                      <\/div>\n                                                              <\/div>\n                  <div class=\"box-text text-center dark\" style=\"background-color:rgb(0, 78, 123);\">\n                        <div class=\"box-text-inner\">\n                            <p>Cosmetische vrouwelijke genitale chirurgie<\/p>\n                        <\/div>\n                  <\/div>\n              <\/div>\n            <\/a>\n            <\/div>\n          <\/div><div class=\"page-col col\" >\n          <div class=\"col-inner\" >\n          <a class=\"block plain\" href=\"https:\/\/candanmezili.com\/nl\/overig\/huidkankerchirurgie\/\" title=\"Huidkankerchirurgie\" target=\"\">\n            <div class=\"page-box box has-hover\">\n                  <div class=\"box-image\" >\n                      <div class=\"box-image image-cover\" style=\"padding-top:75%;\">\n                      <img decoding=\"async\" width=\"300\" height=\"132\" src=\"https:\/\/candanmezili.com\/wp-content\/uploads\/2023\/06\/What-Are-the-Symptoms-of-Skin-Cancer-300x132.jpg\" class=\"attachment-medium size-medium\" alt=\"What Are the Symptoms of Skin Cancer?\" srcset=\"https:\/\/candanmezili.com\/wp-content\/uploads\/2023\/06\/What-Are-the-Symptoms-of-Skin-Cancer-300x132.jpg 300w, https:\/\/candanmezili.com\/wp-content\/uploads\/2023\/06\/What-Are-the-Symptoms-of-Skin-Cancer-1024x449.jpg 1024w, https:\/\/candanmezili.com\/wp-content\/uploads\/2023\/06\/What-Are-the-Symptoms-of-Skin-Cancer-768x337.jpg 768w, https:\/\/candanmezili.com\/wp-content\/uploads\/2023\/06\/What-Are-the-Symptoms-of-Skin-Cancer-640x281.jpg 640w, https:\/\/candanmezili.com\/wp-content\/uploads\/2023\/06\/What-Are-the-Symptoms-of-Skin-Cancer-400x175.jpg 400w, https:\/\/candanmezili.com\/wp-content\/uploads\/2023\/06\/What-Are-the-Symptoms-of-Skin-Cancer.jpg 1140w\" sizes=\"(max-width: 300px) 100vw, 300px\" title=\"\">                      <\/div>\n                                                              <\/div>\n                  <div class=\"box-text text-center dark\" style=\"background-color:rgb(0, 78, 123);\">\n                        <div class=\"box-text-inner\">\n                            <p>Huidkankerchirurgie<\/p>\n                        <\/div>\n                  <\/div>\n              <\/div>\n            <\/a>\n            <\/div>\n          <\/div><div class=\"page-col col\" >\n          <div class=\"col-inner\" >\n          <a class=\"block plain\" href=\"https:\/\/candanmezili.com\/nl\/overig\/penisvergroting\/\" title=\"Penisvergroting\" target=\"\">\n            <div class=\"page-box box has-hover\">\n                  <div class=\"box-image\" >\n                      <div class=\"box-image image-cover\" style=\"padding-top:75%;\">\n                      <img decoding=\"async\" width=\"300\" height=\"117\" src=\"https:\/\/candanmezili.com\/wp-content\/uploads\/2025\/01\/penis-buyutme-ameliyati-300x117.jpg\" class=\"attachment-medium size-medium\" alt=\"\" srcset=\"https:\/\/candanmezili.com\/wp-content\/uploads\/2025\/01\/penis-buyutme-ameliyati-300x117.jpg 300w, https:\/\/candanmezili.com\/wp-content\/uploads\/2025\/01\/penis-buyutme-ameliyati-1024x400.jpg 1024w, https:\/\/candanmezili.com\/wp-content\/uploads\/2025\/01\/penis-buyutme-ameliyati-768x300.jpg 768w, https:\/\/candanmezili.com\/wp-content\/uploads\/2025\/01\/penis-buyutme-ameliyati.jpg 1280w\" sizes=\"(max-width: 300px) 100vw, 300px\" title=\"\">                      <\/div>\n                                                              <\/div>\n                  <div class=\"box-text text-center dark\" style=\"background-color:rgb(0, 78, 123);\">\n                        <div class=\"box-text-inner\">\n                            <p>Penisvergroting<\/p>\n                        <\/div>\n                  <\/div>\n              <\/div>\n            <\/a>\n            <\/div>\n          <\/div><div class=\"page-col col\" >\n          <div class=\"col-inner\" >\n          <a class=\"block plain\" href=\"https:\/\/candanmezili.com\/nl\/overig\/behandeling-van-lipoedeem\/\" title=\"Behandeling van lipoedeem\" target=\"\">\n            <div class=\"page-box box has-hover\">\n                  <div class=\"box-image\" >\n                      <div class=\"box-image image-cover\" style=\"padding-top:75%;\">\n                      <img decoding=\"async\" width=\"300\" height=\"132\" src=\"https:\/\/candanmezili.com\/wp-content\/uploads\/2023\/04\/Lipoedema-Treatment-in-Izmir-Turkey-300x132.jpg\" class=\"attachment-medium size-medium\" alt=\"Lipoedema Treatment in Izmir, Turkey\" srcset=\"https:\/\/candanmezili.com\/wp-content\/uploads\/2023\/04\/Lipoedema-Treatment-in-Izmir-Turkey-300x132.jpg 300w, https:\/\/candanmezili.com\/wp-content\/uploads\/2023\/04\/Lipoedema-Treatment-in-Izmir-Turkey-1024x449.jpg 1024w, https:\/\/candanmezili.com\/wp-content\/uploads\/2023\/04\/Lipoedema-Treatment-in-Izmir-Turkey-768x337.jpg 768w, https:\/\/candanmezili.com\/wp-content\/uploads\/2023\/04\/Lipoedema-Treatment-in-Izmir-Turkey-640x281.jpg 640w, https:\/\/candanmezili.com\/wp-content\/uploads\/2023\/04\/Lipoedema-Treatment-in-Izmir-Turkey-400x175.jpg 400w, https:\/\/candanmezili.com\/wp-content\/uploads\/2023\/04\/Lipoedema-Treatment-in-Izmir-Turkey.jpg 1140w\" sizes=\"(max-width: 300px) 100vw, 300px\" title=\"\">                      <\/div>\n                                                              <\/div>\n                  <div class=\"box-text text-center dark\" style=\"background-color:rgb(0, 78, 123);\">\n                        <div class=\"box-text-inner\">\n                            <p>Behandeling van lipoedeem<\/p>\n                        <\/div>\n                  <\/div>\n              <\/div>\n            <\/a>\n            <\/div>\n          <\/div><\/div>\n\t\t<\/div>\n\t\t\t\t\t<\/div>\n\n\t\n<\/div>\n","protected":false},"excerpt":{"rendered":"","protected":false},"author":2,"featured_media":0,"parent":0,"menu_order":0,"comment_status":"closed","ping_status":"closed","template":"","meta":{"inline_featured_image":false,"footnotes":""},"class_list":["post-43051","page","type-page","status-publish","hentry"],"_links":{"self":[{"href":"https:\/\/candanmezili.com\/nl\/wp-json\/wp\/v2\/pages\/43051","targetHints":{"allow":["GET"]}}],"collection":[{"href":"https:\/\/candanmezili.com\/nl\/wp-json\/wp\/v2\/pages"}],"about":[{"href":"https:\/\/candanmezili.com\/nl\/wp-json\/wp\/v2\/types\/page"}],"author":[{"embeddable":true,"href":"https:\/\/candanmezili.com\/nl\/wp-json\/wp\/v2\/users\/2"}],"replies":[{"embeddable":true,"href":"https:\/\/candanmezili.com\/nl\/wp-json\/wp\/v2\/comments?post=43051"}],"version-history":[{"count":1,"href":"https:\/\/candanmezili.com\/nl\/wp-json\/wp\/v2\/pages\/43051\/revisions"}],"predecessor-version":[{"id":43065,"href":"https:\/\/candanmezili.com\/nl\/wp-json\/wp\/v2\/pages\/43051\/revisions\/43065"}],"wp:attachment":[{"href":"https:\/\/candanmezili.com\/nl\/wp-json\/wp\/v2\/media?parent=43051"}],"curies":[{"name":"wp","href":"https:\/\/api.w.org\/{rel}","templated":true}]}}