{"id":42528,"date":"2017-07-25T16:12:18","date_gmt":"2017-07-25T13:12:18","guid":{"rendered":"https:\/\/candanmezili.com\/?page_id=42528"},"modified":"2025-12-12T16:18:34","modified_gmt":"2025-12-12T13:18:34","slug":"kropp","status":"publish","type":"page","link":"https:\/\/candanmezili.com\/sv\/kropp\/","title":{"rendered":"Kropp"},"content":{"rendered":"<div class=\"row\"  id=\"row-616594946\">\n\t<div id=\"col-1332102868\" class=\"col medium-12 small-12 large-12\"  >\n\t\t\t\t<div class=\"col-inner\"  >\n\t\t\t\n\t\t\t\n<p>Izmir \u00e4r en av de billigaste och b\u00e4sta st\u00e4derna f\u00f6r personer som kommer till Turkiet f\u00f6r kroppsestetik.<\/p>\n<p>Candan Mezilis klinik \u00e4r en av de mest popul\u00e4ra klinikerna f\u00f6r <strong>kroppsestetik i Izmir.<\/strong><\/p>\n<p>Du kan ta del av alla detaljer om kroppsestetik i Izmir, s\u00e5som patientrecensioner fr\u00e5n v\u00e5r klinik, kostnader samt f\u00f6re- och efterbilder f\u00f6r kroppsestetik i Izmir.<\/p>\n<p>Om du vill komma i kontakt med oss ang\u00e5ende <strong>paket f\u00f6r kroppsestetik i Turkiet<\/strong>, kontakta oss via WhatsApp eller via alternativen nedan.\u00e7<\/p>\n<div id=\"ez-toc-container\" class=\"ez-toc-v2_0_82_2 counter-hierarchy ez-toc-counter ez-toc-custom ez-toc-container-direction\">\n<div class=\"ez-toc-title-container\">\n<p class=\"ez-toc-title\" style=\"cursor:inherit\">Textinneh\u00e5ll<\/p>\n<span class=\"ez-toc-title-toggle\"><a href=\"#\" class=\"ez-toc-pull-right ez-toc-btn ez-toc-btn-xs ez-toc-btn-default ez-toc-toggle\" aria-label=\"Toggle Table of Content\"><span class=\"ez-toc-js-icon-con\"><span class=\"\"><span class=\"eztoc-hide\" style=\"display:none;\">Toggle<\/span><span class=\"ez-toc-icon-toggle-span\"><svg style=\"fill: #ffffff;color:#ffffff\" xmlns=\"http:\/\/www.w3.org\/2000\/svg\" class=\"list-377408\" width=\"20px\" height=\"20px\" viewBox=\"0 0 24 24\" fill=\"none\"><path d=\"M6 6H4v2h2V6zm14 0H8v2h12V6zM4 11h2v2H4v-2zm16 0H8v2h12v-2zM4 16h2v2H4v-2zm16 0H8v2h12v-2z\" fill=\"currentColor\"><\/path><\/svg><svg style=\"fill: #ffffff;color:#ffffff\" class=\"arrow-unsorted-368013\" xmlns=\"http:\/\/www.w3.org\/2000\/svg\" width=\"10px\" height=\"10px\" viewBox=\"0 0 24 24\" version=\"1.2\" baseProfile=\"tiny\"><path d=\"M18.2 9.3l-6.2-6.3-6.2 6.3c-.2.2-.3.4-.3.7s.1.5.3.7c.2.2.4.3.7.3h11c.3 0 .5-.1.7-.3.2-.2.3-.5.3-.7s-.1-.5-.3-.7zM5.8 14.7l6.2 6.3 6.2-6.3c.2-.2.3-.5.3-.7s-.1-.5-.3-.7c-.2-.2-.4-.3-.7-.3h-11c-.3 0-.5.1-.7.3-.2.2-.3.5-.3.7s.1.5.3.7z\"\/><\/svg><\/span><\/span><\/span><\/a><\/span><\/div>\n<nav><ul class='ez-toc-list ez-toc-list-level-1 ' ><li class='ez-toc-page-1 ez-toc-heading-level-2'><a class=\"ez-toc-link ez-toc-heading-1\" href=\"https:\/\/candanmezili.com\/sv\/kropp\/#Hur_hog_ar_framgangsgraden_for_kroppsestetik_i_Turkiet\" >Hur h\u00f6g \u00e4r framg\u00e5ngsgraden f\u00f6r kroppsestetik i Turkiet?<\/a><\/li><li class='ez-toc-page-1 ez-toc-heading-level-2'><a class=\"ez-toc-link ez-toc-heading-2\" href=\"https:\/\/candanmezili.com\/sv\/kropp\/#Hur_manga_personer_genomgar_kroppsestetik_i_Turkiet\" >Hur m\u00e5nga personer genomg\u00e5r kroppsestetik i Turkiet?<\/a><\/li><\/ul><\/nav><\/div>\n<h2><span class=\"ez-toc-section\" id=\"Hur_hog_ar_framgangsgraden_for_kroppsestetik_i_Turkiet\"><\/span>Hur h\u00f6g \u00e4r framg\u00e5ngsgraden f\u00f6r kroppsestetik i Turkiet?<span class=\"ez-toc-section-end\"><\/span><\/h2>\n<p>I en studie ledd av <a href=\"https:\/\/pubmed.ncbi.nlm.nih.gov\/26578747\/\" target=\"_blank\" rel=\"noopener\">Dr. Varun Gupta, MD, MPH<\/a> och hans team unders\u00f6ktes s\u00e4kerheten och resultaten av n\u00e4splastik hos ett urval av 4&nbsp;978 patienter. De fann att komplikationsfrekvensen var relativt l\u00e5g, endast 0,7&nbsp;%. De huvudsakliga problemen som observerades var bildandet av blodproppar (hematom) med en frekvens p\u00e5 0,2&nbsp;%, infektioner ocks\u00e5 p\u00e5 0,2&nbsp;% samt lungrelaterade komplikationer p\u00e5 0,1&nbsp;%. Det noterades att risken f\u00f6r komplikationer \u00f6kade hos patienter \u00f6ver 40 \u00e5r samt hos dem som genomgick ytterligare kosmetiska ingrepp ut\u00f6ver n\u00e4splastik.<\/p>\n<h2><span class=\"ez-toc-section\" id=\"Hur_manga_personer_genomgar_kroppsestetik_i_Turkiet\"><\/span>Hur m\u00e5nga personer genomg\u00e5r kroppsestetik i Turkiet?<span class=\"ez-toc-section-end\"><\/span><\/h2>\n<p>Enligt <a href=\"https:\/\/www.plasticsurgery.org\/news\/plastic-surgery-statistics\" target=\"_blank\" rel=\"noopener\">American Society of Plastic Surgeons<\/a> skedde det under 2022 betydande \u00f6kningar av olika kroppsestetiska ingrepp j\u00e4mf\u00f6rt med 2019. Fettsugning uppgick till 325&nbsp;669 ingrepp, en \u00f6kning med 23&nbsp;%. Bukplastik utf\u00f6rdes 161&nbsp;948 g\u00e5nger, en \u00f6kning med 37&nbsp;%. Br\u00f6stf\u00f6rstoringar uppgick till 298&nbsp;568 ingrepp, vilket motsvarar en \u00f6kning med 4&nbsp;%. Br\u00f6stf\u00f6rminskningar \u00f6kade kraftigt med 54&nbsp;% och n\u00e5dde 71&nbsp;364 ingrepp. \u00d6verarmslyft (brachioplastik) \u00f6kade med 23&nbsp;% med totalt 21&nbsp;429 ingrepp. Underkroppslyft \u00f6kade ocks\u00e5 med 28&nbsp;% och uppgick till 10&nbsp;445 ingrepp. Totalt utf\u00f6rdes 1&nbsp;498&nbsp;361 kosmetiska kirurgiska ingrepp under 2022, vilket motsvarar en \u00f6kning med 19&nbsp;% sedan 2019. Dessa siffror belyser den v\u00e4xande trenden inom kroppsestetisk kirurgi.<\/p>\n\t<div id=\"gap-1055580520\" class=\"gap-element clearfix\" style=\"display:block; height:auto;\">\n\t\t\n<style>\n#gap-1055580520 {\n  padding-top: 30px;\n}\n<\/style>\n\t<\/div>\n\t\n\n  \n    <div class=\"row large-columns-3 medium-columns- small-columns-2\" >\n  <div class=\"page-col col\" >\n          <div class=\"col-inner\" >\n          <a class=\"block plain\" href=\"https:\/\/candanmezili.com\/sv\/kropp\/fettsugning\/\" title=\"Fettsugning\" target=\"\">\n            <div class=\"page-box box has-hover\">\n                  <div class=\"box-image\" >\n                      <div class=\"box-image image-cover\" style=\"padding-top:75%;\">\n                      <img decoding=\"async\" width=\"300\" height=\"169\" src=\"https:\/\/candanmezili.com\/wp-content\/uploads\/2024\/08\/Liposuction-Nedir_-Ameliyat-ve-Iyilesme-Sureci-300x169.png\" class=\"attachment-medium size-medium\" alt=\"Liposuction Nedir_ Ameliyat ve I\u0307yiles\u0327me Su\u0308reci\" srcset=\"https:\/\/candanmezili.com\/wp-content\/uploads\/2024\/08\/Liposuction-Nedir_-Ameliyat-ve-Iyilesme-Sureci-300x169.png 300w, https:\/\/candanmezili.com\/wp-content\/uploads\/2024\/08\/Liposuction-Nedir_-Ameliyat-ve-Iyilesme-Sureci-1024x576.png 1024w, https:\/\/candanmezili.com\/wp-content\/uploads\/2024\/08\/Liposuction-Nedir_-Ameliyat-ve-Iyilesme-Sureci-768x432.png 768w, https:\/\/candanmezili.com\/wp-content\/uploads\/2024\/08\/Liposuction-Nedir_-Ameliyat-ve-Iyilesme-Sureci-1536x864.png 1536w, https:\/\/candanmezili.com\/wp-content\/uploads\/2024\/08\/Liposuction-Nedir_-Ameliyat-ve-Iyilesme-Sureci-640x360.png 640w, https:\/\/candanmezili.com\/wp-content\/uploads\/2024\/08\/Liposuction-Nedir_-Ameliyat-ve-Iyilesme-Sureci-400x225.png 400w, https:\/\/candanmezili.com\/wp-content\/uploads\/2024\/08\/Liposuction-Nedir_-Ameliyat-ve-Iyilesme-Sureci.jpg 1600w\" sizes=\"(max-width: 300px) 100vw, 300px\" title=\"\">                      <\/div>\n                                                              <\/div>\n                  <div class=\"box-text text-center dark\" style=\"background-color:rgb(0, 78, 123);\">\n                        <div class=\"box-text-inner\">\n                            <p>Fettsugning<\/p>\n                        <\/div>\n                  <\/div>\n              <\/div>\n            <\/a>\n            <\/div>\n          <\/div><div class=\"page-col col\" >\n          <div class=\"col-inner\" >\n          <a class=\"block plain\" href=\"https:\/\/candanmezili.com\/sv\/kropp\/bukplastik-tummy-tuck\/\" title=\"Bukplastik (Tummy Tuck)\" target=\"\">\n            <div class=\"page-box box has-hover\">\n                  <div class=\"box-image\" >\n                      <div class=\"box-image image-cover\" style=\"padding-top:75%;\">\n                      <img decoding=\"async\" width=\"300\" height=\"169\" src=\"https:\/\/candanmezili.com\/wp-content\/uploads\/2024\/08\/Karin-Germe-Ameliyati-Abdominoplasti-300x169.png\" class=\"attachment-medium size-medium\" alt=\"Kar\u0131n Germe Ameliyat\u0131 (Abdominoplasti)\" srcset=\"https:\/\/candanmezili.com\/wp-content\/uploads\/2024\/08\/Karin-Germe-Ameliyati-Abdominoplasti-300x169.png 300w, https:\/\/candanmezili.com\/wp-content\/uploads\/2024\/08\/Karin-Germe-Ameliyati-Abdominoplasti-1024x576.png 1024w, https:\/\/candanmezili.com\/wp-content\/uploads\/2024\/08\/Karin-Germe-Ameliyati-Abdominoplasti-768x432.png 768w, https:\/\/candanmezili.com\/wp-content\/uploads\/2024\/08\/Karin-Germe-Ameliyati-Abdominoplasti-1536x864.png 1536w, https:\/\/candanmezili.com\/wp-content\/uploads\/2024\/08\/Karin-Germe-Ameliyati-Abdominoplasti-640x360.png 640w, https:\/\/candanmezili.com\/wp-content\/uploads\/2024\/08\/Karin-Germe-Ameliyati-Abdominoplasti-400x225.png 400w, https:\/\/candanmezili.com\/wp-content\/uploads\/2024\/08\/Karin-Germe-Ameliyati-Abdominoplasti.jpg 1600w\" sizes=\"(max-width: 300px) 100vw, 300px\" title=\"\">                      <\/div>\n                                                              <\/div>\n                  <div class=\"box-text text-center dark\" style=\"background-color:rgb(0, 78, 123);\">\n                        <div class=\"box-text-inner\">\n                            <p>Bukplastik (Tummy Tuck)<\/p>\n                        <\/div>\n                  <\/div>\n              <\/div>\n            <\/a>\n            <\/div>\n          <\/div><div class=\"page-col col\" >\n          <div class=\"col-inner\" >\n          <a class=\"block plain\" href=\"https:\/\/candanmezili.com\/sv\/kropp\/brazilian-butt-lift\/\" title=\"Brazilian butt lift\" target=\"\">\n            <div class=\"page-box box has-hover\">\n                  <div class=\"box-image\" >\n                      <div class=\"box-image image-cover\" style=\"padding-top:75%;\">\n                      <img decoding=\"async\" width=\"300\" height=\"169\" src=\"https:\/\/candanmezili.com\/wp-content\/uploads\/2024\/08\/Kalca-Popo-Estetigi-Nedir-Ameliyati-Nasil-Yapilir-300x169.png\" class=\"attachment-medium size-medium\" alt=\"Kalc\u0327a (Popo) Estetig\u0306i Nedir, Ameliyat\u0131 Nas\u0131l Yap\u0131l\u0131r\" srcset=\"https:\/\/candanmezili.com\/wp-content\/uploads\/2024\/08\/Kalca-Popo-Estetigi-Nedir-Ameliyati-Nasil-Yapilir-300x169.png 300w, https:\/\/candanmezili.com\/wp-content\/uploads\/2024\/08\/Kalca-Popo-Estetigi-Nedir-Ameliyati-Nasil-Yapilir-1024x576.png 1024w, https:\/\/candanmezili.com\/wp-content\/uploads\/2024\/08\/Kalca-Popo-Estetigi-Nedir-Ameliyati-Nasil-Yapilir-768x432.png 768w, https:\/\/candanmezili.com\/wp-content\/uploads\/2024\/08\/Kalca-Popo-Estetigi-Nedir-Ameliyati-Nasil-Yapilir-1536x864.png 1536w, https:\/\/candanmezili.com\/wp-content\/uploads\/2024\/08\/Kalca-Popo-Estetigi-Nedir-Ameliyati-Nasil-Yapilir-640x360.png 640w, https:\/\/candanmezili.com\/wp-content\/uploads\/2024\/08\/Kalca-Popo-Estetigi-Nedir-Ameliyati-Nasil-Yapilir-400x225.png 400w, https:\/\/candanmezili.com\/wp-content\/uploads\/2024\/08\/Kalca-Popo-Estetigi-Nedir-Ameliyati-Nasil-Yapilir.jpg 1600w\" sizes=\"(max-width: 300px) 100vw, 300px\" title=\"\">                      <\/div>\n                                                              <\/div>\n                  <div class=\"box-text text-center dark\" style=\"background-color:rgb(0, 78, 123);\">\n                        <div class=\"box-text-inner\">\n                            <p>Brazilian butt lift<\/p>\n                        <\/div>\n                  <\/div>\n              <\/div>\n            <\/a>\n            <\/div>\n          <\/div><div class=\"page-col col\" >\n          <div class=\"col-inner\" >\n          <a class=\"block plain\" href=\"https:\/\/candanmezili.com\/sv\/kropp\/armlift\/\" title=\"Armlift\" target=\"\">\n            <div class=\"page-box box has-hover\">\n                  <div class=\"box-image\" >\n                      <div class=\"box-image image-cover\" style=\"padding-top:75%;\">\n                      <img decoding=\"async\" width=\"300\" height=\"200\" src=\"https:\/\/candanmezili.com\/wp-content\/uploads\/2024\/08\/kol-germe-300x200.jpg\" class=\"attachment-medium size-medium\" alt=\"\" srcset=\"https:\/\/candanmezili.com\/wp-content\/uploads\/2024\/08\/kol-germe-300x200.jpg 300w, https:\/\/candanmezili.com\/wp-content\/uploads\/2024\/08\/kol-germe-768x512.jpg 768w, https:\/\/candanmezili.com\/wp-content\/uploads\/2024\/08\/kol-germe-640x427.jpg 640w, https:\/\/candanmezili.com\/wp-content\/uploads\/2024\/08\/kol-germe-400x267.jpg 400w, https:\/\/candanmezili.com\/wp-content\/uploads\/2024\/08\/kol-germe.jpg 1000w\" sizes=\"(max-width: 300px) 100vw, 300px\" title=\"\">                      <\/div>\n                                                              <\/div>\n                  <div class=\"box-text text-center dark\" style=\"background-color:rgb(0, 78, 123);\">\n                        <div class=\"box-text-inner\">\n                            <p>Armlift<\/p>\n                        <\/div>\n                  <\/div>\n              <\/div>\n            <\/a>\n            <\/div>\n          <\/div><div class=\"page-col col\" >\n          <div class=\"col-inner\" >\n          <a class=\"block plain\" href=\"https:\/\/candanmezili.com\/sv\/kropp\/larlift\/\" title=\"L\u00e5rlift\" target=\"\">\n            <div class=\"page-box box has-hover\">\n                  <div class=\"box-image\" >\n                      <div class=\"box-image image-cover\" style=\"padding-top:75%;\">\n                      <img decoding=\"async\" width=\"300\" height=\"169\" src=\"https:\/\/candanmezili.com\/wp-content\/uploads\/2024\/08\/Uyluk-Ust-Bacak-Germe-Operasyonu-300x169.png\" class=\"attachment-medium size-medium\" alt=\"Uyluk (\u00dcst Bacak) Germe Operasyonu\" srcset=\"https:\/\/candanmezili.com\/wp-content\/uploads\/2024\/08\/Uyluk-Ust-Bacak-Germe-Operasyonu-300x169.png 300w, https:\/\/candanmezili.com\/wp-content\/uploads\/2024\/08\/Uyluk-Ust-Bacak-Germe-Operasyonu-1024x576.png 1024w, https:\/\/candanmezili.com\/wp-content\/uploads\/2024\/08\/Uyluk-Ust-Bacak-Germe-Operasyonu-768x432.png 768w, https:\/\/candanmezili.com\/wp-content\/uploads\/2024\/08\/Uyluk-Ust-Bacak-Germe-Operasyonu-1536x864.png 1536w, https:\/\/candanmezili.com\/wp-content\/uploads\/2024\/08\/Uyluk-Ust-Bacak-Germe-Operasyonu-640x360.png 640w, https:\/\/candanmezili.com\/wp-content\/uploads\/2024\/08\/Uyluk-Ust-Bacak-Germe-Operasyonu-400x225.png 400w, https:\/\/candanmezili.com\/wp-content\/uploads\/2024\/08\/Uyluk-Ust-Bacak-Germe-Operasyonu.jpg 1600w\" sizes=\"(max-width: 300px) 100vw, 300px\" title=\"\">                      <\/div>\n                                                              <\/div>\n                  <div class=\"box-text text-center dark\" style=\"background-color:rgb(0, 78, 123);\">\n                        <div class=\"box-text-inner\">\n                            <p>L\u00e5rlift<\/p>\n                        <\/div>\n                  <\/div>\n              <\/div>\n            <\/a>\n            <\/div>\n          <\/div><div class=\"page-col col\" >\n          <div class=\"col-inner\" >\n          <a class=\"block plain\" href=\"https:\/\/candanmezili.com\/sv\/kropp\/kosmetisk-benskirurgi\/\" title=\"Kosmetisk benskirurgi\" target=\"\">\n            <div class=\"page-box box has-hover\">\n                  <div class=\"box-image\" >\n                      <div class=\"box-image image-cover\" style=\"padding-top:75%;\">\n                      <img decoding=\"async\" width=\"300\" height=\"169\" src=\"https:\/\/candanmezili.com\/wp-content\/uploads\/2024\/08\/Izmir-Bacak-Estetigi-300x169.png\" class=\"attachment-medium size-medium\" alt=\"I\u0307zmir Bacak Estetig\u0306i\" srcset=\"https:\/\/candanmezili.com\/wp-content\/uploads\/2024\/08\/Izmir-Bacak-Estetigi-300x169.png 300w, https:\/\/candanmezili.com\/wp-content\/uploads\/2024\/08\/Izmir-Bacak-Estetigi-1024x576.png 1024w, https:\/\/candanmezili.com\/wp-content\/uploads\/2024\/08\/Izmir-Bacak-Estetigi-768x432.png 768w, https:\/\/candanmezili.com\/wp-content\/uploads\/2024\/08\/Izmir-Bacak-Estetigi-1536x864.png 1536w, https:\/\/candanmezili.com\/wp-content\/uploads\/2024\/08\/Izmir-Bacak-Estetigi-640x360.png 640w, https:\/\/candanmezili.com\/wp-content\/uploads\/2024\/08\/Izmir-Bacak-Estetigi-400x225.png 400w, https:\/\/candanmezili.com\/wp-content\/uploads\/2024\/08\/Izmir-Bacak-Estetigi.jpg 1600w\" sizes=\"(max-width: 300px) 100vw, 300px\" title=\"\">                      <\/div>\n                                                              <\/div>\n                  <div class=\"box-text text-center dark\" style=\"background-color:rgb(0, 78, 123);\">\n                        <div class=\"box-text-inner\">\n                            <p>Kosmetisk benskirurgi<\/p>\n                        <\/div>\n                  <\/div>\n              <\/div>\n            <\/a>\n            <\/div>\n          <\/div><div class=\"page-col col\" >\n          <div class=\"col-inner\" >\n          <a class=\"block plain\" href=\"https:\/\/candanmezili.com\/sv\/kropp\/kroppsformning-efter-bariatrisk-kirurgi\/\" title=\"Kroppsformning efter bariatrisk kirurgi\" target=\"\">\n            <div class=\"page-box box has-hover\">\n                  <div class=\"box-image\" >\n                      <div class=\"box-image image-cover\" style=\"padding-top:75%;\">\n                      <img decoding=\"async\" width=\"300\" height=\"169\" src=\"https:\/\/candanmezili.com\/wp-content\/uploads\/2024\/08\/Kilo-Verme-Sonrasi-Estetik-Post-Bariatrik-Cerrahi-300x169.png\" class=\"attachment-medium size-medium\" alt=\"Kilo Verme Sonras\u0131 Estetik (Post-Bariatrik Cerrahi)\" srcset=\"https:\/\/candanmezili.com\/wp-content\/uploads\/2024\/08\/Kilo-Verme-Sonrasi-Estetik-Post-Bariatrik-Cerrahi-300x169.png 300w, https:\/\/candanmezili.com\/wp-content\/uploads\/2024\/08\/Kilo-Verme-Sonrasi-Estetik-Post-Bariatrik-Cerrahi-1024x576.png 1024w, https:\/\/candanmezili.com\/wp-content\/uploads\/2024\/08\/Kilo-Verme-Sonrasi-Estetik-Post-Bariatrik-Cerrahi-768x432.png 768w, https:\/\/candanmezili.com\/wp-content\/uploads\/2024\/08\/Kilo-Verme-Sonrasi-Estetik-Post-Bariatrik-Cerrahi-1536x864.png 1536w, https:\/\/candanmezili.com\/wp-content\/uploads\/2024\/08\/Kilo-Verme-Sonrasi-Estetik-Post-Bariatrik-Cerrahi-640x360.png 640w, https:\/\/candanmezili.com\/wp-content\/uploads\/2024\/08\/Kilo-Verme-Sonrasi-Estetik-Post-Bariatrik-Cerrahi-400x225.png 400w, https:\/\/candanmezili.com\/wp-content\/uploads\/2024\/08\/Kilo-Verme-Sonrasi-Estetik-Post-Bariatrik-Cerrahi.jpg 1600w\" sizes=\"(max-width: 300px) 100vw, 300px\" title=\"\">                      <\/div>\n                                                              <\/div>\n                  <div class=\"box-text text-center dark\" style=\"background-color:rgb(0, 78, 123);\">\n                        <div class=\"box-text-inner\">\n                            <p>Kroppsformning efter bariatrisk kirurgi<\/p>\n                        <\/div>\n                  <\/div>\n              <\/div>\n            <\/a>\n            <\/div>\n          <\/div><\/div>\n\t\t<\/div>\n\t\t\t\t\t<\/div>\n\n\t<\/div>\n","protected":false},"excerpt":{"rendered":"","protected":false},"author":2,"featured_media":0,"parent":0,"menu_order":0,"comment_status":"closed","ping_status":"closed","template":"","meta":{"inline_featured_image":false,"footnotes":""},"class_list":["post-42528","page","type-page","status-publish","hentry"],"_links":{"self":[{"href":"https:\/\/candanmezili.com\/sv\/wp-json\/wp\/v2\/pages\/42528","targetHints":{"allow":["GET"]}}],"collection":[{"href":"https:\/\/candanmezili.com\/sv\/wp-json\/wp\/v2\/pages"}],"about":[{"href":"https:\/\/candanmezili.com\/sv\/wp-json\/wp\/v2\/types\/page"}],"author":[{"embeddable":true,"href":"https:\/\/candanmezili.com\/sv\/wp-json\/wp\/v2\/users\/2"}],"replies":[{"embeddable":true,"href":"https:\/\/candanmezili.com\/sv\/wp-json\/wp\/v2\/comments?post=42528"}],"version-history":[{"count":2,"href":"https:\/\/candanmezili.com\/sv\/wp-json\/wp\/v2\/pages\/42528\/revisions"}],"predecessor-version":[{"id":42530,"href":"https:\/\/candanmezili.com\/sv\/wp-json\/wp\/v2\/pages\/42528\/revisions\/42530"}],"wp:attachment":[{"href":"https:\/\/candanmezili.com\/sv\/wp-json\/wp\/v2\/media?parent=42528"}],"curies":[{"name":"wp","href":"https:\/\/api.w.org\/{rel}","templated":true}]}}